{"id":522,"date":"2023-03-03T11:19:50","date_gmt":"2023-03-03T11:19:50","guid":{"rendered":"https:\/\/transition2primary.eu\/resources\/"},"modified":"2023-03-06T10:20:56","modified_gmt":"2023-03-06T10:20:56","slug":"resources","status":"publish","type":"page","link":"https:\/\/transition2primary.eu\/pt-pt\/resources\/","title":{"rendered":"Recursos"},"content":{"rendered":"<h1><span>Os nossos recursos<\/span><\/h1>\n<div>\n<p><span>Todos os educadores de inf\u00e2ncia, pessoal das escolas prim\u00e1rias, gestores de jardins de inf\u00e2ncia\/escolas prim\u00e1rias e pais t\u00eam um objetivo comum: tornar a integra\u00e7\u00e3o das nossas crian\u00e7as no sistema educativo o mais suave e agrad\u00e1vel poss\u00edvel. Somente compartilhando as nossas experi\u00eancias, preocupa\u00e7\u00f5es, aprendizagens e perce\u00e7\u00f5es seremos capazes de adotar uma abordagem hol\u00edstica centrada no aluno, abrangendo os fatores de prontid\u00e3o, continuidade, inclus\u00e3o e coopera\u00e7\u00e3o.<\/span><\/p>\n<\/div>\n<p><img decoding=\"async\" src=\"\/wp-content\/uploads\/services-shape-01.svg\" alt=\"\"><br \/>\n<img decoding=\"async\" src=\"\/wp-content\/uploads\/2023\/02\/Resources-e1675861956764.jpg\" alt=\"\"><br \/>\n<img decoding=\"async\" src=\"\/wp-content\/uploads\/services-shape-02.svg\" alt=\"\"><\/p>\n<ul>\n<li>\n<h2>Recursos pedag\u00f3gicos<\/h2>\n<div>\n<div class=\"ewa-rteLine\">Um conjunto de recursos pedag\u00f3gicos para o desenvolvimento de compet\u00eancias sociais cognitivas e emocionais das crian\u00e7as antes de passarem pela transi\u00e7\u00e3o para o processo de ensino prim\u00e1rio.<\/div>\n<div class=\"ewa-rteLine\"><\/div>\n<p class=\"ewa-rteLine\">Data de lan\u00e7amento prevista: NOV 2023<\/p>\n<\/div>\n<\/li>\n<li>\n<h2>Curr\u00edculo de forma\u00e7\u00e3o<\/h2>\n<div>\n<div class=\"ewa-rteLine\">Um curr\u00edculo de forma\u00e7\u00e3o transnacional para o pessoal de educa\u00e7\u00e3o e acolhimento no Ensino Pr\u00e9-Escolar que receber\u00e1 forma\u00e7\u00e3o sobre como desenvolver nos alunos as compet\u00eancias de que necessitam para uma transi\u00e7\u00e3o suave e agrad\u00e1vel.<\/div>\n<div class=\"ewa-rteLine\"><\/div>\n<p class=\"ewa-rteLine\">Data de lan\u00e7amento prevista: NOV 2023<\/p>\n<\/div>\n<\/li>\n<li>\n<h2>Oficinas<\/h2>\n<div>\n<div class=\"ewa-rteLine\">Oficinas para pais, professores de educa\u00e7\u00e3o e acolhimento no Ensino Pr\u00e9-Escolar para desenvolver um entendimento comum do per\u00edodo de transi\u00e7\u00e3o.<\/div>\n<div class=\"ewa-rteLine\"><\/div>\n<p class=\"ewa-rteLine\">Data de lan\u00e7amento prevista: Poderia 2024<\/p>\n<\/div>\n<\/li>\n<li>\n<h2>Guia para a transi\u00e7\u00e3o<\/h2>\n<div>\n<div class=\"ewa-rteLine\">Um guia com as melhores pr\u00e1ticas, estudos de caso e metodologias sugeridas para uma transi\u00e7\u00e3o suave e agrad\u00e1vel.<\/div>\n<div class=\"ewa-rteLine\"><\/div>\n<p class=\"ewa-rteLine\">Data de lan\u00e7amento prevista: AUG 2024<\/p>\n<\/div>\n<\/li>\n<li>\n<h2>A comunidade europeia UPSTAIRS<\/h2>\n<div>\n<div class=\"ewa-rteLine\">Um espa\u00e7o comum de colabora\u00e7\u00e3o para pais, educa\u00e7\u00e3o e professores do ensino prim\u00e1rio, encontrarem recursos, comunicarem, trocarem experi\u00eancias e trabalharem em conjunto para colmatar o fosso entre o ensino pr\u00e9-escolar e o ensino prim\u00e1rio.<\/div>\n<div class=\"ewa-rteLine\"><\/div>\n<p class=\"ewa-rteLine\">Em breve estar\u00e1 dispon\u00edvel&#8221;&#8221;<\/p>\n<\/div>\n<\/li>\n<\/ul>\n<div>\n<h3 class=\"ewa-rteLine\">Sobre:<\/h3>\n<div class=\"ewa-rteLine\">O UPSTAIRS \u00e9 um projeto Erasmus+ que visa transformar a transi\u00e7\u00e3o para a escola prim\u00e1ria de um per\u00edodo stressante para um per\u00edodo criativo, resultando em crian\u00e7as felizes, confiantes e colaborativas.\u00bb<\/div>\n<div class=\"ewa-rteLine\"><\/div>\n<\/div>\n<div>\n<h3><span>Erasmus+<\/span><\/h3>\n<p><span>Financiado pela Uni\u00e3o Europeia. Os pontos de vista e opini\u00f5es expressos s\u00e3o, contudo, apenas os do(s) autor(es) e n\u00e3o refletem necessariamente os da Uni\u00e3o Europeia ou da Ag\u00eancia Europeia de Execu\u00e7\u00e3o relativa \u00e0 Educa\u00e7\u00e3o e Cultura (EACEA). Nem a Uni\u00e3o Europeia nem a EACEA podem ser responsabilizadas por eles.<\/span><\/p>\n<p><span>N\u00famero do Projeto<\/span>: 2022-1- KA220-SCH-7767B436<\/p>\n<\/div>\n<p><img decoding=\"async\" src=\"\/wp-content\/uploads\/2023\/02\/Picture1.png\" alt=\"\"><\/p>\n<p><!--more--><br \/>\n<!-- {\"type\":\"layout\",\"children\":[{\"name\":\"resources1\",\"type\":\"section\",\"props\":{\"image_position\":\"center-center\",\"padding\":\"none\",\"style\":\"default\",\"title_breakpoint\":\"xl\",\"title_position\":\"top-left\",\"title_rotation\":\"left\",\"vertical_align\":\"middle\",\"width\":\"large\",\"width_expand\":\"right\"},\"children\":[{\"name\":\"\",\"type\":\"row\",\"children\":[{\"name\":\"\",\"type\":\"column\",\"props\":{\"css\":\"@media (min-width: 960px) {\\n    \\n\\t.el-column { max-width: 453px; }\\n    .el-column .uk-tile {\\n        padding-top: 0;\\n        padding-bottom: 0;\\n        padding-left: 0;\\n    }\\n    \\n}\",\"image_position\":\"center-center\",\"media_overlay_gradient\":\"\",\"padding\":\"small\",\"position_sticky_breakpoint\":\"m\",\"style\":\"default\",\"vertical_align\":\"middle\",\"width_medium\":\"1-3\"},\"children\":[{\"type\":\"headline\",\"props\":{\"content\":\"<span>Os nossos recursos<\\\/span>\",\"margin\":\"remove-vertical\",\"maxwidth\":\"large\",\"maxwidth_breakpoint\":\"m\",\"text_align\":\"left\",\"text_align_breakpoint\":\"m\",\"text_align_fallback\":\"center\",\"title_element\":\"h1\"}},{\"type\":\"text\",\"props\":{\"column_breakpoint\":\"m\",\"content\":\"\n\n<p><span>Todos os educadores de inf\\u00e2ncia, pessoal das escolas prim\\u00e1rias, gestores de jardins de inf\\u00e2ncia\\\/escolas prim\\u00e1rias e pais t\\u00eam um objetivo comum: tornar a integra\\u00e7\\u00e3o das nossas crian\\u00e7as no sistema educativo o mais suave e agrad\\u00e1vel poss\\u00edvel. Somente compartilhando as nossas experi\\u00eancias, preocupa\\u00e7\\u00f5es, aprendizagens e perce\\u00e7\\u00f5es seremos capazes de adotar uma abordagem hol\\u00edstica centrada no aluno, abrangendo os fatores de prontid\\u00e3o, continuidade, inclus\\u00e3o e coopera\\u00e7\\u00e3o.<\\\/span><\\\/p>\",\"margin\":\"default\",\"maxwidth\":\"large\",\"maxwidth_breakpoint\":\"m\",\"text_align\":\"left\",\"text_align_breakpoint\":\"m\",\"text_align_fallback\":\"center\"}}]},{\"type\":\"column\",\"props\":{\"image_position\":\"center-center\",\"media_overlay_gradient\":\"\",\"position_sticky_breakpoint\":\"m\",\"width_medium\":\"2-3\"},\"children\":[{\"type\":\"image\",\"props\":{\"image\":\"wp-content\\\/uploads\\\/services-shape-01.svg\",\"image_height\":\"170\",\"image_loading\":true,\"image_svg_color\":\"\",\"image_svg_inline\":false,\"image_width\":\"170\",\"margin\":\"default\",\"parallax_easing\":\"-1\",\"position\":\"absolute\",\"position_left\":\"-170\",\"position_z_index\":\"0\",\"visibility\":\"xl\"}},{\"type\":\"image\",\"props\":{\"container_padding_remove\":true,\"css\":\"@media (max-width: 959px) {\\n    \\n    .el-element.uk-container-item-padding-remove-right {\\n        width: 100%;\\n        margin-right: 0;\\n    }\\n    \\n}\",\"image\":\"wp-content\\\/uploads\\\/2023\\\/02\\\/Resources-e1675861956764.jpg\",\"image_loading\":true,\"image_svg_color\":\"emphasis\",\"image_width\":\"1510\",\"margin\":\"default\",\"margin_remove_top\":true,\"position\":\"relative\",\"position_z_index\":\"2\",\"text_align\":\"right\"}}]}],\"props\":{\"column_gap\":\"collapse\",\"layout\":\"1-3,2-3\",\"row_gap\":\"collapse\"}}]},{\"name\":\"resources2\",\"type\":\"section\",\"props\":{\"animation\":\"slide-top-small\",\"header_overlay\":\"light\",\"height_viewport\":false,\"image\":\"\",\"image_effect\":\"parallax\",\"image_parallax_easing\":\"1\",\"image_position\":\"bottom-left\",\"media\":\"\",\"padding\":\"large\",\"padding_remove_top\":true,\"style\":\"default\",\"title_breakpoint\":\"xl\",\"title_position\":\"top-left\",\"title_rotation\":\"left\",\"vertical_align\":\"middle\",\"width\":\"\"},\"children\":[{\"type\":\"row\",\"children\":[{\"type\":\"column\",\"props\":{\"image_position\":\"center-center\",\"media_overlay_gradient\":\"\",\"position_sticky_breakpoint\":\"m\"},\"children\":[{\"type\":\"image\",\"props\":{\"image\":\"wp-content\\\/uploads\\\/services-shape-02.svg\",\"image_height\":\"330\",\"image_svg_color\":\"\",\"image_svg_inline\":false,\"image_width\":\"165\",\"margin\":\"default\",\"position\":\"absolute\",\"position_top\":\"-160\",\"position_z_index\":\"1\",\"visibility\":\"xl\"}}]}],\"props\":{\"margin\":\"remove-vertical\"}},{\"type\":\"row\",\"props\":{\"margin\":\"large\",\"width\":\"large\"},\"children\":[{\"type\":\"column\",\"props\":{\"image_position\":\"center-center\",\"media_overlay_gradient\":\"\",\"position_sticky_breakpoint\":\"m\"},\"children\":[{\"type\":\"grid\",\"props\":{\"content_column_breakpoint\":\"m\",\"filter_align\":\"left\",\"filter_all\":true,\"filter_grid_breakpoint\":\"m\",\"filter_grid_width\":\"auto\",\"filter_position\":\"top\",\"filter_style\":\"tab\",\"grid_column_gap\":\"collapse\",\"grid_default\":\"1\",\"grid_medium\":\"3\",\"grid_row_gap\":\"collapse\",\"grid_small\":\"2\",\"icon_width\":80,\"id\":\"services\",\"image_align\":\"top\",\"image_grid_breakpoint\":\"m\",\"image_grid_width\":\"1-2\",\"image_height\":\"68\",\"image_svg_color\":\"emphasis\",\"image_svg_inline\":true,\"image_width\":\"68\",\"item_animation\":true,\"link_margin\":\"medium\",\"link_style\":\"default\",\"link_text\":\"<span uk-icon=\\\"icon: arrow-right; ratio: 1.4\\\"><\\\/span>\",\"margin\":\"remove-vertical\",\"meta_align\":\"below-title\",\"meta_element\":\"div\",\"meta_style\":\"text-meta\",\"panel_link\":true,\"panel_padding\":\"large\",\"panel_style\":\"tile-checked\",\"parallax_easing\":\"1\",\"position\":\"relative\",\"position_z_index\":\"1\",\"show_content\":true,\"show_image\":true,\"show_link\":true,\"show_meta\":true,\"show_title\":true,\"title_align\":\"top\",\"title_element\":\"h2\",\"title_grid_breakpoint\":\"m\",\"title_grid_width\":\"1-2\",\"title_hover_style\":\"reset\",\"title_style\":\"h3\"},\"children\":[{\"type\":\"grid_item\",\"props\":{\"content\":\"\n\n<div class=\\\"ewa-rteLine\\\">Um conjunto de recursos pedag\\u00f3gicos para o desenvolvimento de compet\\u00eancias sociais cognitivas e emocionais das crian\\u00e7as antes de passarem pela transi\\u00e7\\u00e3o para o processo de ensino prim\\u00e1rio.<\\\/div>\\n\n\n<div class=\\\"ewa-rteLine\\\"><\\\/div>\\n\n\n<p class=\\\"ewa-rteLine\\\">Data de lan\\u00e7amento prevista: NOV 2023<\\\/p>\",\"image\":\"\",\"link\":\"\",\"link_text\":\"\",\"title\":\"Recursos pedag\\u00f3gicos\"}},{\"type\":\"grid_item\",\"props\":{\"content\":\"\n\n<div class=\\\"ewa-rteLine\\\">Um curr\\u00edculo de forma\\u00e7\\u00e3o transnacional para o pessoal de educa\\u00e7\\u00e3o e acolhimento no Ensino Pr\\u00e9-Escolar que receber\\u00e1 forma\\u00e7\\u00e3o sobre como desenvolver nos alunos as compet\\u00eancias de que necessitam para uma transi\\u00e7\\u00e3o suave e agrad\\u00e1vel.<\\\/div>\\n\n\n<div class=\\\"ewa-rteLine\\\"><\\\/div>\\n\n\n<p class=\\\"ewa-rteLine\\\">Data de lan\\u00e7amento prevista: NOV 2023<\\\/p>\",\"image\":\"\",\"link\":\"\",\"link_text\":\"\",\"title\":\"Curr\\u00edculo de forma\\u00e7\\u00e3o\"}},{\"type\":\"grid_item\",\"props\":{\"content\":\"\n\n<div class=\\\"ewa-rteLine\\\">Oficinas para pais, professores de educa\\u00e7\\u00e3o e acolhimento no Ensino Pr\\u00e9-Escolar para desenvolver um entendimento comum do per\\u00edodo de transi\\u00e7\\u00e3o.<\\\/div>\\n\n\n<div class=\\\"ewa-rteLine\\\"><\\\/div>\\n\n\n<p class=\\\"ewa-rteLine\\\">Data de lan\\u00e7amento prevista: Poderia 2024<\\\/p>\",\"image\":\"\",\"link\":\"\",\"link_text\":\"\",\"title\":\"Oficinas\"}},{\"type\":\"grid_item\",\"props\":{\"content\":\"\n\n<div class=\\\"ewa-rteLine\\\">Um guia com as melhores pr\\u00e1ticas, estudos de caso e metodologias sugeridas para uma transi\\u00e7\\u00e3o suave e agrad\\u00e1vel.<\\\/div>\\n\n\n<div class=\\\"ewa-rteLine\\\"><\\\/div>\\n\n\n<p class=\\\"ewa-rteLine\\\">Data de lan\\u00e7amento prevista: AUG 2024<\\\/p>\",\"image\":\"\",\"link\":\"\",\"link_text\":\"\",\"title\":\"Guia para a transi\\u00e7\\u00e3o\"}},{\"type\":\"grid_item\",\"props\":{\"content\":\"\n\n<div class=\\\"ewa-rteLine\\\">Um espa\\u00e7o comum de colabora\\u00e7\\u00e3o para pais, educa\\u00e7\\u00e3o e professores do ensino prim\\u00e1rio, encontrarem recursos, comunicarem, trocarem experi\\u00eancias e trabalharem em conjunto para colmatar o fosso entre o ensino pr\\u00e9-escolar e o ensino prim\\u00e1rio.<\\\/div>\\n\n\n<div class=\\\"ewa-rteLine\\\"><\\\/div>\\n\n\n<p class=\\\"ewa-rteLine\\\">Em breve estar\\u00e1 dispon\\u00edvel\\\"\\\"<\\\/p>\",\"image\":\"\",\"link\":\"\",\"link_text\":\"Join\",\"title\":\"A comunidade europeia UPSTAIRS\"}}]}]}]}]},{\"type\":\"section\",\"props\":{\"css\":\".el-section{\\n\\tbackground-color: #ccc;\\n    color: black;\\n}\",\"image_position\":\"center-center\",\"padding\":\"xsmall\",\"style\":\"default\",\"title_breakpoint\":\"xl\",\"title_position\":\"top-left\",\"title_rotation\":\"left\",\"vertical_align\":\"middle\",\"width\":\"large\"},\"children\":[{\"type\":\"row\",\"props\":{\"layout\":\"1-3,2-3\"},\"children\":[{\"type\":\"column\",\"props\":{\"image_position\":\"center-center\",\"media_overlay_gradient\":\"\",\"position_sticky_breakpoint\":\"m\",\"width_medium\":\"1-3\"},\"children\":[{\"type\":\"text\",\"props\":{\"column_breakpoint\":\"m\",\"content\":\"\n\n<h3 class=\\\"ewa-rteLine\\\">Sobre:<\\\/h3>\\n\n\n<div class=\\\"ewa-rteLine\\\">O UPSTAIRS \\u00e9 um projeto Erasmus+ que visa transformar a transi\\u00e7\\u00e3o para a escola prim\\u00e1ria de um per\\u00edodo stressante para um per\\u00edodo criativo, resultando em crian\\u00e7as felizes, confiantes e colaborativas.\\u00bb<\\\/div>\\n\n\n<div class=\\\"ewa-rteLine\\\"><\\\/div>\",\"margin\":\"default\"}}]},{\"type\":\"column\",\"props\":{\"image_position\":\"center-center\",\"media_overlay_gradient\":\"\",\"position_sticky_breakpoint\":\"m\",\"width_medium\":\"2-3\"},\"children\":[{\"type\":\"text\",\"props\":{\"column_breakpoint\":\"m\",\"content\":\"\n\n<h3><span>Erasmus+<\\\/span><\\\/h3>\\n\n\n<p><span>Financiado pela Uni\\u00e3o Europeia. Os pontos de vista e opini\\u00f5es expressos s\\u00e3o, contudo, apenas os do(s) autor(es) e n\\u00e3o refletem necessariamente os da Uni\\u00e3o Europeia ou da Ag\\u00eancia Europeia de Execu\\u00e7\\u00e3o relativa \\u00e0 Educa\\u00e7\\u00e3o e Cultura (EACEA). Nem a Uni\\u00e3o Europeia nem a EACEA podem ser responsabilizadas por eles.<\\\/span><\\\/p>\\n\n\n<p><span>N\\u00famero do Projeto<\\\/span>: 2022-1- KA220-SCH-7767B436<\\\/p>\",\"margin\":\"default\"}},{\"type\":\"image\",\"props\":{\"image\":\"wp-content\\\/uploads\\\/2023\\\/02\\\/Picture1.png\",\"image_height\":\"100\",\"image_svg_color\":\"emphasis\",\"margin\":\"default\",\"text_align\":\"left\"}}]}]}],\"name\":\"Footer_port\"}],\"version\":\"3.0.20\"} --><\/p>\n","protected":false},"excerpt":{"rendered":"<p>Os nossos recursos Todos os educadores de inf\u00e2ncia, pessoal das escolas prim\u00e1rias, gestores de jardins de inf\u00e2ncia\/escolas prim\u00e1rias e pais t\u00eam um objetivo comum: tornar a integra\u00e7\u00e3o das nossas crian\u00e7as no sistema educativo o mais suave e agrad\u00e1vel poss\u00edvel. Somente compartilhando as nossas experi\u00eancias, preocupa\u00e7\u00f5es, aprendizagens e perce\u00e7\u00f5es seremos capazes de adotar uma abordagem hol\u00edstica [&hellip;]<\/p>\n","protected":false},"author":1,"featured_media":0,"parent":0,"menu_order":0,"comment_status":"closed","ping_status":"closed","template":"","meta":{"footnotes":""},"class_list":["post-522","page","type-page","status-publish","hentry"],"_links":{"self":[{"href":"https:\/\/transition2primary.eu\/pt-pt\/wp-json\/wp\/v2\/pages\/522"}],"collection":[{"href":"https:\/\/transition2primary.eu\/pt-pt\/wp-json\/wp\/v2\/pages"}],"about":[{"href":"https:\/\/transition2primary.eu\/pt-pt\/wp-json\/wp\/v2\/types\/page"}],"author":[{"embeddable":true,"href":"https:\/\/transition2primary.eu\/pt-pt\/wp-json\/wp\/v2\/users\/1"}],"replies":[{"embeddable":true,"href":"https:\/\/transition2primary.eu\/pt-pt\/wp-json\/wp\/v2\/comments?post=522"}],"version-history":[{"count":2,"href":"https:\/\/transition2primary.eu\/pt-pt\/wp-json\/wp\/v2\/pages\/522\/revisions"}],"predecessor-version":[{"id":543,"href":"https:\/\/transition2primary.eu\/pt-pt\/wp-json\/wp\/v2\/pages\/522\/revisions\/543"}],"wp:attachment":[{"href":"https:\/\/transition2primary.eu\/pt-pt\/wp-json\/wp\/v2\/media?parent=522"}],"curies":[{"name":"wp","href":"https:\/\/api.w.org\/{rel}","templated":true}]}}