{"id":466,"date":"2023-03-03T11:19:50","date_gmt":"2023-03-03T11:19:50","guid":{"rendered":"https:\/\/transition2primary.eu\/resources\/"},"modified":"2023-03-06T10:18:57","modified_gmt":"2023-03-06T10:18:57","slug":"resources","status":"publish","type":"page","link":"https:\/\/transition2primary.eu\/pl\/resources\/","title":{"rendered":"ZASOBY"},"content":{"rendered":"<h1><span>Nasze zasoby <\/span><\/h1>\n<div>\n<p><span>Wszyscy pracownicy wczesnego kszta\u0142cenia i opieki nad dzie\u0107mi, szko\u0142y podstawowej, mened\u017cerowie przedszkoli\/szk\u00f3\u0142 podstawowych oraz rodzice maj\u0105 wsp\u00f3lny cel: uczyni\u0107 integracj\u0119 naszych dzieci w systemie edukacyjnym jak najbardziej p\u0142ynn\u0105 i przyjemn\u0105. Tylko poprzez dzielenie si\u0119 naszymi do\u015bwiadczeniami, obawami, naukami i spostrze\u017ceniami b\u0119dziemy w stanie przyj\u0105\u0107 holistyczne, skoncentrowane na uczniu podej\u015bcie, obejmuj\u0105ce czynniki gotowo\u015bci, ci\u0105g\u0142o\u015bci, w\u0142\u0105czenia i wsp\u00f3\u0142pracy.<\/span><\/p>\n<\/div>\n<p><img decoding=\"async\" src=\"\/wp-content\/uploads\/services-shape-01.svg\" alt=\"\"><br \/>\n<img decoding=\"async\" src=\"\/wp-content\/uploads\/2023\/02\/Resources-e1675861956764.jpg\" alt=\"\"><br \/>\n<img decoding=\"async\" src=\"\/wp-content\/uploads\/services-shape-02.svg\" alt=\"\"><\/p>\n<ul>\n<li>\n<h2>Zasoby pedagogiczne<\/h2>\n<div>\n<p class=\"ewa-rteLine\">Kolekcja zasob\u00f3w pedagogicznych dla rozwoju zdolno\u015bci poznawczych, emocjonalnych i spo\u0142ecznych dzieci przed przej\u015bciem do procesu szko\u0142y podstawowej.W trakcie opracowania.<\/p>\n<\/p>\n<p class=\"ewa-rteLine\">Data oczekiwanej premiery: LISTOPAD 2023<\/p>\n<\/div>\n<\/li>\n<li>\n<h2>Szkoleniowy program nauczania<\/h2>\n<div>\n<p class=\"ewa-rteLine\">Mi\u0119dzynarodowy program szkoleniowy dla personelu przedszkoli ECEC, aby by\u0107 szkolonym w zakresie rozwijania umiej\u0119tno\u015bci uczni\u00f3w, kt\u00f3rych potrzebuj\u0105 do p\u0142ynnego i przyjemnego przej\u015bcia.<\/p>\n<div class=\"ewa-rteLine\"><\/div>\n<div class=\"ewa-rteLine\">Planowana data wydania: LISTOPAD 2023<\/div>\n<\/div>\n<\/li>\n<li>\n<h2>Warsztaty<\/h2>\n<div>\n<div class=\"ewa-rteLine\">Warsztaty dla rodzic\u00f3w, nauczycieli wczesnej edukacji oraz nauczycieli szk\u00f3\u0142 podstawowych, maj\u0105ce na celu wypracowanie wsp\u00f3lnego rozumienia okresu przej\u015bciowego.W trakcie opracowania.<\/div>\n<div class=\"ewa-rteLine\"><\/div>\n<p class=\"ewa-rteLine\">Planowana data wydania: MAJ 2024.<\/p>\n<\/div>\n<\/li>\n<li>\n<h2>Przewodnik Przej\u015bcia<\/h2>\n<div>\n<div class=\"ewa-rteLine\">Przewodnik zawieraj\u0105cy najlepsze praktyki, studia przypadk\u00f3w oraz sugerowane metodyki dla \u0142agodnego i przyjemnego przej\u015bcia.<\/div>\n<div class=\"ewa-rteLine\"><\/div>\n<p class=\"ewa-rteLine\">W trakcie realizacji. Oczekiwana data wydania: sierpie\u0144 2024 r.<\/p>\n<\/div>\n<\/li>\n<li>\n<h2>Europejska spo\u0142eczno\u015b\u0107 UPSTAIRS<\/h2>\n<div>\n<div class=\"ewa-rteLine\">Wsp\u00f3lna przestrze\u0144 wsp\u00f3\u0142pracy dla rodzic\u00f3w, nauczycieli wczesnego kszta\u0142cenia oraz szk\u00f3\u0142 podstawowych, umo\u017cliwiaj\u0105ca znalezienie zasob\u00f3w, komunikacj\u0119, wymian\u0119 do\u015bwiadcze\u0144 i wsp\u00f3\u0142prac\u0119 w celu zniwelowania r\u00f3\u017cnic mi\u0119dzy edukacj\u0105 przedszkoln\u0105 a szko\u0142\u0105 podstawow\u0105.<\/div>\n<div class=\"ewa-rteLine\"><\/div>\n<p class=\"ewa-rteLine\">&#8222;Dost\u0119pna wkr\u00f3tce&#8221;<\/p>\n<\/div>\n<\/li>\n<\/ul>\n<div>\n<h3 class=\"ewa-rteLine\">O projekcie:<\/h3>\n<div class=\"ewa-rteLine\">UPSTAIRS to projekt realizowany w ramach programu Erasmus+, kt\u00f3rego celem jest przekszta\u0142cenie okresu przej\u015bcia do szko\u0142y podstawowej z okresu stresuj\u0105cego w kreatywny, skutkuj\u0105cy szcz\u0119\u015bliwymi, pewnymi siebie i otwartymi na wsp\u00f3\u0142prac\u0119 dzie\u0107mi.<\/div>\n<\/div>\n<div>\n<h3><span>Erasmus+<\/span><\/h3>\n<p><span>Sfinansowane przez Uni\u0119 Europejsk\u0105. Wyra\u017cone w nim pogl\u0105dy i opinie s\u0105 jednak tylko autor\u00f3w i niekoniecznie odzwierciedlaj\u0105 pogl\u0105dy Unii Europejskiej lub Europejskiej Agencji Wykonawczej ds. Edukacji, Audio Wizualnych i Kultury (EACEA). Ani Unia Europejska, ani EACEA nie mog\u0105 by\u0107 za nie odpowiedzialne.<\/span><\/p>\n<p><span>Numer projektu<\/span>: 2022-1- KA220-SCH-7767B436<\/p>\n<\/div>\n<p><img decoding=\"async\" src=\"\/wp-content\/uploads\/2023\/02\/Picture1.png\" alt=\"\"><\/p>\n<p><!--more--><br \/>\n<!-- {\"type\":\"layout\",\"children\":[{\"name\":\"resources1\",\"type\":\"section\",\"props\":{\"image_position\":\"center-center\",\"padding\":\"none\",\"style\":\"default\",\"title_breakpoint\":\"xl\",\"title_position\":\"top-left\",\"title_rotation\":\"left\",\"vertical_align\":\"middle\",\"width\":\"large\",\"width_expand\":\"right\"},\"children\":[{\"name\":\"\",\"type\":\"row\",\"children\":[{\"name\":\"\",\"type\":\"column\",\"props\":{\"css\":\"@media (min-width: 960px) {\\n    \\n\\t.el-column { max-width: 453px; }\\n    .el-column .uk-tile {\\n        padding-top: 0;\\n        padding-bottom: 0;\\n        padding-left: 0;\\n    }\\n    \\n}\",\"image_position\":\"center-center\",\"media_overlay_gradient\":\"\",\"padding\":\"small\",\"position_sticky_breakpoint\":\"m\",\"style\":\"default\",\"vertical_align\":\"middle\",\"width_medium\":\"1-3\"},\"children\":[{\"type\":\"headline\",\"props\":{\"content\":\"<span>Nasze zasoby <\\\/span>\",\"margin\":\"remove-vertical\",\"maxwidth\":\"large\",\"maxwidth_breakpoint\":\"m\",\"text_align\":\"left\",\"text_align_breakpoint\":\"m\",\"text_align_fallback\":\"center\",\"title_element\":\"h1\"}},{\"type\":\"text\",\"props\":{\"column_breakpoint\":\"m\",\"content\":\"\n\n<p><span>Wszyscy pracownicy wczesnego kszta\\u0142cenia i opieki nad dzie\\u0107mi, szko\\u0142y podstawowej, mened\\u017cerowie przedszkoli\\\/szk\\u00f3\\u0142 podstawowych oraz rodzice maj\\u0105 wsp\\u00f3lny cel: uczyni\\u0107 integracj\\u0119 naszych dzieci w systemie edukacyjnym jak najbardziej p\\u0142ynn\\u0105 i przyjemn\\u0105. Tylko poprzez dzielenie si\\u0119 naszymi do\\u015bwiadczeniami, obawami, naukami i spostrze\\u017ceniami b\\u0119dziemy w stanie przyj\\u0105\\u0107 holistyczne, skoncentrowane na uczniu podej\\u015bcie, obejmuj\\u0105ce czynniki gotowo\\u015bci, ci\\u0105g\\u0142o\\u015bci, w\\u0142\\u0105czenia i wsp\\u00f3\\u0142pracy.<\\\/span><\\\/p>\",\"margin\":\"default\",\"maxwidth\":\"large\",\"maxwidth_breakpoint\":\"m\",\"text_align\":\"left\",\"text_align_breakpoint\":\"m\",\"text_align_fallback\":\"center\"}}]},{\"type\":\"column\",\"props\":{\"image_position\":\"center-center\",\"media_overlay_gradient\":\"\",\"position_sticky_breakpoint\":\"m\",\"width_medium\":\"2-3\"},\"children\":[{\"type\":\"image\",\"props\":{\"image\":\"wp-content\\\/uploads\\\/services-shape-01.svg\",\"image_height\":\"170\",\"image_loading\":true,\"image_svg_color\":\"\",\"image_svg_inline\":false,\"image_width\":\"170\",\"margin\":\"default\",\"parallax_easing\":\"-1\",\"position\":\"absolute\",\"position_left\":\"-170\",\"position_z_index\":\"0\",\"visibility\":\"xl\"}},{\"type\":\"image\",\"props\":{\"container_padding_remove\":true,\"css\":\"@media (max-width: 959px) {\\n    \\n    .el-element.uk-container-item-padding-remove-right {\\n        width: 100%;\\n        margin-right: 0;\\n    }\\n    \\n}\",\"image\":\"wp-content\\\/uploads\\\/2023\\\/02\\\/Resources-e1675861956764.jpg\",\"image_loading\":true,\"image_svg_color\":\"emphasis\",\"image_width\":\"1510\",\"margin\":\"default\",\"margin_remove_top\":true,\"position\":\"relative\",\"position_z_index\":\"2\",\"text_align\":\"right\"}}]}],\"props\":{\"column_gap\":\"collapse\",\"layout\":\"1-3,2-3\",\"row_gap\":\"collapse\"}}]},{\"name\":\"resources2\",\"type\":\"section\",\"props\":{\"animation\":\"slide-top-small\",\"header_overlay\":\"light\",\"height_viewport\":false,\"image\":\"\",\"image_effect\":\"parallax\",\"image_parallax_easing\":\"1\",\"image_position\":\"bottom-left\",\"media\":\"\",\"padding\":\"large\",\"padding_remove_top\":true,\"style\":\"default\",\"title_breakpoint\":\"xl\",\"title_position\":\"top-left\",\"title_rotation\":\"left\",\"vertical_align\":\"middle\",\"width\":\"\"},\"children\":[{\"type\":\"row\",\"children\":[{\"type\":\"column\",\"props\":{\"image_position\":\"center-center\",\"media_overlay_gradient\":\"\",\"position_sticky_breakpoint\":\"m\"},\"children\":[{\"type\":\"image\",\"props\":{\"image\":\"wp-content\\\/uploads\\\/services-shape-02.svg\",\"image_height\":\"330\",\"image_svg_color\":\"\",\"image_svg_inline\":false,\"image_width\":\"165\",\"margin\":\"default\",\"position\":\"absolute\",\"position_top\":\"-160\",\"position_z_index\":\"1\",\"visibility\":\"xl\"}}]}],\"props\":{\"margin\":\"remove-vertical\"}},{\"type\":\"row\",\"props\":{\"margin\":\"large\",\"width\":\"large\"},\"children\":[{\"type\":\"column\",\"props\":{\"image_position\":\"center-center\",\"media_overlay_gradient\":\"\",\"position_sticky_breakpoint\":\"m\"},\"children\":[{\"type\":\"grid\",\"props\":{\"content_column_breakpoint\":\"m\",\"filter_align\":\"left\",\"filter_all\":true,\"filter_grid_breakpoint\":\"m\",\"filter_grid_width\":\"auto\",\"filter_position\":\"top\",\"filter_style\":\"tab\",\"grid_column_gap\":\"collapse\",\"grid_default\":\"1\",\"grid_medium\":\"3\",\"grid_row_gap\":\"collapse\",\"grid_small\":\"2\",\"icon_width\":80,\"id\":\"services\",\"image_align\":\"top\",\"image_grid_breakpoint\":\"m\",\"image_grid_width\":\"1-2\",\"image_height\":\"68\",\"image_svg_color\":\"emphasis\",\"image_svg_inline\":true,\"image_width\":\"68\",\"item_animation\":true,\"link_margin\":\"medium\",\"link_style\":\"default\",\"link_text\":\"<span uk-icon=\\\"icon: arrow-right; ratio: 1.4\\\"><\\\/span>\",\"margin\":\"remove-vertical\",\"meta_align\":\"below-title\",\"meta_element\":\"div\",\"meta_style\":\"text-meta\",\"panel_link\":true,\"panel_padding\":\"large\",\"panel_style\":\"tile-checked\",\"parallax_easing\":\"1\",\"position\":\"relative\",\"position_z_index\":\"1\",\"show_content\":true,\"show_image\":true,\"show_link\":true,\"show_meta\":true,\"show_title\":true,\"title_align\":\"top\",\"title_element\":\"h2\",\"title_grid_breakpoint\":\"m\",\"title_grid_width\":\"1-2\",\"title_hover_style\":\"reset\",\"title_style\":\"h3\"},\"children\":[{\"type\":\"grid_item\",\"props\":{\"content\":\"\n\n<p class=\\\"ewa-rteLine\\\">Kolekcja zasob\\u00f3w pedagogicznych dla rozwoju zdolno\\u015bci poznawczych, emocjonalnych i spo\\u0142ecznych dzieci przed przej\\u015bciem do procesu szko\\u0142y podstawowej.W trakcie opracowania.<\\\/p>\\n\n\n<p><\\\/p>\\n\n\n<p class=\\\"ewa-rteLine\\\">Data oczekiwanej premiery: LISTOPAD 2023<\\\/p>\",\"image\":\"\",\"link\":\"\",\"link_text\":\"\",\"title\":\"Zasoby pedagogiczne\"}},{\"type\":\"grid_item\",\"props\":{\"content\":\"\n\n<p class=\\\"ewa-rteLine\\\">Mi\\u0119dzynarodowy program szkoleniowy dla personelu przedszkoli ECEC, aby by\\u0107 szkolonym w zakresie rozwijania umiej\\u0119tno\\u015bci uczni\\u00f3w, kt\\u00f3rych potrzebuj\\u0105 do p\\u0142ynnego i przyjemnego przej\\u015bcia.<\\\/p>\\n\n\n<div class=\\\"ewa-rteLine\\\"><\\\/div>\\n\n\n<div class=\\\"ewa-rteLine\\\">Planowana data wydania: LISTOPAD 2023<\\\/div>\",\"image\":\"\",\"link\":\"\",\"link_text\":\"\",\"title\":\"Szkoleniowy program nauczania\"}},{\"type\":\"grid_item\",\"props\":{\"content\":\"\n\n<div class=\\\"ewa-rteLine\\\">Warsztaty dla rodzic\\u00f3w, nauczycieli wczesnej edukacji oraz nauczycieli szk\\u00f3\\u0142 podstawowych, maj\\u0105ce na celu wypracowanie wsp\\u00f3lnego rozumienia okresu przej\\u015bciowego.W trakcie opracowania.<\\\/div>\\n\n\n<div class=\\\"ewa-rteLine\\\"><\\\/div>\\n\n\n<p class=\\\"ewa-rteLine\\\">Planowana data wydania: MAJ 2024.<\\\/p>\",\"image\":\"\",\"link\":\"\",\"link_text\":\"\",\"title\":\"Warsztaty\"}},{\"type\":\"grid_item\",\"props\":{\"content\":\"\n\n<div class=\\\"ewa-rteLine\\\">Przewodnik zawieraj\\u0105cy najlepsze praktyki, studia przypadk\\u00f3w oraz sugerowane metodyki dla \\u0142agodnego i przyjemnego przej\\u015bcia.<\\\/div>\\n\n\n<div class=\\\"ewa-rteLine\\\"><\\\/div>\\n\n\n<p class=\\\"ewa-rteLine\\\">W trakcie realizacji. Oczekiwana data wydania: sierpie\\u0144 2024 r.<\\\/p>\",\"image\":\"\",\"link\":\"\",\"link_text\":\"\",\"title\":\"Przewodnik Przej\\u015bcia\"}},{\"type\":\"grid_item\",\"props\":{\"content\":\"\n\n<div class=\\\"ewa-rteLine\\\">Wsp\\u00f3lna przestrze\\u0144 wsp\\u00f3\\u0142pracy dla rodzic\\u00f3w, nauczycieli wczesnego kszta\\u0142cenia oraz szk\\u00f3\\u0142 podstawowych, umo\\u017cliwiaj\\u0105ca znalezienie zasob\\u00f3w, komunikacj\\u0119, wymian\\u0119 do\\u015bwiadcze\\u0144 i wsp\\u00f3\\u0142prac\\u0119 w celu zniwelowania r\\u00f3\\u017cnic mi\\u0119dzy edukacj\\u0105 przedszkoln\\u0105 a szko\\u0142\\u0105 podstawow\\u0105.<\\\/div>\\n\n\n<div class=\\\"ewa-rteLine\\\"><\\\/div>\\n\n\n<p class=\\\"ewa-rteLine\\\">\\\"Dost\\u0119pna wkr\\u00f3tce\\\"<\\\/p>\",\"image\":\"\",\"link\":\"\",\"link_text\":\"Join\",\"title\":\"Europejska spo\\u0142eczno\\u015b\\u0107 UPSTAIRS\"}}]}]}]}]},{\"type\":\"section\",\"props\":{\"css\":\".el-section{\\n\\tbackground-color: #ccc;\\n    color: black;\\n}\",\"image_position\":\"center-center\",\"padding\":\"xsmall\",\"style\":\"default\",\"title_breakpoint\":\"xl\",\"title_position\":\"top-left\",\"title_rotation\":\"left\",\"vertical_align\":\"middle\",\"width\":\"large\"},\"children\":[{\"type\":\"row\",\"props\":{\"layout\":\"1-3,2-3\"},\"children\":[{\"type\":\"column\",\"props\":{\"image_position\":\"center-center\",\"media_overlay_gradient\":\"\",\"position_sticky_breakpoint\":\"m\",\"width_medium\":\"1-3\"},\"children\":[{\"type\":\"text\",\"props\":{\"column_breakpoint\":\"m\",\"content\":\"\n\n<h3 class=\\\"ewa-rteLine\\\">O projekcie:<\\\/h3>\\n\n\n<div class=\\\"ewa-rteLine\\\">UPSTAIRS to projekt realizowany w ramach programu Erasmus+, kt\\u00f3rego celem jest przekszta\\u0142cenie okresu przej\\u015bcia do szko\\u0142y podstawowej z okresu stresuj\\u0105cego w kreatywny, skutkuj\\u0105cy szcz\\u0119\\u015bliwymi, pewnymi siebie i otwartymi na wsp\\u00f3\\u0142prac\\u0119 dzie\\u0107mi.<\\\/div>\",\"margin\":\"default\"}}]},{\"type\":\"column\",\"props\":{\"image_position\":\"center-center\",\"media_overlay_gradient\":\"\",\"position_sticky_breakpoint\":\"m\",\"width_medium\":\"2-3\"},\"children\":[{\"type\":\"text\",\"props\":{\"column_breakpoint\":\"m\",\"content\":\"\n\n<h3><span>Erasmus+<\\\/span><\\\/h3>\\n\n\n<p><span>Sfinansowane przez Uni\\u0119 Europejsk\\u0105. Wyra\\u017cone w nim pogl\\u0105dy i opinie s\\u0105 jednak tylko autor\\u00f3w i niekoniecznie odzwierciedlaj\\u0105 pogl\\u0105dy Unii Europejskiej lub Europejskiej Agencji Wykonawczej ds. Edukacji, Audio Wizualnych i Kultury (EACEA). Ani Unia Europejska, ani EACEA nie mog\\u0105 by\\u0107 za nie odpowiedzialne.<\\\/span><\\\/p>\\n\n\n<p><span>Numer projektu<\\\/span>: 2022-1- KA220-SCH-7767B436<\\\/p>\",\"margin\":\"default\"}},{\"type\":\"image\",\"props\":{\"image\":\"wp-content\\\/uploads\\\/2023\\\/02\\\/Picture1.png\",\"image_height\":\"100\",\"image_svg_color\":\"emphasis\",\"margin\":\"default\",\"text_align\":\"left\"}}]}]}],\"name\":\"Footer_pl\"}],\"version\":\"3.0.20\"} --><\/p>\n","protected":false},"excerpt":{"rendered":"<p>Nasze zasoby Wszyscy pracownicy wczesnego kszta\u0142cenia i opieki nad dzie\u0107mi, szko\u0142y podstawowej, mened\u017cerowie przedszkoli\/szk\u00f3\u0142 podstawowych oraz rodzice maj\u0105 wsp\u00f3lny cel: uczyni\u0107 integracj\u0119 naszych dzieci w systemie edukacyjnym jak najbardziej p\u0142ynn\u0105 i przyjemn\u0105. Tylko poprzez dzielenie si\u0119 naszymi do\u015bwiadczeniami, obawami, naukami i spostrze\u017ceniami b\u0119dziemy w stanie przyj\u0105\u0107 holistyczne, skoncentrowane na uczniu podej\u015bcie, obejmuj\u0105ce czynniki gotowo\u015bci, ci\u0105g\u0142o\u015bci, [&hellip;]<\/p>\n","protected":false},"author":1,"featured_media":0,"parent":0,"menu_order":0,"comment_status":"closed","ping_status":"closed","template":"","meta":{"footnotes":""},"class_list":["post-466","page","type-page","status-publish","hentry"],"_links":{"self":[{"href":"https:\/\/transition2primary.eu\/pl\/wp-json\/wp\/v2\/pages\/466"}],"collection":[{"href":"https:\/\/transition2primary.eu\/pl\/wp-json\/wp\/v2\/pages"}],"about":[{"href":"https:\/\/transition2primary.eu\/pl\/wp-json\/wp\/v2\/types\/page"}],"author":[{"embeddable":true,"href":"https:\/\/transition2primary.eu\/pl\/wp-json\/wp\/v2\/users\/1"}],"replies":[{"embeddable":true,"href":"https:\/\/transition2primary.eu\/pl\/wp-json\/wp\/v2\/comments?post=466"}],"version-history":[{"count":2,"href":"https:\/\/transition2primary.eu\/pl\/wp-json\/wp\/v2\/pages\/466\/revisions"}],"predecessor-version":[{"id":538,"href":"https:\/\/transition2primary.eu\/pl\/wp-json\/wp\/v2\/pages\/466\/revisions\/538"}],"wp:attachment":[{"href":"https:\/\/transition2primary.eu\/pl\/wp-json\/wp\/v2\/media?parent=466"}],"curies":[{"name":"wp","href":"https:\/\/api.w.org\/{rel}","templated":true}]}}