{"id":460,"date":"2023-03-03T11:28:47","date_gmt":"2023-03-03T11:28:47","guid":{"rendered":"https:\/\/transition2primary.eu\/contact\/"},"modified":"2024-09-02T12:02:18","modified_gmt":"2024-09-02T12:02:18","slug":"contact","status":"publish","type":"page","link":"https:\/\/transition2primary.eu\/pl\/contact\/","title":{"rendered":"KONTAKT"},"content":{"rendered":"<div>\n<h2>Skontaktuj si\u0119 z partnerami zaanga\u017cowanymi w projekt<\/h2>\n<\/div>\n<hr>\n<table>\n<tbody>\n<tr>\n<td>\n        <img decoding=\"async\" src=\"\/wp-content\/uploads\/2023\/02\/DV_Pahuljica.png\" alt=\"\">\n    <\/td>\n<td>DV PAHULJICA &#8211; Chorwacja <br \/> Sanja Grozdani\u0107<\/td>\n<td><\/td>\n<td>\n        <a href=\"\/vrtic.pahuljica.rab@gmail.com\">Contact \u2192<\/a>\n    <\/td>\n<\/tr>\n<tr>\n<td>\n        <img decoding=\"async\" src=\"\/wp-content\/uploads\/2024\/04\/Screenshot_103.png\" alt=\"\">\n    <\/td>\n<td>PEDAGOGICAL UNIVERSITY OF CRACOW &#8211; Polska<br \/> Tomasz Szemberg<\/td>\n<td>Recruiting<\/td>\n<td>\n        <a href=\"mailto:tomasz.szemberg@gmail.com\">Contact \u2192<\/a>\n    <\/td>\n<\/tr>\n<tr>\n<td>\n        <img decoding=\"async\" src=\"\/wp-content\/uploads\/2023\/02\/IDEC_logo.png\" alt=\"\">\n    <\/td>\n<td>IDEC &#8211; GRECJA<br \/> Irene Gkotsi<\/td>\n<td><\/td>\n<td>\n        <a href=\"mailto:irene@idec.gr\">contact \u2192<\/a>\n    <\/td>\n<\/tr>\n<tr>\n<td>\n        <img decoding=\"async\" src=\"\/wp-content\/uploads\/2023\/02\/Akata_makata.jpg\" alt=\"\">\n    <\/td>\n<td>AKATA MAKATA &#8211; GRECJA<br \/> Venia Soumpenioti<\/td>\n<td><\/td>\n<td>\n        <a href=\"mailto:euprojects@akatamakata.eu \">contact \u2192<\/a>\n    <\/td>\n<\/tr>\n<tr>\n<td>\n        <img decoding=\"async\" src=\"\/wp-content\/uploads\/2023\/02\/Little_steps.png\" alt=\"\">\n    <\/td>\n<td>LITTLE STEPS &#8211; Bu\u0142garia <br \/> Nadejda Raycheva<\/td>\n<td><\/td>\n<td>\n        <a href=\"mailto:littlesteps@azbuki-school.bg\">Contact \u2192<\/a>\n    <\/td>\n<\/tr>\n<tr>\n<td>\n        <img decoding=\"async\" src=\"\/wp-content\/uploads\/2023\/02\/aeje.jpg\" alt=\"\">\n    <\/td>\n<td>AGRUPAMENTO DE ESCOLAS JOS\u00c9 EST\u00caV\u00c3O &#8211; Portugalia<br \/> Maria Gl\u00f3ria Leite <\/td>\n<td><\/td>\n<td>\n        <a href=\"mailto: f162@aeje.pt \">contact \u2192<\/a>\n    <\/td>\n<\/tr>\n<tr>\n<td>\n        <img decoding=\"async\" src=\"\/wp-content\/uploads\/2023\/02\/CEIP_Dama_Guardamar-1.png\" alt=\"\">\n    <\/td>\n<td>DAMA DE GUARDAMAR &#8211; Hiszpania<br \/> Consuelo Torregrosa Andreu<\/td>\n<td><\/td>\n<td>\n        <a href=\"mailto:edamaplus@gmail.com\">contact \u2192<\/a>\n    <\/td>\n<\/tr>\n<tr>\n<td>\n        <img decoding=\"async\" src=\"\/wp-content\/uploads\/2023\/02\/Urridaholtsskoli.png\" alt=\"\">\n    <\/td>\n<td>URRIDAHOLTSSKOLI &#8211; Islandia<br \/> Sandra Stojkovic Hinic<\/td>\n<td><\/td>\n<td>\n        <a href=\"mailto:sandrahi@urridaholtsskoli.is\">contact \u2192<\/a>\n    <\/td>\n<\/tr>\n<\/tbody>\n<\/table>\n<div>\n<h3 class=\"ewa-rteLine\">O projekcie:<\/h3>\n<div class=\"ewa-rteLine\">UPSTAIRS to projekt realizowany w ramach programu Erasmus+, kt\u00f3rego celem jest przekszta\u0142cenie okresu przej\u015bcia do szko\u0142y podstawowej z okresu stresuj\u0105cego w kreatywny, skutkuj\u0105cy szcz\u0119\u015bliwymi, pewnymi siebie i otwartymi na wsp\u00f3\u0142prac\u0119 dzie\u0107mi.<\/div>\n<\/div>\n<div>\n<h3><span>Erasmus+<\/span><\/h3>\n<p><span>Sfinansowane przez Uni\u0119 Europejsk\u0105. Wyra\u017cone w nim pogl\u0105dy i opinie s\u0105 jednak tylko autor\u00f3w i niekoniecznie odzwierciedlaj\u0105 pogl\u0105dy Unii Europejskiej lub Europejskiej Agencji Wykonawczej ds. Edukacji, Audio Wizualnych i Kultury (EACEA). Ani Unia Europejska, ani EACEA nie mog\u0105 by\u0107 za nie odpowiedzialne.<\/span><\/p>\n<p><span>Numer projektu<\/span>: 2022-1- KA220-SCH-7767B436<\/p>\n<\/div>\n<p><img decoding=\"async\" src=\"\/wp-content\/uploads\/2023\/02\/Picture1.png\" alt=\"\"><\/p>\n<p><!--more--><br \/>\n<!-- {\"type\":\"layout\",\"children\":[{\"type\":\"section\",\"props\":{\"image_position\":\"center-center\",\"padding\":\"small\",\"padding_remove_bottom\":false,\"style\":\"default\",\"title_breakpoint\":\"xl\",\"title_position\":\"top-left\",\"title_rotation\":\"left\",\"vertical_align\":\"\",\"width\":\"default\"},\"children\":[{\"type\":\"row\",\"children\":[{\"type\":\"column\",\"props\":{\"image_position\":\"center-center\",\"position_sticky_breakpoint\":\"m\"}}]},{\"type\":\"row\",\"children\":[{\"type\":\"column\",\"props\":{\"image_position\":\"center-center\",\"position_sticky_breakpoint\":\"m\",\"vertical_align\":\"middle\"},\"children\":[{\"type\":\"panel\",\"props\":{\"block_align\":\"center\",\"content\":\"\",\"content_column_breakpoint\":\"m\",\"css\":\".el-element td:first-child{\\n\\tdisplay: flex;\\n\\tjustify-content: center;\\n}\",\"icon_width\":80,\"image\":\"\",\"image_align\":\"top\",\"image_border\":\"circle\",\"image_grid_breakpoint\":\"m\",\"image_grid_width\":\"1-2\",\"image_height\":\"145\",\"image_loading\":true,\"image_svg_color\":\"emphasis\",\"image_width\":\"145\",\"link_style\":\"default\",\"link_text\":\"Read more\",\"margin\":\"\",\"meta\":\"\",\"meta_align\":\"above-title\",\"meta_color\":\"primary\",\"meta_element\":\"div\",\"meta_margin\":\"medium\",\"meta_style\":\"h6\",\"text_align\":\"left\",\"title\":\"Skontaktuj si\\u0119 z partnerami zaanga\\u017cowanymi w projekt\",\"title_align\":\"top\",\"title_element\":\"h2\",\"title_grid_breakpoint\":\"m\",\"title_grid_width\":\"1-2\",\"title_hover_style\":\"reset\"}},{\"type\":\"divider\",\"props\":{\"css\":\".el-element{\\n\\tborder: 3px solid;\\n    margin: 0px;\\n    color: #ED1F27;\\n}\",\"divider_element\":\"hr\"}}]}],\"props\":{\"column_gap\":\"collapse\"}},{\"type\":\"row\",\"children\":[{\"type\":\"column\",\"props\":{\"image_position\":\"center-center\",\"position_sticky_breakpoint\":\"m\"}}]}],\"name\":\"contact1\"},{\"type\":\"section\",\"props\":{\"image_position\":\"center-center\",\"padding_remove_top\":true,\"style\":\"default\",\"title_breakpoint\":\"xl\",\"title_position\":\"top-left\",\"title_rotation\":\"left\",\"vertical_align\":\"\",\"width\":\"default\"},\"children\":[{\"type\":\"row\",\"children\":[{\"type\":\"column\",\"props\":{\"image_position\":\"center-center\",\"position_sticky_breakpoint\":\"m\"},\"children\":[{\"name\":\"contact\",\"type\":\"table\",\"children\":[{\"type\":\"table_item\",\"props\":{\"content\":\"\",\"image\":\"wp-content\\\/uploads\\\/2023\\\/02\\\/DV_Pahuljica.png\",\"link\":\"vrtic.pahuljica.rab@gmail.com\",\"link_text\":\"Contact \\u2192\",\"meta\":\"\",\"title\":\"DV PAHULJICA - Chorwacja <br\\\/> Sanja Grozdani\\u0107\"}},{\"type\":\"table_item\",\"props\":{\"content\":\"Recruiting\",\"image\":\"wp-content\\\/uploads\\\/2024\\\/04\\\/Screenshot_103.png\",\"link\":\"mailto:tomasz.szemberg@gmail.com\",\"link_text\":\"Contact \\u2192\",\"meta\":\"\",\"title\":\"PEDAGOGICAL UNIVERSITY OF CRACOW - Polska<br\\\/> Tomasz Szemberg\"}},{\"type\":\"table_item\",\"props\":{\"content\":\"\",\"image\":\"wp-content\\\/uploads\\\/2023\\\/02\\\/IDEC_logo.png\",\"link\":\"mailto:irene@idec.gr\",\"link_text\":\"contact \\u2192\",\"meta\":\"\",\"title\":\"IDEC - GRECJA<br\\\/> Irene Gkotsi\"}},{\"type\":\"table_item\",\"props\":{\"content\":\"\",\"image\":\"wp-content\\\/uploads\\\/2023\\\/02\\\/Akata_makata.jpg\",\"link\":\"mailto:euprojects@akatamakata.eu \",\"link_text\":\"contact \\u2192\",\"meta\":\"\",\"title\":\"AKATA MAKATA - GRECJA<br \/> Venia Soumpenioti\"}},{\"type\":\"table_item\",\"props\":{\"image\":\"wp-content\\\/uploads\\\/2023\\\/02\\\/Little_steps.png\",\"link\":\"mailto:littlesteps@azbuki-school.bg\",\"link_text\":\"Contact \\u2192\",\"title\":\"LITTLE STEPS - Bu\\u0142garia <br\\\/> Nadejda Raycheva\"}},{\"type\":\"table_item\",\"props\":{\"image\":\"wp-content\\\/uploads\\\/2023\\\/02\\\/aeje.jpg\",\"link\":\"mailto: f162@aeje.pt \",\"link_text\":\"contact \\u2192\",\"title\":\"AGRUPAMENTO DE ESCOLAS JOS\\u00c9 EST\\u00caV\\u00c3O - Portugalia<br\\\/> Maria Gl\\u00f3ria Leite \"}},{\"type\":\"table_item\",\"props\":{\"image\":\"wp-content\\\/uploads\\\/2023\\\/02\\\/CEIP_Dama_Guardamar-1.png\",\"link\":\"mailto:edamaplus@gmail.com\",\"link_text\":\"contact \\u2192\",\"title\":\"DAMA DE GUARDAMAR - Hiszpania<br\\\/> Consuelo Torregrosa Andreu\"}},{\"type\":\"table_item\",\"props\":{\"image\":\"wp-content\\\/uploads\\\/2023\\\/02\\\/Urridaholtsskoli.png\",\"link\":\"mailto:sandrahi@urridaholtsskoli.is\",\"link_text\":\"contact \\u2192\",\"title\":\"URRIDAHOLTSSKOLI - Islandia<br\\\/> Sandra Stojkovic Hinic\"}}],\"props\":{\"content_style\":\"text-meta\",\"image_border\":\"rounded\",\"image_height\":\"60\",\"image_svg_color\":\"emphasis\",\"link_style\":\"text\",\"link_text\":\"Contact\",\"meta_style\":\"h5\",\"show_content\":false,\"show_image\":true,\"show_link\":true,\"show_meta\":true,\"show_title\":true,\"table_hover\":false,\"table_justify\":true,\"table_last_align\":\"right\",\"table_layout\":\"1\",\"table_order\":\"1\",\"table_responsive\":\"responsive\",\"table_style\":\"divider\",\"table_vertical_align\":true,\"table_width_content\":\"small\",\"table_width_meta\":\"shrink\",\"table_width_title\":\"\",\"text_align\":\"left\",\"text_align_breakpoint\":\"m\",\"text_align_fallback\":\"center\",\"title_style\":\"h5\"}}]}]}],\"name\":\"contact_table\"},{\"type\":\"section\",\"props\":{\"css\":\".el-section{\\n\\tbackground-color: #ccc;\\n    color: black;\\n}\",\"image_position\":\"center-center\",\"padding\":\"xsmall\",\"style\":\"default\",\"title_breakpoint\":\"xl\",\"title_position\":\"top-left\",\"title_rotation\":\"left\",\"vertical_align\":\"\",\"width\":\"large\"},\"children\":[{\"type\":\"row\",\"props\":{\"layout\":\"1-3,2-3\"},\"children\":[{\"type\":\"column\",\"props\":{\"image_position\":\"center-center\",\"position_sticky_breakpoint\":\"m\",\"width_medium\":\"1-3\"},\"children\":[{\"type\":\"text\",\"props\":{\"column_breakpoint\":\"m\",\"content\":\"\n\n<h3 class=\\\"ewa-rteLine\\\">O projekcie:<\\\/h3>\\n\n\n<div class=\\\"ewa-rteLine\\\">UPSTAIRS to projekt realizowany w ramach programu Erasmus+, kt\\u00f3rego celem jest przekszta\\u0142cenie okresu przej\\u015bcia do szko\\u0142y podstawowej z okresu stresuj\\u0105cego w kreatywny, skutkuj\\u0105cy szcz\\u0119\\u015bliwymi, pewnymi siebie i otwartymi na wsp\\u00f3\\u0142prac\\u0119 dzie\\u0107mi.<\\\/div>\",\"margin\":\"default\"}}]},{\"type\":\"column\",\"props\":{\"image_position\":\"center-center\",\"position_sticky_breakpoint\":\"m\",\"width_medium\":\"2-3\"},\"children\":[{\"type\":\"text\",\"props\":{\"column_breakpoint\":\"m\",\"content\":\"\n\n<h3><span>Erasmus+<\\\/span><\\\/h3>\\n\n\n<p><span>Sfinansowane przez Uni\\u0119 Europejsk\\u0105. Wyra\\u017cone w nim pogl\\u0105dy i opinie s\\u0105 jednak tylko autor\\u00f3w i niekoniecznie odzwierciedlaj\\u0105 pogl\\u0105dy Unii Europejskiej lub Europejskiej Agencji Wykonawczej ds. Edukacji, Audio Wizualnych i Kultury (EACEA). Ani Unia Europejska, ani EACEA nie mog\\u0105 by\\u0107 za nie odpowiedzialne.<\\\/span><\\\/p>\\n\n\n<p><span>Numer projektu<\\\/span>: 2022-1- KA220-SCH-7767B436<\\\/p>\",\"margin\":\"default\"}},{\"type\":\"image\",\"props\":{\"image\":\"wp-content\\\/uploads\\\/2023\\\/02\\\/Picture1.png\",\"image_height\":\"100\",\"image_svg_color\":\"emphasis\",\"margin\":\"default\",\"text_align\":\"left\"}}]}]}],\"name\":\"Footer_pl\"}],\"version\":\"4.4.6\"} --><\/p>\n","protected":false},"excerpt":{"rendered":"<p>Skontaktuj si\u0119 z partnerami zaanga\u017cowanymi w projekt DV PAHULJICA &#8211; Chorwacja Sanja Grozdani\u0107 Contact \u2192 PEDAGOGICAL UNIVERSITY OF CRACOW &#8211; Polska Tomasz Szemberg Recruiting Contact \u2192 IDEC &#8211; GRECJA Irene Gkotsi contact \u2192 AKATA MAKATA &#8211; GRECJA Venia Soumpenioti contact \u2192 LITTLE STEPS &#8211; Bu\u0142garia Nadejda Raycheva Contact \u2192 AGRUPAMENTO DE ESCOLAS JOS\u00c9 EST\u00caV\u00c3O &#8211; [&hellip;]<\/p>\n","protected":false},"author":1,"featured_media":0,"parent":0,"menu_order":0,"comment_status":"closed","ping_status":"closed","template":"","meta":{"footnotes":""},"class_list":["post-460","page","type-page","status-publish","hentry"],"_links":{"self":[{"href":"https:\/\/transition2primary.eu\/pl\/wp-json\/wp\/v2\/pages\/460"}],"collection":[{"href":"https:\/\/transition2primary.eu\/pl\/wp-json\/wp\/v2\/pages"}],"about":[{"href":"https:\/\/transition2primary.eu\/pl\/wp-json\/wp\/v2\/types\/page"}],"author":[{"embeddable":true,"href":"https:\/\/transition2primary.eu\/pl\/wp-json\/wp\/v2\/users\/1"}],"replies":[{"embeddable":true,"href":"https:\/\/transition2primary.eu\/pl\/wp-json\/wp\/v2\/comments?post=460"}],"version-history":[{"count":6,"href":"https:\/\/transition2primary.eu\/pl\/wp-json\/wp\/v2\/pages\/460\/revisions"}],"predecessor-version":[{"id":9850,"href":"https:\/\/transition2primary.eu\/pl\/wp-json\/wp\/v2\/pages\/460\/revisions\/9850"}],"wp:attachment":[{"href":"https:\/\/transition2primary.eu\/pl\/wp-json\/wp\/v2\/media?parent=460"}],"curies":[{"name":"wp","href":"https:\/\/api.w.org\/{rel}","templated":true}]}}