{"id":581,"date":"2023-03-03T11:28:47","date_gmt":"2023-03-03T11:28:47","guid":{"rendered":"https:\/\/transition2primary.eu\/contact\/"},"modified":"2024-09-02T12:02:00","modified_gmt":"2024-09-02T12:02:00","slug":"contact","status":"publish","type":"page","link":"https:\/\/transition2primary.eu\/is\/contact\/","title":{"rendered":"HAFA SAMBAND"},"content":{"rendered":"<div>\n<h2> Haf\u00f0u samband vi\u00f0 \u00fe\u00e1 samstarfsa\u00f0ila sem taka \u00fe\u00e1tt \u00ed verkefninu<\/h2>\n<\/div>\n<hr>\n<table>\n<tbody>\n<tr>\n<td>\n        <img decoding=\"async\" src=\"\/wp-content\/uploads\/2023\/02\/DV_Pahuljica.png\" alt=\"\">\n    <\/td>\n<td>DV PAHULJICA &#8211; Croatia <br \/> Sanja Grozdani\u0107<\/td>\n<td><\/td>\n<td>\n        <a href=\"\/vrtic.pahuljica.rab@gmail.com\">samband \u2192<\/a>\n    <\/td>\n<\/tr>\n<tr>\n<td>\n        <img decoding=\"async\" src=\"\/wp-content\/uploads\/2024\/04\/Screenshot_103.png\" alt=\"\">\n    <\/td>\n<td>PEDAGOGICAL UNIVERSITY OF CRACOW &#8211; Poland <br \/> Tomasz Szemberg<\/td>\n<td>Recruiting<\/td>\n<td>\n        <a href=\"mailto:tomasz.szemberg@gmail.com\">samband \u2192<\/a>\n    <\/td>\n<\/tr>\n<tr>\n<td>\n        <img decoding=\"async\" src=\"\/wp-content\/uploads\/2023\/02\/IDEC_logo.png\" alt=\"\">\n    <\/td>\n<td>IDEC &#8211; Greece  <br \/> Irene Gkotsi<\/td>\n<td><\/td>\n<td>\n        <a href=\"mailto:irene@idec.gr\">samband \u2192<\/a>\n    <\/td>\n<\/tr>\n<tr>\n<td>\n        <img decoding=\"async\" src=\"\/wp-content\/uploads\/2023\/02\/Akata_makata.jpg\" alt=\"\">\n    <\/td>\n<td>AKATA MAKATA &#8211; Greece  <br \/> Venia Soumpenioti<\/td>\n<td><\/td>\n<td>\n        <a href=\"mailto:euprojects@akatamakata.eu \">samband \u2192<\/a>\n    <\/td>\n<\/tr>\n<tr>\n<td>\n        <img decoding=\"async\" src=\"\/wp-content\/uploads\/2023\/02\/Little_steps.png\" alt=\"\">\n    <\/td>\n<td>LITTLE STEPS &#8211; Bulgaria <br \/> Nadejda Raycheva<\/td>\n<td><\/td>\n<td>\n        <a href=\"mailto:littlesteps@azbuki-school.bg\">samband \u2192<\/a>\n    <\/td>\n<\/tr>\n<tr>\n<td>\n        <img decoding=\"async\" src=\"\/wp-content\/uploads\/2023\/02\/aeje.jpg\" alt=\"\">\n    <\/td>\n<td>AGRUPAMENTO DE ESCOLAS JOS\u00c9 EST\u00caV\u00c3O &#8211; Portugal <br \/> Maria Gl\u00f3ria Leite <\/td>\n<td><\/td>\n<td>\n        <a href=\"mailto: f162@aeje.pt \">samband \u2192<\/a>\n    <\/td>\n<\/tr>\n<tr>\n<td>\n        <img decoding=\"async\" src=\"\/wp-content\/uploads\/2023\/02\/CEIP_Dama_Guardamar-1.png\" alt=\"\">\n    <\/td>\n<td>DAMA DE GUARDAMAR &#8211; Spain <br \/> Consuelo Torregrosa Andreu<\/td>\n<td><\/td>\n<td>\n        <a href=\"mailto:edamaplus@gmail.com\">samband \u2192<\/a>\n    <\/td>\n<\/tr>\n<tr>\n<td>\n        <img decoding=\"async\" src=\"\/wp-content\/uploads\/2023\/02\/Urridaholtsskoli.png\" alt=\"\">\n    <\/td>\n<td>URRIDAHOLTSSKOLI &#8211; Iceland <br \/> Sandra Stojkovic Hinic<\/td>\n<td><\/td>\n<td>\n        <a href=\"mailto:sandrahi@urridaholtsskoli.is\">samband \u2192<\/a>\n    <\/td>\n<\/tr>\n<\/tbody>\n<\/table>\n<div>\n<h3><span>Um:<\/span><\/h3>\n<p><span>UPSTAIRS verkefni\u00f0 er styrkt af Erasmus+ og mi\u00f0ar a\u00f0 skapandi tilf\u00e6rslu milli sk\u00f3lastiga, sem lei\u00f0ir af s\u00e9r hamingjus\u00f6m og sj\u00e1lfs\u00f6rugg b\u00f6rn.<\/span><\/p>\n<\/div>\n<div>\n<h3><span>Erasmus+<\/span><\/h3>\n<p><span>Styrkt af Evr\u00f3pusambandinu. \u00c1lit og sko\u00f0anir sem settar eru fram eru \u00ed nafni h\u00f6funda og endurspegla ekki endilega sko\u00f0anir Evr\u00f3pusambandsins e\u00f0a Framkv\u00e6mdastofnunar Evr\u00f3pu um mennta- og menningarm\u00e1l (EACEA). Hvorki Evr\u00f3pusambandi\u00f0 n\u00e9 EACEA geta bori\u00f0 \u00e1byrg\u00f0 \u00e1 \u00feeim.<\/span><\/p>\n<p><span>Verkefnan\u00famer<\/span>: 2022-1- KA220-SCH-7767B436<\/p>\n<\/div>\n<p><img decoding=\"async\" src=\"\/wp-content\/uploads\/2023\/02\/Picture1.png\" alt=\"\"><\/p>\n<p><!--more--><br \/>\n<!-- {\"type\":\"layout\",\"children\":[{\"type\":\"section\",\"props\":{\"image_position\":\"center-center\",\"padding\":\"small\",\"padding_remove_bottom\":false,\"style\":\"default\",\"title_breakpoint\":\"xl\",\"title_position\":\"top-left\",\"title_rotation\":\"left\",\"vertical_align\":\"\",\"width\":\"default\"},\"children\":[{\"type\":\"row\",\"children\":[{\"type\":\"column\",\"props\":{\"image_position\":\"center-center\",\"position_sticky_breakpoint\":\"m\"}}]},{\"type\":\"row\",\"children\":[{\"type\":\"column\",\"props\":{\"image_position\":\"center-center\",\"position_sticky_breakpoint\":\"m\",\"vertical_align\":\"middle\"},\"children\":[{\"type\":\"panel\",\"props\":{\"block_align\":\"center\",\"content\":\"\",\"content_column_breakpoint\":\"m\",\"css\":\".el-element td:first-child{\\n\\tdisplay: flex;\\n\\tjustify-content: center;\\n}\",\"icon_width\":80,\"image\":\"\",\"image_align\":\"top\",\"image_border\":\"circle\",\"image_grid_breakpoint\":\"m\",\"image_grid_width\":\"1-2\",\"image_height\":\"145\",\"image_loading\":true,\"image_svg_color\":\"emphasis\",\"image_width\":\"145\",\"link_style\":\"default\",\"link_text\":\"Read more\",\"margin\":\"\",\"meta\":\"\",\"meta_align\":\"above-title\",\"meta_color\":\"primary\",\"meta_element\":\"div\",\"meta_margin\":\"medium\",\"meta_style\":\"h6\",\"text_align\":\"left\",\"title\":\" Haf\\u00f0u samband vi\\u00f0 \\u00fe\\u00e1 samstarfsa\\u00f0ila sem taka \\u00fe\\u00e1tt \\u00ed verkefninu\",\"title_align\":\"top\",\"title_element\":\"h2\",\"title_grid_breakpoint\":\"m\",\"title_grid_width\":\"1-2\",\"title_hover_style\":\"reset\"}},{\"type\":\"divider\",\"props\":{\"css\":\".el-element{\\n\\tborder: 3px solid;\\n    margin: 0px;\\n    color: #ED1F27;\\n}\",\"divider_element\":\"hr\"}}]}],\"props\":{\"column_gap\":\"collapse\"}},{\"type\":\"row\",\"children\":[{\"type\":\"column\",\"props\":{\"image_position\":\"center-center\",\"position_sticky_breakpoint\":\"m\"}}]}],\"name\":\"contact1\"},{\"type\":\"section\",\"props\":{\"image_position\":\"center-center\",\"padding_remove_top\":true,\"style\":\"default\",\"title_breakpoint\":\"xl\",\"title_position\":\"top-left\",\"title_rotation\":\"left\",\"vertical_align\":\"\",\"width\":\"default\"},\"children\":[{\"type\":\"row\",\"children\":[{\"type\":\"column\",\"props\":{\"image_position\":\"center-center\",\"position_sticky_breakpoint\":\"m\"},\"children\":[{\"name\":\"contact\",\"type\":\"table\",\"children\":[{\"type\":\"table_item\",\"props\":{\"content\":\"\",\"image\":\"wp-content\\\/uploads\\\/2023\\\/02\\\/DV_Pahuljica.png\",\"link\":\"vrtic.pahuljica.rab@gmail.com\",\"link_text\":\"samband \\u2192\",\"meta\":\"\",\"title\":\"DV PAHULJICA - Croatia <br\\\/> Sanja Grozdani\\u0107\"}},{\"type\":\"table_item\",\"props\":{\"content\":\"Recruiting\",\"image\":\"wp-content\\\/uploads\\\/2024\\\/04\\\/Screenshot_103.png\",\"link\":\"mailto:tomasz.szemberg@gmail.com\",\"link_text\":\"samband \\u2192\",\"meta\":\"\",\"title\":\"PEDAGOGICAL UNIVERSITY OF CRACOW - Poland <br\\\/> Tomasz Szemberg\"}},{\"type\":\"table_item\",\"props\":{\"content\":\"\",\"image\":\"wp-content\\\/uploads\\\/2023\\\/02\\\/IDEC_logo.png\",\"link\":\"mailto:irene@idec.gr\",\"link_text\":\"samband \\u2192\",\"meta\":\"\",\"title\":\"IDEC - Greece  <br\\\/> Irene Gkotsi\"}},{\"type\":\"table_item\",\"props\":{\"content\":\"\",\"image\":\"wp-content\\\/uploads\\\/2023\\\/02\\\/Akata_makata.jpg\",\"link\":\"mailto:euprojects@akatamakata.eu \",\"link_text\":\"samband \\u2192\",\"meta\":\"\",\"title\":\"AKATA MAKATA - Greece  <br \/> Venia Soumpenioti\"}},{\"type\":\"table_item\",\"props\":{\"image\":\"wp-content\\\/uploads\\\/2023\\\/02\\\/Little_steps.png\",\"link\":\"mailto:littlesteps@azbuki-school.bg\",\"link_text\":\"samband \\u2192\",\"title\":\"LITTLE STEPS - Bulgaria <br\\\/> Nadejda Raycheva\"}},{\"type\":\"table_item\",\"props\":{\"image\":\"wp-content\\\/uploads\\\/2023\\\/02\\\/aeje.jpg\",\"link\":\"mailto: f162@aeje.pt \",\"link_text\":\"samband \\u2192\",\"title\":\"AGRUPAMENTO DE ESCOLAS JOS\\u00c9 EST\\u00caV\\u00c3O - Portugal <br\\\/> Maria Gl\\u00f3ria Leite \"}},{\"type\":\"table_item\",\"props\":{\"image\":\"wp-content\\\/uploads\\\/2023\\\/02\\\/CEIP_Dama_Guardamar-1.png\",\"link\":\"mailto:edamaplus@gmail.com\",\"link_text\":\"samband \\u2192\",\"title\":\"DAMA DE GUARDAMAR - Spain <br\\\/> Consuelo Torregrosa Andreu\"}},{\"type\":\"table_item\",\"props\":{\"image\":\"wp-content\\\/uploads\\\/2023\\\/02\\\/Urridaholtsskoli.png\",\"link\":\"mailto:sandrahi@urridaholtsskoli.is\",\"link_text\":\"samband \\u2192\",\"title\":\"URRIDAHOLTSSKOLI - Iceland <br\\\/> Sandra Stojkovic Hinic\"}}],\"props\":{\"content_style\":\"text-meta\",\"image_border\":\"rounded\",\"image_height\":\"60\",\"image_svg_color\":\"emphasis\",\"link_style\":\"text\",\"link_text\":\"Contact\",\"meta_style\":\"h5\",\"show_content\":false,\"show_image\":true,\"show_link\":true,\"show_meta\":true,\"show_title\":true,\"table_hover\":false,\"table_justify\":true,\"table_last_align\":\"right\",\"table_layout\":\"1\",\"table_order\":\"1\",\"table_responsive\":\"responsive\",\"table_style\":\"divider\",\"table_vertical_align\":true,\"table_width_content\":\"small\",\"table_width_meta\":\"shrink\",\"table_width_title\":\"\",\"text_align\":\"left\",\"text_align_breakpoint\":\"m\",\"text_align_fallback\":\"center\",\"title_style\":\"h5\"}}]}]}],\"name\":\"contact2\"},{\"type\":\"section\",\"props\":{\"css\":\".el-section{\\n\\tbackground-color: #ccc;\\n    color: black;\\n}\",\"image_position\":\"center-center\",\"padding\":\"xsmall\",\"style\":\"default\",\"title_breakpoint\":\"xl\",\"title_position\":\"top-left\",\"title_rotation\":\"left\",\"vertical_align\":\"\",\"width\":\"large\"},\"children\":[{\"type\":\"row\",\"props\":{\"layout\":\"1-3,2-3\"},\"children\":[{\"type\":\"column\",\"props\":{\"image_position\":\"center-center\",\"position_sticky_breakpoint\":\"m\",\"width_medium\":\"1-3\"},\"children\":[{\"type\":\"text\",\"props\":{\"column_breakpoint\":\"m\",\"content\":\"\n\n<h3><span>Um:<\\\/span><\\\/h3>\\n\n\n<p><span>UPSTAIRS verkefni\\u00f0 er styrkt af Erasmus+ og mi\\u00f0ar a\\u00f0 skapandi tilf\\u00e6rslu milli sk\\u00f3lastiga, sem lei\\u00f0ir af s\\u00e9r hamingjus\\u00f6m og sj\\u00e1lfs\\u00f6rugg b\\u00f6rn.<\\\/span><\\\/p>\",\"margin\":\"default\"}}]},{\"type\":\"column\",\"props\":{\"image_position\":\"center-center\",\"position_sticky_breakpoint\":\"m\",\"width_medium\":\"2-3\"},\"children\":[{\"type\":\"text\",\"props\":{\"column_breakpoint\":\"m\",\"content\":\"\n\n<h3><span>Erasmus+<\\\/span><\\\/h3>\\n\n\n<p><span>Styrkt af Evr\\u00f3pusambandinu. \\u00c1lit og sko\\u00f0anir sem settar eru fram eru \\u00ed nafni h\\u00f6funda og endurspegla ekki endilega sko\\u00f0anir Evr\\u00f3pusambandsins e\\u00f0a Framkv\\u00e6mdastofnunar Evr\\u00f3pu um mennta- og menningarm\\u00e1l (EACEA). Hvorki Evr\\u00f3pusambandi\\u00f0 n\\u00e9 EACEA geta bori\\u00f0 \\u00e1byrg\\u00f0 \\u00e1 \\u00feeim.<\\\/span><\\\/p>\\n\n\n<p><span>Verkefnan\\u00famer<\\\/span>: 2022-1- KA220-SCH-7767B436<\\\/p>\",\"margin\":\"default\"}},{\"type\":\"image\",\"props\":{\"image\":\"wp-content\\\/uploads\\\/2023\\\/02\\\/Picture1.png\",\"image_height\":\"100\",\"image_svg_color\":\"emphasis\",\"margin\":\"default\",\"text_align\":\"left\"}}]}]}],\"name\":\"Footer_is\"}],\"version\":\"4.4.6\"} --><\/p>\n","protected":false},"excerpt":{"rendered":"<p>Haf\u00f0u samband vi\u00f0 \u00fe\u00e1 samstarfsa\u00f0ila sem taka \u00fe\u00e1tt \u00ed verkefninu DV PAHULJICA &#8211; Croatia Sanja Grozdani\u0107 samband \u2192 PEDAGOGICAL UNIVERSITY OF CRACOW &#8211; Poland Tomasz Szemberg Recruiting samband \u2192 IDEC &#8211; Greece Irene Gkotsi samband \u2192 AKATA MAKATA &#8211; Greece Venia Soumpenioti samband \u2192 LITTLE STEPS &#8211; Bulgaria Nadejda Raycheva samband \u2192 AGRUPAMENTO DE ESCOLAS [&hellip;]<\/p>\n","protected":false},"author":1,"featured_media":0,"parent":0,"menu_order":0,"comment_status":"closed","ping_status":"closed","template":"","meta":{"footnotes":""},"class_list":["post-581","page","type-page","status-publish","hentry"],"_links":{"self":[{"href":"https:\/\/transition2primary.eu\/is\/wp-json\/wp\/v2\/pages\/581"}],"collection":[{"href":"https:\/\/transition2primary.eu\/is\/wp-json\/wp\/v2\/pages"}],"about":[{"href":"https:\/\/transition2primary.eu\/is\/wp-json\/wp\/v2\/types\/page"}],"author":[{"embeddable":true,"href":"https:\/\/transition2primary.eu\/is\/wp-json\/wp\/v2\/users\/1"}],"replies":[{"embeddable":true,"href":"https:\/\/transition2primary.eu\/is\/wp-json\/wp\/v2\/comments?post=581"}],"version-history":[{"count":5,"href":"https:\/\/transition2primary.eu\/is\/wp-json\/wp\/v2\/pages\/581\/revisions"}],"predecessor-version":[{"id":9849,"href":"https:\/\/transition2primary.eu\/is\/wp-json\/wp\/v2\/pages\/581\/revisions\/9849"}],"wp:attachment":[{"href":"https:\/\/transition2primary.eu\/is\/wp-json\/wp\/v2\/media?parent=581"}],"curies":[{"name":"wp","href":"https:\/\/api.w.org\/{rel}","templated":true}]}}