{"id":578,"date":"2023-03-03T11:19:50","date_gmt":"2023-03-03T11:19:50","guid":{"rendered":"https:\/\/transition2primary.eu\/resources\/"},"modified":"2023-03-15T13:43:28","modified_gmt":"2023-03-15T13:43:28","slug":"resources","status":"publish","type":"page","link":"https:\/\/transition2primary.eu\/is\/resources\/","title":{"rendered":"G\u00d6GN"},"content":{"rendered":"<h1><span>Stefna verkefnisins<\/span><\/h1>\n<div>\n<div class=\"ewa-rteLine\">\u00deeir a\u00f0ilar sem koma a\u00f0 verkefninu hafa m\u00f3ta\u00f0 sameiginlega stefnu:<\/div>\n<div class=\"ewa-rteLine\">A\u00f0 gera tilf\u00e6rslu milli sk\u00f3lastiga eins \u00e1reynslulausa og fars\u00e6la eins og kostur er.<\/div>\n<div class=\"ewa-rteLine\">Me\u00f0 \u00fev\u00ed a\u00f0 deila reynslu, inns\u00fdn og \u00feekkingu \u00feeirra sem koma a\u00f0 verkefninu er h\u00e6gt a\u00f0 m\u00f3ta heildr\u00e6na og barnmi\u00f0a\u00f0a n\u00e1lgun a\u00f0 fars\u00e6lli tilf\u00e6rslu milli sk\u00f3lastiga.<\/div>\n<\/div>\n<p><img decoding=\"async\" src=\"\/wp-content\/uploads\/services-shape-01.svg\" alt=\"\"><br \/>\n<img decoding=\"async\" src=\"\/wp-content\/uploads\/2023\/02\/Resources-e1675861956764.jpg\" alt=\"\"><br \/>\n<img decoding=\"async\" src=\"\/wp-content\/uploads\/services-shape-02.svg\" alt=\"\"><\/p>\n<ul>\n<li>\n<h2>Kennslufr\u00e6\u00f0ileg g\u00f6gn<\/h2>\n<div>\n<p><span>Safn kennslufr\u00e6\u00f0ilegra gagna til a\u00f0 undirb\u00faa nemendur fyrir \u00fe\u00e6r \u00fe\u00e1 f\u00e6rni sem \u00e6skilegt er a\u00f0 \u00feau hafi n\u00e1\u00f0 \u00e1\u00f0ur en \u00feau f\u00e6rast \u00far leiksk\u00f3la yfir \u00ed grunnsk\u00f3la.<\/span><\/p>\n<p><span>Verkefni \u00ed vinnslu &#8211; \u00c1\u00e6tlu\u00f0 \u00fatg\u00e1fudagur: N\u00d3VEMBER 2023<\/span><\/p>\n<\/div>\n<\/li>\n<li>\n<h2>\u00dej\u00e1lfun<\/h2>\n<div>\n<p><span>Fj\u00f6l\u00fej\u00f3\u00f0leg \u00fej\u00e1lfun fyrir starfsf\u00f3lk leiksk\u00f3la \u00ed \u00fev\u00ed hvernig eigi a\u00f0 \u00fer\u00f3a og m\u00f3ta \u00fe\u00e1 f\u00e6rni sem nemendur \u00feurfa fyrir fars\u00e6lan og \u00e1r\u00e1ngursr\u00edkan flutning milli sk\u00f3lastiga.<\/span><\/p>\n<p><span>Verkefni \u00ed vinnslu &#8211; \u00c1\u00e6tlu\u00f0 \u00fatg\u00e1fudagur: N\u00d3VEMBER 2023<\/span><\/p>\n<\/div>\n<\/li>\n<li>\n<h2>Vinnustofur<\/h2>\n<div>\n<p><span>Vinnustofur fyrir foreldra, leik- og grunnsk\u00f3lakennara til a\u00f0 \u00fer\u00f3a sameiginlegan skilning \u00e1 a\u00f0l\u00f6gunart\u00edmabilinu.<\/span><\/p>\n<p><span>Verkefni \u00ed vinnslu &#8211; \u00c1\u00e6tla\u00f0ur \u00fatg\u00e1fudagur: MA\u00cd 2024<\/span><\/p>\n<\/div>\n<\/li>\n<li>\n<h2>Lei\u00f0beiningar fyrir tilf\u00e6rslu<\/h2>\n<div>\n<p><span>Lei\u00f0arv\u00edsir a\u00f0 starfsh\u00e1ttum og a\u00f0fer\u00f0afr\u00e6\u00f0i me\u00f0 v\u00edsun \u00ed d\u00e6mis\u00f6gur sem stu\u00f0la a\u00f0 \u00e1rangursr\u00edkri tilf\u00e6rslu milli sk\u00f3lastiga.<\/span><\/p>\n<p><span>Verkefni \u00ed vinnslu &#8211; \u00c1\u00e6tla\u00f0ur \u00fatg\u00e1fudagur: \u00c1G\u00daST 2024<\/span><\/p>\n<\/div>\n<\/li>\n<li>\n<h2>UPSTAIR samf\u00e9lagi\u00f0<\/h2>\n<div>\n<p><span>Samstarfsvettvangur fyrir foreldra, leiksk\u00f3la- og grunnsk\u00f3lakennara til a\u00f0 finna lei\u00f0ir, mi\u00f0la og skiptast \u00e1 reynslu og uppl\u00fdsingum \u00feegar kemur a\u00f0 \u00fev\u00ed a\u00f0 br\u00faa bili\u00f0 milli leik- og grunnsk\u00f3la.<\/span><\/p>\n<p><span>&#8222;V\u00e6ntanlegt&#8220;<\/span><\/p>\n<\/div>\n<\/li>\n<\/ul>\n<div>\n<h3><span>Um:<\/span><\/h3>\n<p><span>UPSTAIRS verkefni\u00f0 er styrkt af Erasmus+ og mi\u00f0ar a\u00f0 skapandi tilf\u00e6rslu milli sk\u00f3lastiga, sem lei\u00f0ir af s\u00e9r hamingjus\u00f6m og sj\u00e1lfs\u00f6rugg b\u00f6rn.<\/span><\/p>\n<\/div>\n<div>\n<h3><span>Erasmus+<\/span><\/h3>\n<p><span>Styrkt af Evr\u00f3pusambandinu. \u00c1lit og sko\u00f0anir sem settar eru fram eru \u00ed nafni h\u00f6funda og endurspegla ekki endilega sko\u00f0anir Evr\u00f3pusambandsins e\u00f0a Framkv\u00e6mdastofnunar Evr\u00f3pu um mennta- og menningarm\u00e1l (EACEA). Hvorki Evr\u00f3pusambandi\u00f0 n\u00e9 EACEA geta bori\u00f0 \u00e1byrg\u00f0 \u00e1 \u00feeim.<\/span><\/p>\n<p><span>Verkefnan\u00famer<\/span>: 2022-1- KA220-SCH-7767B436<\/p>\n<\/div>\n<p><img decoding=\"async\" src=\"\/wp-content\/uploads\/2023\/02\/Picture1.png\" alt=\"\"><\/p>\n<p><!--more--><br \/>\n<!-- {\"type\":\"layout\",\"children\":[{\"name\":\"resources1\",\"type\":\"section\",\"props\":{\"image_position\":\"center-center\",\"padding\":\"none\",\"style\":\"default\",\"title_breakpoint\":\"xl\",\"title_position\":\"top-left\",\"title_rotation\":\"left\",\"vertical_align\":\"middle\",\"width\":\"large\",\"width_expand\":\"right\"},\"children\":[{\"name\":\"\",\"type\":\"row\",\"children\":[{\"name\":\"\",\"type\":\"column\",\"props\":{\"css\":\"@media (min-width: 960px) {\\n    \\n\\t.el-column { max-width: 453px; }\\n    .el-column .uk-tile {\\n        padding-top: 0;\\n        padding-bottom: 0;\\n        padding-left: 0;\\n    }\\n    \\n}\",\"image_position\":\"center-center\",\"media_overlay_gradient\":\"\",\"padding\":\"small\",\"position_sticky_breakpoint\":\"m\",\"style\":\"default\",\"vertical_align\":\"middle\",\"width_medium\":\"1-3\"},\"children\":[{\"type\":\"headline\",\"props\":{\"content\":\"<span>Stefna verkefnisins<\\\/span>\",\"margin\":\"remove-vertical\",\"maxwidth\":\"large\",\"maxwidth_breakpoint\":\"m\",\"text_align\":\"left\",\"text_align_breakpoint\":\"m\",\"text_align_fallback\":\"center\",\"title_element\":\"h1\"}},{\"type\":\"text\",\"props\":{\"column_breakpoint\":\"m\",\"content\":\"\n\n<div class=\\\"ewa-rteLine\\\">\\u00deeir a\\u00f0ilar sem koma a\\u00f0 verkefninu hafa m\\u00f3ta\\u00f0 sameiginlega stefnu:<\\\/div>\\n\n\n<div class=\\\"ewa-rteLine\\\">A\\u00f0 gera tilf\\u00e6rslu milli sk\\u00f3lastiga eins \\u00e1reynslulausa og fars\\u00e6la eins og kostur er.<\\\/div>\\n\n\n<div class=\\\"ewa-rteLine\\\">Me\\u00f0 \\u00fev\\u00ed a\\u00f0 deila reynslu, inns\\u00fdn og \\u00feekkingu \\u00feeirra sem koma a\\u00f0 verkefninu er h\\u00e6gt a\\u00f0 m\\u00f3ta heildr\\u00e6na og barnmi\\u00f0a\\u00f0a n\\u00e1lgun a\\u00f0 fars\\u00e6lli tilf\\u00e6rslu milli sk\\u00f3lastiga.<\\\/div>\",\"margin\":\"default\",\"maxwidth\":\"large\",\"maxwidth_breakpoint\":\"m\",\"text_align\":\"left\",\"text_align_breakpoint\":\"m\",\"text_align_fallback\":\"center\"}}]},{\"type\":\"column\",\"props\":{\"image_position\":\"center-center\",\"media_overlay_gradient\":\"\",\"position_sticky_breakpoint\":\"m\",\"width_medium\":\"2-3\"},\"children\":[{\"type\":\"image\",\"props\":{\"image\":\"wp-content\\\/uploads\\\/services-shape-01.svg\",\"image_height\":\"170\",\"image_loading\":true,\"image_svg_color\":\"\",\"image_svg_inline\":false,\"image_width\":\"170\",\"margin\":\"default\",\"parallax_easing\":\"-1\",\"position\":\"absolute\",\"position_left\":\"-170\",\"position_z_index\":\"0\",\"visibility\":\"xl\"}},{\"type\":\"image\",\"props\":{\"container_padding_remove\":true,\"css\":\"@media (max-width: 959px) {\\n    \\n    .el-element.uk-container-item-padding-remove-right {\\n        width: 100%;\\n        margin-right: 0;\\n    }\\n    \\n}\",\"image\":\"wp-content\\\/uploads\\\/2023\\\/02\\\/Resources-e1675861956764.jpg\",\"image_loading\":true,\"image_svg_color\":\"emphasis\",\"image_width\":\"1510\",\"margin\":\"default\",\"margin_remove_top\":true,\"position\":\"relative\",\"position_z_index\":\"2\",\"text_align\":\"right\"}}]}],\"props\":{\"column_gap\":\"collapse\",\"layout\":\"1-3,2-3\",\"row_gap\":\"collapse\"}}]},{\"name\":\"resources2\",\"type\":\"section\",\"props\":{\"animation\":\"slide-top-small\",\"header_overlay\":\"light\",\"height_viewport\":false,\"image\":\"\",\"image_effect\":\"parallax\",\"image_parallax_easing\":\"1\",\"image_position\":\"bottom-left\",\"media\":\"\",\"padding\":\"large\",\"padding_remove_top\":true,\"style\":\"default\",\"title_breakpoint\":\"xl\",\"title_position\":\"top-left\",\"title_rotation\":\"left\",\"vertical_align\":\"middle\",\"width\":\"\"},\"children\":[{\"type\":\"row\",\"children\":[{\"type\":\"column\",\"props\":{\"image_position\":\"center-center\",\"media_overlay_gradient\":\"\",\"position_sticky_breakpoint\":\"m\"},\"children\":[{\"type\":\"image\",\"props\":{\"image\":\"wp-content\\\/uploads\\\/services-shape-02.svg\",\"image_height\":\"330\",\"image_svg_color\":\"\",\"image_svg_inline\":false,\"image_width\":\"165\",\"margin\":\"default\",\"position\":\"absolute\",\"position_top\":\"-160\",\"position_z_index\":\"1\",\"visibility\":\"xl\"}}]}],\"props\":{\"margin\":\"remove-vertical\"}},{\"type\":\"row\",\"props\":{\"margin\":\"large\",\"width\":\"large\"},\"children\":[{\"type\":\"column\",\"props\":{\"image_position\":\"center-center\",\"media_overlay_gradient\":\"\",\"position_sticky_breakpoint\":\"m\"},\"children\":[{\"type\":\"grid\",\"props\":{\"content_column_breakpoint\":\"m\",\"filter_align\":\"left\",\"filter_all\":true,\"filter_grid_breakpoint\":\"m\",\"filter_grid_width\":\"auto\",\"filter_position\":\"top\",\"filter_style\":\"tab\",\"grid_column_gap\":\"collapse\",\"grid_default\":\"1\",\"grid_medium\":\"3\",\"grid_row_gap\":\"collapse\",\"grid_small\":\"2\",\"icon_width\":80,\"id\":\"services\",\"image_align\":\"top\",\"image_grid_breakpoint\":\"m\",\"image_grid_width\":\"1-2\",\"image_height\":\"68\",\"image_svg_color\":\"emphasis\",\"image_svg_inline\":true,\"image_width\":\"68\",\"item_animation\":true,\"link_margin\":\"medium\",\"link_style\":\"default\",\"link_text\":\"<span uk-icon=\\\"icon: arrow-right; ratio: 1.4\\\"><\\\/span>\",\"margin\":\"remove-vertical\",\"meta_align\":\"below-title\",\"meta_element\":\"div\",\"meta_style\":\"text-meta\",\"panel_link\":true,\"panel_padding\":\"large\",\"panel_style\":\"tile-checked\",\"parallax_easing\":\"1\",\"position\":\"relative\",\"position_z_index\":\"1\",\"show_content\":true,\"show_image\":true,\"show_link\":true,\"show_meta\":true,\"show_title\":true,\"title_align\":\"top\",\"title_element\":\"h2\",\"title_grid_breakpoint\":\"m\",\"title_grid_width\":\"1-2\",\"title_hover_style\":\"reset\",\"title_style\":\"h3\"},\"children\":[{\"type\":\"grid_item\",\"props\":{\"content\":\"\n\n<p><span>Safn kennslufr\\u00e6\\u00f0ilegra gagna til a\\u00f0 undirb\\u00faa nemendur fyrir \\u00fe\\u00e6r \\u00fe\\u00e1 f\\u00e6rni sem \\u00e6skilegt er a\\u00f0 \\u00feau hafi n\\u00e1\\u00f0 \\u00e1\\u00f0ur en \\u00feau f\\u00e6rast \\u00far leiksk\\u00f3la yfir \\u00ed grunnsk\\u00f3la.<\\\/span><\\\/p>\\n\n\n<p><span>Verkefni \\u00ed vinnslu - \\u00c1\\u00e6tlu\\u00f0 \\u00fatg\\u00e1fudagur: N\\u00d3VEMBER 2023<\\\/span><\\\/p>\",\"image\":\"\",\"link\":\"\",\"link_text\":\"\",\"title\":\"Kennslufr\\u00e6\\u00f0ileg g\\u00f6gn\"}},{\"type\":\"grid_item\",\"props\":{\"content\":\"\n\n<p><span>Fj\\u00f6l\\u00fej\\u00f3\\u00f0leg \\u00fej\\u00e1lfun fyrir starfsf\\u00f3lk leiksk\\u00f3la \\u00ed \\u00fev\\u00ed hvernig eigi a\\u00f0 \\u00fer\\u00f3a og m\\u00f3ta \\u00fe\\u00e1 f\\u00e6rni sem nemendur \\u00feurfa fyrir fars\\u00e6lan og \\u00e1r\\u00e1ngursr\\u00edkan flutning milli sk\\u00f3lastiga.<\\\/span><\\\/p>\\n\n\n<p><span>Verkefni \\u00ed vinnslu - \\u00c1\\u00e6tlu\\u00f0 \\u00fatg\\u00e1fudagur: N\\u00d3VEMBER 2023<\\\/span><\\\/p>\",\"image\":\"\",\"link\":\"\",\"link_text\":\"\",\"title\":\"\\u00dej\\u00e1lfun\"}},{\"type\":\"grid_item\",\"props\":{\"content\":\"\n\n<p><span>Vinnustofur fyrir foreldra, leik- og grunnsk\\u00f3lakennara til a\\u00f0 \\u00fer\\u00f3a sameiginlegan skilning \\u00e1 a\\u00f0l\\u00f6gunart\\u00edmabilinu.<\\\/span><\\\/p>\\n\n\n<p><span>Verkefni \\u00ed vinnslu - \\u00c1\\u00e6tla\\u00f0ur \\u00fatg\\u00e1fudagur: MA\\u00cd 2024<\\\/span><\\\/p>\",\"image\":\"\",\"link\":\"\",\"link_text\":\"\",\"title\":\"Vinnustofur\"}},{\"type\":\"grid_item\",\"props\":{\"content\":\"\n\n<p><span>Lei\\u00f0arv\\u00edsir a\\u00f0 starfsh\\u00e1ttum og a\\u00f0fer\\u00f0afr\\u00e6\\u00f0i me\\u00f0 v\\u00edsun \\u00ed d\\u00e6mis\\u00f6gur sem stu\\u00f0la a\\u00f0 \\u00e1rangursr\\u00edkri tilf\\u00e6rslu milli sk\\u00f3lastiga.<\\\/span><\\\/p>\\n\n\n<p><span>Verkefni \\u00ed vinnslu - \\u00c1\\u00e6tla\\u00f0ur \\u00fatg\\u00e1fudagur: \\u00c1G\\u00daST 2024<\\\/span><\\\/p>\",\"image\":\"\",\"link\":\"\",\"link_text\":\"\",\"title\":\"Lei\\u00f0beiningar fyrir tilf\\u00e6rslu\"}},{\"type\":\"grid_item\",\"props\":{\"content\":\"\n\n<p><span>Samstarfsvettvangur fyrir foreldra, leiksk\\u00f3la- og grunnsk\\u00f3lakennara til a\\u00f0 finna lei\\u00f0ir, mi\\u00f0la og skiptast \\u00e1 reynslu og uppl\\u00fdsingum \\u00feegar kemur a\\u00f0 \\u00fev\\u00ed a\\u00f0 br\\u00faa bili\\u00f0 milli leik- og grunnsk\\u00f3la.<\\\/span><\\\/p>\\n\n\n<p><span>\\\"V\\u00e6ntanlegt\\\"<\\\/span><\\\/p>\",\"image\":\"\",\"link\":\"\",\"link_text\":\"Join\",\"title\":\"UPSTAIR samf\\u00e9lagi\\u00f0\"}}]}]}]}]},{\"type\":\"section\",\"props\":{\"css\":\".el-section{\\n\\tbackground-color: #ccc;\\n    color: black;\\n}\",\"image_position\":\"center-center\",\"padding\":\"xsmall\",\"style\":\"default\",\"title_breakpoint\":\"xl\",\"title_position\":\"top-left\",\"title_rotation\":\"left\",\"vertical_align\":\"middle\",\"width\":\"large\"},\"children\":[{\"type\":\"row\",\"props\":{\"layout\":\"1-3,2-3\"},\"children\":[{\"type\":\"column\",\"props\":{\"image_position\":\"center-center\",\"media_overlay_gradient\":\"\",\"position_sticky_breakpoint\":\"m\",\"width_medium\":\"1-3\"},\"children\":[{\"type\":\"text\",\"props\":{\"column_breakpoint\":\"m\",\"content\":\"\n\n<h3><span>Um:<\\\/span><\\\/h3>\\n\n\n<p><span>UPSTAIRS verkefni\\u00f0 er styrkt af Erasmus+ og mi\\u00f0ar a\\u00f0 skapandi tilf\\u00e6rslu milli sk\\u00f3lastiga, sem lei\\u00f0ir af s\\u00e9r hamingjus\\u00f6m og sj\\u00e1lfs\\u00f6rugg b\\u00f6rn.<\\\/span><\\\/p>\",\"margin\":\"default\"}}]},{\"type\":\"column\",\"props\":{\"image_position\":\"center-center\",\"media_overlay_gradient\":\"\",\"position_sticky_breakpoint\":\"m\",\"width_medium\":\"2-3\"},\"children\":[{\"type\":\"text\",\"props\":{\"column_breakpoint\":\"m\",\"content\":\"\n\n<h3><span>Erasmus+<\\\/span><\\\/h3>\\n\n\n<p><span>Styrkt af Evr\\u00f3pusambandinu. \\u00c1lit og sko\\u00f0anir sem settar eru fram eru \\u00ed nafni h\\u00f6funda og endurspegla ekki endilega sko\\u00f0anir Evr\\u00f3pusambandsins e\\u00f0a Framkv\\u00e6mdastofnunar Evr\\u00f3pu um mennta- og menningarm\\u00e1l (EACEA). Hvorki Evr\\u00f3pusambandi\\u00f0 n\\u00e9 EACEA geta bori\\u00f0 \\u00e1byrg\\u00f0 \\u00e1 \\u00feeim.<\\\/span><\\\/p>\\n\n\n<p><span>Verkefnan\\u00famer<\\\/span>: 2022-1- KA220-SCH-7767B436<\\\/p>\",\"margin\":\"default\"}},{\"type\":\"image\",\"props\":{\"image\":\"wp-content\\\/uploads\\\/2023\\\/02\\\/Picture1.png\",\"image_height\":\"100\",\"image_svg_color\":\"emphasis\",\"margin\":\"default\",\"text_align\":\"left\"}}]}]}],\"name\":\"Footer_is\"}],\"version\":\"3.0.20\"} --><\/p>\n","protected":false},"excerpt":{"rendered":"<p>Stefna verkefnisins \u00deeir a\u00f0ilar sem koma a\u00f0 verkefninu hafa m\u00f3ta\u00f0 sameiginlega stefnu: A\u00f0 gera tilf\u00e6rslu milli sk\u00f3lastiga eins \u00e1reynslulausa og fars\u00e6la eins og kostur er. Me\u00f0 \u00fev\u00ed a\u00f0 deila reynslu, inns\u00fdn og \u00feekkingu \u00feeirra sem koma a\u00f0 verkefninu er h\u00e6gt a\u00f0 m\u00f3ta heildr\u00e6na og barnmi\u00f0a\u00f0a n\u00e1lgun a\u00f0 fars\u00e6lli tilf\u00e6rslu milli sk\u00f3lastiga. Kennslufr\u00e6\u00f0ileg g\u00f6gn Safn kennslufr\u00e6\u00f0ilegra [&hellip;]<\/p>\n","protected":false},"author":1,"featured_media":0,"parent":0,"menu_order":0,"comment_status":"closed","ping_status":"closed","template":"","meta":{"footnotes":""},"class_list":["post-578","page","type-page","status-publish","hentry"],"_links":{"self":[{"href":"https:\/\/transition2primary.eu\/is\/wp-json\/wp\/v2\/pages\/578"}],"collection":[{"href":"https:\/\/transition2primary.eu\/is\/wp-json\/wp\/v2\/pages"}],"about":[{"href":"https:\/\/transition2primary.eu\/is\/wp-json\/wp\/v2\/types\/page"}],"author":[{"embeddable":true,"href":"https:\/\/transition2primary.eu\/is\/wp-json\/wp\/v2\/users\/1"}],"replies":[{"embeddable":true,"href":"https:\/\/transition2primary.eu\/is\/wp-json\/wp\/v2\/comments?post=578"}],"version-history":[{"count":2,"href":"https:\/\/transition2primary.eu\/is\/wp-json\/wp\/v2\/pages\/578\/revisions"}],"predecessor-version":[{"id":587,"href":"https:\/\/transition2primary.eu\/is\/wp-json\/wp\/v2\/pages\/578\/revisions\/587"}],"wp:attachment":[{"href":"https:\/\/transition2primary.eu\/is\/wp-json\/wp\/v2\/media?parent=578"}],"curies":[{"name":"wp","href":"https:\/\/api.w.org\/{rel}","templated":true}]}}