{"id":572,"date":"2023-03-03T11:02:21","date_gmt":"2023-03-03T11:02:21","guid":{"rendered":"https:\/\/transition2primary.eu\/home\/"},"modified":"2024-08-26T18:52:09","modified_gmt":"2024-08-26T18:52:09","slug":"home","status":"publish","type":"page","link":"https:\/\/transition2primary.eu\/is\/","title":{"rendered":"Heima"},"content":{"rendered":"<h1>UPSTAIRS<\/h1>\n<div>\n<p>M\u00f3tun ferlis a\u00f0 fara \u00far leiksk\u00f3la \u00ed grunnsk\u00f3la<\/p>\n<\/div>\n<p><img decoding=\"async\" src=\"\/wp-content\/uploads\/home-shape-01.svg\" alt=\"\"><br \/>\n<img decoding=\"async\" src=\"\/wp-content\/uploads\/2023\/02\/Picture2-1.jpg\" alt=\"\"><\/p>\n<div>\n<h2>Hva\u00f0 er transition2primary<\/h2>\n<div>\n<p><span>Transition2primary er opi\u00f0 stafr\u00e6nt sv\u00e6\u00f0i sem au\u00f0veldar samvinnu milli leik- og grunnsk\u00f3lasamf\u00e9lagsins. \u00deessi s\u00ed\u00f0a inniheldur safn verkefna, \u00e1bendingar og stu\u00f0ningsefni fyrir starfsf\u00f3lk sk\u00f3la og foreldra til a\u00f0 sty\u00f0ja vi\u00f0 tilf\u00e6rslur barna \u00e1 milli sk\u00f3lastiga. Markmi\u00f0i\u00f0 er a\u00f0 \u00fer\u00f3a barnmi\u00f0a\u00f0an samstarfsgrundv\u00f6ll sem mun veita b\u00f6rnum nau\u00f0synlega f\u00e6rni til a\u00f0 takast \u00e1 vi\u00f0 n\u00fdja umhverfi\u00f0.<\/span><\/p>\n<\/div>\n<p><a href=\"\/is\/about-us\/\">Lesa meira<\/a><\/p>\n<\/div>\n<p><img decoding=\"async\" src=\"\/wp-content\/uploads\/2023\/02\/high-five-1.jpg\" alt=\"\"><\/p>\n<div>\n<h2>Hvernig getum vi\u00f0 a\u00f0sto\u00f0a\u00f0?<\/h2>\n<div>\n<p><span>H\u00e9r eru \u00e1\u00e6tlanir, verkefni og lei\u00f0beiningar til a\u00f0 sty\u00f0ja vi\u00f0 tilf\u00e6rslu yfir \u00ed grunnsk\u00f3la me\u00f0 tilliti til a\u00f0st\u00e6\u00f0na. A\u00f0 auki m\u00e1 finna kennslufr\u00e6\u00f0ilegt \u00edtarefni og lei\u00f0beiningar vi\u00f0 tilf\u00e6rsluna. Allt efni byggir \u00e1 faglegri \u00feekkingu, forpr\u00f3funum og reynslu \u00feeirra sem koma a\u00f0 verkefninu.<\/span><\/p>\n<\/div>\n<\/div>\n<h4>\n<p style=\"font-size: 20px;\"><span>VI\u00d0 BJ\u00d3\u00d0UM: <strong>KENNSLUFR\u00c6\u00d0ILEGT GAGNASAFN , LEI\u00d0BEININGAR FYRIR \u00deJ\u00c1LFUN, VINNUSMI\u00d0JUR, LEI\u00d0S\u00d6GN OG STA\u00d0<\/strong> FYRIR\u2026<\/span><\/p>\n<\/p>\n<\/h4>\n<ul>\n<li>\n<div>Fagmenntun og um\u00f6nnun ungra barna<\/div>\n<div>\n<p style=\"text-align: center;\"><span>Fagmenntun og um\u00f6nnun ungra barna<\/span><\/p>\n<\/div>\n<\/li>\n<li>\n<div>Fagf\u00f3lk \u00ed leik- og grunnsk\u00f3la<\/div>\n<div>\n<p style=\"text-align: center;\"><span>Fagf\u00f3lk \u00ed leik- og grunnsk\u00f3la<\/span><\/p>\n<\/div>\n<\/li>\n<li>\n<div>Foreldrar<\/div>\n<div>\n<p style=\"text-align: center;\"><span>Foreldrar<\/span><\/p>\n<\/div>\n<\/li>\n<li>\n<div>Sk\u00f3lastj\u00f3rnendur<\/div>\n<div>\n<p style=\"text-align: center;\"><span>Sk\u00f3lastj\u00f3rnendur<\/span><\/p>\n<\/div>\n<\/li>\n<\/ul>\n<p>\n    <a href=\"\/is\/resources\/\">SKO\u00d0A G\u00d6GN<\/a>\n<\/p>\n<p><img decoding=\"async\" src=\"\/wp-content\/uploads\/home-shape-02.svg\" alt=\"\"><br \/>\n<img decoding=\"async\" src=\"\/wp-content\/uploads\/home-shape-03.svg\" alt=\"\"><\/p>\n<div>\n<h2>Hva\u00f0 er \u00e1 s\u00ed\u00f0unni?<\/h2>\n<div>\n<p><span>Megin markmi\u00f0 UPSTAIRS verkefnisins eru ranns\u00f3knir og samvinna til a\u00f0 m\u00f3ta a\u00f0fer\u00f0afr\u00e6\u00f0i, verkf\u00e6ri og rafr\u00e6nt n\u00e1msefni sem gerir b\u00f6rnum \u00ed leiksk\u00f3lum og a\u00f0standendum kleift a\u00f0 \u00fer\u00f3a tilskilda f\u00e6rni fyrir tilf\u00e6rslu \u00feeirra yfir \u00e1 grunnsk\u00f3lastig og breyta \u00feannig streituvaldandi t\u00edmabili yfir \u00ed skapandi reynslu.<\/span><\/p>\n<\/p>\n<\/div>\n<\/div>\n<ul>\n<li>\n<p>        <img decoding=\"async\" src=\"\/wp-content\/uploads\/2023\/02\/The-Framework-1.jpg\" alt=\"\"><\/p>\n<h3>Forsendur<\/h3>\n<div>\n<p><span>\u00c1kve\u00f0i\u00f0 var a\u00f0 b\u00faa til skipulag\u00f0an vinnuramma me\u00f0 lei\u00f0beiningum fyrir starfsf\u00f3lk leik- og grunnsk\u00f3la til a\u00f0 draga \u00far \u00feeim \u00e1skorunum sem b\u00f6rn takast \u00e1 vi\u00f0 \u00ed tengslum vi\u00f0 tilf\u00e6rslu milli sk\u00f3lastiga. \u00deannig er stutt vi\u00f0 vell\u00ed\u00f0an hj\u00e1 hverju barni og \u00fdtt undir a\u00f0l\u00f6gunarh\u00e6fni, sj\u00e1lfst\u00e6\u00f0i og seiglu.<\/span><\/p>\n<\/div>\n<p><a href=\"\/is\/resources\/\">Lesa meira<\/a><\/p>\n<\/li>\n<li>\n<p>        <img decoding=\"async\" src=\"\/wp-content\/uploads\/2023\/02\/Continuous-Dialogue.jpg\" alt=\"\"><\/p>\n<h3>St\u00f6\u00f0ugt samr\u00e1\u00f0<\/h3>\n<div>\n<p><span>Til a\u00f0 virkja alla a\u00f0ila leik- og grunnsk\u00f3lasamf\u00e9lagsins \u00fer\u00f3ar UPSTAIRS verkefni\u00f0 samstarfsgrundv\u00f6ll milli leiksk\u00f3la, grunnsk\u00f3la og foreldra til a\u00f0 sty\u00f0ja vi\u00f0 og \u00fer\u00f3a einstaklingsmi\u00f0a\u00f0a samvinnu \u00fear sem barni\u00f0 er \u00ed forgrunni.<\/span><\/p>\n<\/div>\n<p><a href=\"\/is\/resources\/\">Lesa meira<\/a><\/p>\n<\/li>\n<li>\n<p>        <img decoding=\"async\" src=\"\/wp-content\/uploads\/2023\/02\/Picture14.png\" alt=\"\"><\/p>\n<h3>Sameiginleg n\u00e1mss\u00fdn<\/h3>\n<div>\n<p><span>Til a\u00f0 br\u00faa bil milli sk\u00f3lastiga og gera tilf\u00e6rsluna eins e\u00f0lilega og kostur er, vinna sk\u00f3lastigin saman a\u00f0 m\u00f3tun n\u00e1mss\u00fdnar sem tengir saman kennslufr\u00e6\u00f0i leik-og grunnsk\u00f3la og vi\u00f0heldur \u00feannig samfellu menntunar.<\/span><\/p>\n<\/div>\n<p><a href=\"\/is\/resources\/\">Lesa meira<\/a><\/p>\n<\/li>\n<\/ul>\n<div>\n<h3><span>Um:<\/span><\/h3>\n<p><span>UPSTAIRS verkefni\u00f0 er styrkt af Erasmus+ og mi\u00f0ar a\u00f0 skapandi tilf\u00e6rslu milli sk\u00f3lastiga, sem lei\u00f0ir af s\u00e9r hamingjus\u00f6m og sj\u00e1lfs\u00f6rugg b\u00f6rn.<\/span><\/p>\n<\/div>\n<div>\n<h3><span>Erasmus+<\/span><\/h3>\n<p><span>Styrkt af Evr\u00f3pusambandinu. \u00c1lit og sko\u00f0anir sem settar eru fram eru \u00ed nafni h\u00f6funda og endurspegla ekki endilega sko\u00f0anir Evr\u00f3pusambandsins e\u00f0a Framkv\u00e6mdastofnunar Evr\u00f3pu um mennta- og menningarm\u00e1l (EACEA). Hvorki Evr\u00f3pusambandi\u00f0 n\u00e9 EACEA geta bori\u00f0 \u00e1byrg\u00f0 \u00e1 \u00feeim.<\/span><\/p>\n<p><span>Verkefnan\u00famer<\/span>: 2022-1- KA220-SCH-7767B436<\/p>\n<\/div>\n<p><img decoding=\"async\" src=\"\/wp-content\/uploads\/2023\/02\/Picture1.png\" alt=\"\"><\/p>\n<p><!--more--><br \/>\n<!-- {\"type\":\"layout\",\"children\":[{\"name\":\"Home1\",\"type\":\"section\",\"props\":{\"image_position\":\"center-center\",\"padding\":\"none\",\"style\":\"default\",\"title_breakpoint\":\"xl\",\"title_position\":\"top-left\",\"title_rotation\":\"left\",\"vertical_align\":\"middle\",\"width\":\"large\",\"width_expand\":\"right\"},\"children\":[{\"name\":\"\",\"type\":\"row\",\"children\":[{\"name\":\"\",\"type\":\"column\",\"props\":{\"class\":\"\",\"css\":\"@media (min-width: 960px) {\\n    \\n\\t.el-column { max-width: 453px; }\\n    .el-column .uk-tile { padding-left: 0; }\\n    \\n}\",\"image_position\":\"center-center\",\"media_overlay_gradient\":\"\",\"padding\":\"small\",\"position_sticky_breakpoint\":\"m\",\"style\":\"default\",\"vertical_align\":\"middle\",\"width_medium\":\"1-3\"},\"children\":[{\"type\":\"headline\",\"props\":{\"content\":\"UPSTAIRS\",\"margin\":\"remove-vertical\",\"maxwidth\":\"medium\",\"maxwidth_breakpoint\":\"m\",\"position\":\"relative\",\"position_z_index\":\"1\",\"text_align\":\"left\",\"text_align_breakpoint\":\"m\",\"text_align_fallback\":\"center\",\"title_element\":\"h1\",\"title_style\":\"heading-medium\"}},{\"type\":\"headline\",\"props\":{\"content\":\"\n\n<p>M\\u00f3tun ferlis a\\u00f0 fara \\u00far leiksk\\u00f3la \\u00ed grunnsk\\u00f3la<\\\/p>\",\"margin\":\"default\",\"margin_remove_top\":false,\"maxwidth\":\"medium\",\"position_z_index\":\"0\",\"text_align\":\"left\",\"text_align_breakpoint\":\"m\",\"text_align_fallback\":\"center\",\"title_color\":\"primary\",\"title_element\":\"div\",\"title_style\":\"text-large\"}}]},{\"type\":\"column\",\"props\":{\"image_position\":\"center-center\",\"media_overlay_gradient\":\"\",\"position_sticky_breakpoint\":\"m\",\"width_medium\":\"2-3\"},\"children\":[{\"type\":\"image\",\"props\":{\"image\":\"wp-content\\\/uploads\\\/home-shape-01.svg\",\"image_height\":\"170\",\"image_loading\":true,\"image_svg_color\":\"\",\"image_svg_inline\":false,\"image_width\":\"170\",\"margin\":\"default\",\"parallax_easing\":\"-1\",\"position\":\"absolute\",\"position_left\":\"-170\",\"position_z_index\":\"0\",\"visibility\":\"l\"}},{\"type\":\"image\",\"props\":{\"container_padding_remove\":true,\"css\":\"@media (max-width: 959px) {\\n    \\n    .el-element.uk-container-item-padding-remove-right {\\n        width: 100%;\\n        margin-right: 0;\\n    }\\n    \\n}\",\"image\":\"wp-content\\\/uploads\\\/2023\\\/02\\\/Picture2-1.jpg\",\"image_loading\":true,\"image_svg_color\":\"emphasis\",\"image_width\":\"1510\",\"margin\":\"default\",\"margin_remove_top\":true,\"position_z_index\":\"0\",\"text_align\":\"right\"}}]}],\"props\":{\"column_gap\":\"collapse\",\"layout\":\"1-3,2-3\",\"row_gap\":\"collapse\"}}]},{\"name\":\"home2\",\"type\":\"section\",\"props\":{\"animation\":\"fade\",\"header_overlay\":\"light\",\"height_viewport\":false,\"image_position\":\"center-center\",\"image_size\":\"cover\",\"media\":\"\",\"padding\":\"large\",\"padding_remove_top\":false,\"style\":\"default\",\"title_breakpoint\":\"xl\",\"title_position\":\"top-left\",\"title_rotation\":\"left\",\"vertical_align\":\"middle\",\"width\":\"large\",\"width_expand\":\"right\"},\"children\":[{\"name\":\"\",\"type\":\"row\",\"props\":{\"column_gap\":\"medium\",\"layout\":\"1-3,2-3\",\"margin\":\"medium\",\"match\":true,\"row_gap\":\"medium\",\"vertical_align\":false},\"children\":[{\"name\":\"\",\"type\":\"column\",\"props\":{\"image_position\":\"center-center\",\"media_overlay_gradient\":\"\",\"position_sticky_breakpoint\":\"m\",\"vertical_align\":\"middle\",\"width_medium\":\"1-3\"},\"children\":[{\"type\":\"panel\",\"props\":{\"content\":\"\n\n<p><span>Transition2primary er opi\\u00f0 stafr\\u00e6nt sv\\u00e6\\u00f0i sem au\\u00f0veldar samvinnu milli leik- og grunnsk\\u00f3lasamf\\u00e9lagsins. \\u00deessi s\\u00ed\\u00f0a inniheldur safn verkefna, \\u00e1bendingar og stu\\u00f0ningsefni fyrir starfsf\\u00f3lk sk\\u00f3la og foreldra til a\\u00f0 sty\\u00f0ja vi\\u00f0 tilf\\u00e6rslur barna \\u00e1 milli sk\\u00f3lastiga. Markmi\\u00f0i\\u00f0 er a\\u00f0 \\u00fer\\u00f3a barnmi\\u00f0a\\u00f0an samstarfsgrundv\\u00f6ll sem mun veita b\\u00f6rnum nau\\u00f0synlega f\\u00e6rni til a\\u00f0 takast \\u00e1 vi\\u00f0 n\\u00fdja umhverfi\\u00f0.<\\\/span><\\\/p>\",\"content_column_breakpoint\":\"m\",\"content_margin\":\"medium\",\"icon_width\":80,\"image_align\":\"top\",\"image_grid_breakpoint\":\"m\",\"image_grid_width\":\"1-2\",\"image_svg_color\":\"emphasis\",\"link\":\"\\\/is\\\/about-us\\\/\",\"link_margin\":\"medium\",\"link_size\":\"large\",\"link_style\":\"\",\"link_text\":\"Lesa meira\",\"margin\":\"default\",\"maxwidth\":\"large\",\"maxwidth_breakpoint\":\"m\",\"meta\":\"\",\"meta_align\":\"above-title\",\"meta_color\":\"primary\",\"meta_element\":\"div\",\"meta_style\":\"h6\",\"text_align\":\"left\",\"text_align_breakpoint\":\"m\",\"text_align_fallback\":\"center\",\"title\":\"Hva\\u00f0 er transition2primary\",\"title_align\":\"top\",\"title_element\":\"h2\",\"title_grid_breakpoint\":\"m\",\"title_grid_width\":\"1-2\",\"title_hover_style\":\"reset\"}}]},{\"name\":\"\",\"type\":\"column\",\"props\":{\"image_position\":\"center-center\",\"media_overlay_gradient\":\"\",\"position_sticky_breakpoint\":\"m\",\"vertical_align\":\"middle\",\"width_medium\":\"2-3\"},\"children\":[{\"type\":\"image\",\"props\":{\"image\":\"wp-content\\\/uploads\\\/2023\\\/02\\\/high-five-1.jpg\",\"image_svg_color\":\"emphasis\",\"image_svg_inline\":false,\"image_width\":\"800\",\"margin\":\"default\",\"position\":\"relative\",\"position_z_index\":\"1\",\"text_align\":\"center\"}}]}]}]},{\"name\":\"home3\",\"type\":\"section\",\"props\":{\"animation\":\"slide-top-small\",\"css\":\"@media (min-width: 960px) {\\n    .el-section { padding-top: 0; }\\n}\",\"header_overlay\":\"light\",\"height_viewport\":false,\"image\":\"\",\"image_effect\":\"parallax\",\"image_parallax_easing\":\"1\",\"image_position\":\"bottom-left\",\"media\":\"\",\"padding\":\"large\",\"padding_remove_top\":false,\"style\":\"default\",\"title_breakpoint\":\"xl\",\"title_position\":\"top-left\",\"title_rotation\":\"left\",\"vertical_align\":\"middle\",\"width\":\"\"},\"children\":[{\"name\":\"\",\"type\":\"row\",\"children\":[{\"name\":\"\",\"type\":\"column\",\"props\":{\"css\":\"@media (min-width: 960px) {\\n    .el-column { padding-right: 40px; }\\n}\",\"image_position\":\"center-center\",\"media_overlay_gradient\":\"\",\"position_sticky_breakpoint\":\"m\",\"vertical_align\":\"middle\",\"width_medium\":\"1-3\"},\"children\":[{\"type\":\"panel\",\"props\":{\"content\":\"\n\n<p><span>H\\u00e9r eru \\u00e1\\u00e6tlanir, verkefni og lei\\u00f0beiningar til a\\u00f0 sty\\u00f0ja vi\\u00f0 tilf\\u00e6rslu yfir \\u00ed grunnsk\\u00f3la me\\u00f0 tilliti til a\\u00f0st\\u00e6\\u00f0na. A\\u00f0 auki m\\u00e1 finna kennslufr\\u00e6\\u00f0ilegt \\u00edtarefni og lei\\u00f0beiningar vi\\u00f0 tilf\\u00e6rsluna. Allt efni byggir \\u00e1 faglegri \\u00feekkingu, forpr\\u00f3funum og reynslu \\u00feeirra sem koma a\\u00f0 verkefninu.<\\\/span><\\\/p>\",\"content_column_breakpoint\":\"m\",\"icon_width\":80,\"image_align\":\"top\",\"image_grid_breakpoint\":\"m\",\"image_grid_width\":\"1-2\",\"image_svg_color\":\"emphasis\",\"link_style\":\"default\",\"link_text\":\"Read more\",\"margin\":\"default\",\"maxwidth\":\"medium\",\"maxwidth_breakpoint\":\"m\",\"meta\":\"\",\"meta_align\":\"above-title\",\"meta_color\":\"primary\",\"meta_element\":\"div\",\"meta_style\":\"h6\",\"text_align\":\"left\",\"text_align_breakpoint\":\"m\",\"text_align_fallback\":\"center\",\"title\":\"Hvernig getum vi\\u00f0 a\\u00f0sto\\u00f0a\\u00f0?\",\"title_align\":\"top\",\"title_element\":\"h2\",\"title_grid_breakpoint\":\"m\",\"title_grid_width\":\"1-2\",\"title_hover_style\":\"reset\"}}]},{\"type\":\"column\",\"props\":{\"image_position\":\"center-center\",\"media_overlay_gradient\":\"\",\"position_sticky_breakpoint\":\"m\",\"vertical_align\":\"middle\",\"width_medium\":\"2-3\"},\"children\":[{\"type\":\"headline\",\"props\":{\"content\":\"\n\n<p style=\\\"font-size: 20px;\\\"><span>VI\\u00d0 BJ\\u00d3\\u00d0UM: <strong>KENNSLUFR\\u00c6\\u00d0ILEGT GAGNASAFN , LEI\\u00d0BEININGAR FYRIR \\u00deJ\\u00c1LFUN, VINNUSMI\\u00d0JUR, LEI\\u00d0S\\u00d6GN OG STA\\u00d0<\\\/strong> FYRIR\\u2026<\\\/span><\\\/p>\\n\n\n<p><\\\/p>\",\"text_align\":\"center\",\"title_decoration\":\"line\",\"title_element\":\"h4\",\"title_style\":\"text-small\"}},{\"type\":\"grid\",\"props\":{\"content_column_breakpoint\":\"m\",\"filter_align\":\"left\",\"filter_all\":true,\"filter_grid_breakpoint\":\"m\",\"filter_grid_width\":\"auto\",\"filter_position\":\"top\",\"filter_style\":\"tab\",\"grid_default\":\"1\",\"grid_large\":\"2\",\"grid_medium\":\"2\",\"grid_parallax\":\"80\",\"grid_row_align\":false,\"icon_width\":80,\"image_align\":\"top\",\"image_grid_breakpoint\":\"m\",\"image_grid_width\":\"1-2\",\"image_svg_color\":\"emphasis\",\"item_animation\":true,\"link_style\":\"default\",\"link_text\":\"Read more\",\"margin\":\"default\",\"meta_align\":\"below-title\",\"meta_element\":\"div\",\"meta_style\":\"text-meta\",\"panel_padding\":\"default\",\"show_content\":true,\"show_image\":true,\"show_link\":true,\"show_meta\":true,\"show_title\":false,\"title_align\":\"top\",\"title_element\":\"div\",\"title_grid_breakpoint\":\"m\",\"title_grid_width\":\"1-2\",\"title_hover_style\":\"reset\"},\"children\":[{\"type\":\"grid_item\",\"props\":{\"content\":\"\n\n<p style=\\\"text-align: center;\\\"><span>Fagmenntun og um\\u00f6nnun ungra barna<\\\/span><\\\/p>\",\"panel_style\":\"tile-muted\",\"title\":\"Fagmenntun og um\\u00f6nnun ungra barna\"}},{\"type\":\"grid_item\",\"props\":{\"content\":\"\n\n<p style=\\\"text-align: center;\\\"><span>Fagf\\u00f3lk \\u00ed leik- og grunnsk\\u00f3la<\\\/span><\\\/p>\",\"panel_style\":\"tile-muted\",\"title\":\"Fagf\\u00f3lk \\u00ed leik- og grunnsk\\u00f3la\"}},{\"type\":\"grid_item\",\"props\":{\"content\":\"\n\n<p style=\\\"text-align: center;\\\"><span>Foreldrar<\\\/span><\\\/p>\",\"panel_style\":\"tile-muted\",\"title\":\"Foreldrar\"}},{\"type\":\"grid_item\",\"props\":{\"content\":\"\n\n<p style=\\\"text-align: center;\\\"><span>Sk\\u00f3lastj\\u00f3rnendur<\\\/span><\\\/p>\",\"panel_style\":\"tile-muted\",\"title\":\"Sk\\u00f3lastj\\u00f3rnendur\"}}]},{\"type\":\"button\",\"props\":{\"button_size\":\"large\",\"css\":\".el-content{\\n    background-color: #FEDF72;\\n    color: #000;\\n}\\n\",\"grid_column_gap\":\"small\",\"grid_row_gap\":\"small\",\"margin\":\"default\",\"text_align\":\"center\"},\"children\":[{\"type\":\"button_item\",\"props\":{\"button_style\":\"danger\",\"content\":\"SKO\\u00d0A G\\u00d6GN\",\"icon_align\":\"left\",\"link\":\"\\\/is\\\/resources\\\/\"}}]}]}],\"props\":{\"column_gap\":\"collapse\",\"layout\":\"1-3,2-3\",\"width\":\"large\"}},{\"type\":\"row\",\"children\":[{\"type\":\"column\",\"props\":{\"image_position\":\"center-center\",\"media_overlay_gradient\":\"\",\"position_sticky_breakpoint\":\"m\"},\"children\":[{\"type\":\"image\",\"props\":{\"image\":\"wp-content\\\/uploads\\\/home-shape-02.svg\",\"image_height\":\"330\",\"image_svg_color\":\"\",\"image_svg_inline\":false,\"image_width\":\"165\",\"margin\":\"default\",\"position\":\"absolute\",\"position_top\":\"-140\",\"position_z_index\":\"0\",\"visibility\":\"xl\"}}]}],\"props\":{\"margin\":\"remove-vertical\"}}]},{\"type\":\"section\",\"props\":{\"image_position\":\"center-center\",\"padding\":\"large\",\"padding_remove_top\":true,\"style\":\"default\",\"title\":\"\",\"title_breakpoint\":\"xl\",\"title_position\":\"top-left\",\"title_rotation\":\"left\",\"vertical_align\":\"middle\",\"width\":\"\"},\"children\":[{\"type\":\"row\",\"children\":[{\"type\":\"column\",\"props\":{\"image_position\":\"center-center\",\"media_overlay_gradient\":\"\",\"position_sticky_breakpoint\":\"m\"},\"children\":[{\"type\":\"image\",\"props\":{\"image\":\"wp-content\\\/uploads\\\/home-shape-03.svg\",\"image_height\":\"800\",\"image_svg_color\":\"muted\",\"image_svg_inline\":true,\"image_width\":\"540\",\"margin\":\"default\",\"position\":\"absolute\",\"position_top\":\"-70\"},\"modified\":\"2021-07-30T12:45:27.308Z\",\"name\":\"\"}]}]},{\"type\":\"row\",\"props\":{\"layout\":\"1-3,2-3\",\"width\":\"large\"},\"children\":[{\"type\":\"column\",\"props\":{\"image_position\":\"center-center\",\"media_overlay_gradient\":\"\",\"position_sticky_breakpoint\":\"m\",\"width_medium\":\"1-3\"},\"children\":[{\"type\":\"panel\",\"props\":{\"content\":\"\n\n<p><span>Megin markmi\\u00f0 UPSTAIRS verkefnisins eru ranns\\u00f3knir og samvinna til a\\u00f0 m\\u00f3ta a\\u00f0fer\\u00f0afr\\u00e6\\u00f0i, verkf\\u00e6ri og rafr\\u00e6nt n\\u00e1msefni sem gerir b\\u00f6rnum \\u00ed leiksk\\u00f3lum og a\\u00f0standendum kleift a\\u00f0 \\u00fer\\u00f3a tilskilda f\\u00e6rni fyrir tilf\\u00e6rslu \\u00feeirra yfir \\u00e1 grunnsk\\u00f3lastig og breyta \\u00feannig streituvaldandi t\\u00edmabili yfir \\u00ed skapandi reynslu.<\\\/span><\\\/p>\\n\n\n<p><br \\\/><br \\\/><\\\/p>\",\"content_column_breakpoint\":\"m\",\"icon_width\":80,\"image_align\":\"top\",\"image_grid_breakpoint\":\"m\",\"image_grid_width\":\"1-2\",\"image_svg_color\":\"emphasis\",\"link\":\"\",\"link_margin\":\"medium\",\"link_style\":\"text\",\"link_text\":\"\",\"margin\":\"default\",\"meta_align\":\"below-title\",\"meta_element\":\"div\",\"meta_style\":\"text-meta\",\"text_align\":\"left\",\"text_align_breakpoint\":\"m\",\"text_align_fallback\":\"center\",\"title\":\"Hva\\u00f0 er \\u00e1 s\\u00ed\\u00f0unni?\",\"title_align\":\"top\",\"title_element\":\"h2\",\"title_grid_breakpoint\":\"m\",\"title_grid_width\":\"1-2\",\"title_hover_style\":\"reset\"}}]},{\"type\":\"column\",\"props\":{\"image_position\":\"center-center\",\"media_overlay_gradient\":\"\",\"position_sticky_breakpoint\":\"m\",\"width_medium\":\"2-3\"},\"children\":[{\"type\":\"grid\",\"props\":{\"attributes\":\"\",\"content_column_breakpoint\":\"m\",\"css\":\".el-link{\\n    float:right;\\n}\",\"filter_align\":\"left\",\"filter_all\":true,\"filter_grid_breakpoint\":\"m\",\"filter_grid_width\":\"auto\",\"filter_position\":\"top\",\"filter_style\":\"tab\",\"grid_column_gap\":\"large\",\"grid_default\":\"1\",\"grid_medium\":\"\",\"grid_row_gap\":\"large\",\"grid_small\":\"2\",\"icon_width\":80,\"image_align\":\"left\",\"image_grid_breakpoint\":\"s\",\"image_grid_column_gap\":\"medium\",\"image_grid_row_gap\":\"small\",\"image_grid_width\":\"auto\",\"image_height\":\"50\",\"image_svg_animate\":false,\"image_svg_color\":\"emphasis\",\"image_svg_inline\":true,\"image_width\":\"50\",\"item_animation\":true,\"link_style\":\"\",\"link_text\":\"Lesa meira\",\"margin\":\"default\",\"meta_align\":\"below-title\",\"meta_element\":\"div\",\"meta_style\":\"text-meta\",\"parallax_easing\":\"1\",\"show_content\":true,\"show_image\":true,\"show_link\":true,\"show_meta\":true,\"show_title\":true,\"text_align\":\"left\",\"text_align_breakpoint\":\"s\",\"text_align_fallback\":\"center\",\"title_align\":\"top\",\"title_element\":\"h3\",\"title_grid_breakpoint\":\"m\",\"title_grid_width\":\"1-2\",\"title_hover_style\":\"reset\"},\"children\":[{\"type\":\"grid_item\",\"props\":{\"content\":\"\n\n<p><span>\\u00c1kve\\u00f0i\\u00f0 var a\\u00f0 b\\u00faa til skipulag\\u00f0an vinnuramma me\\u00f0 lei\\u00f0beiningum fyrir starfsf\\u00f3lk leik- og grunnsk\\u00f3la til a\\u00f0 draga \\u00far \\u00feeim \\u00e1skorunum sem b\\u00f6rn takast \\u00e1 vi\\u00f0 \\u00ed tengslum vi\\u00f0 tilf\\u00e6rslu milli sk\\u00f3lastiga. \\u00deannig er stutt vi\\u00f0 vell\\u00ed\\u00f0an hj\\u00e1 hverju barni og \\u00fdtt undir a\\u00f0l\\u00f6gunarh\\u00e6fni, sj\\u00e1lfst\\u00e6\\u00f0i og seiglu.<\\\/span><\\\/p>\",\"image\":\"wp-content\\\/uploads\\\/2023\\\/02\\\/The-Framework-1.jpg\",\"link\":\"\\\/is\\\/resources\\\/\",\"title\":\"Forsendur\"}},{\"type\":\"grid_item\",\"props\":{\"content\":\"\n\n<p><span>Til a\\u00f0 virkja alla a\\u00f0ila leik- og grunnsk\\u00f3lasamf\\u00e9lagsins \\u00fer\\u00f3ar UPSTAIRS verkefni\\u00f0 samstarfsgrundv\\u00f6ll milli leiksk\\u00f3la, grunnsk\\u00f3la og foreldra til a\\u00f0 sty\\u00f0ja vi\\u00f0 og \\u00fer\\u00f3a einstaklingsmi\\u00f0a\\u00f0a samvinnu \\u00fear sem barni\\u00f0 er \\u00ed forgrunni.<\\\/span><\\\/p>\",\"image\":\"wp-content\\\/uploads\\\/2023\\\/02\\\/Continuous-Dialogue.jpg\",\"link\":\"\\\/is\\\/resources\\\/\",\"title\":\"St\\u00f6\\u00f0ugt samr\\u00e1\\u00f0\"}},{\"type\":\"grid_item\",\"props\":{\"content\":\"\n\n<p><span>Til a\\u00f0 br\\u00faa bil milli sk\\u00f3lastiga og gera tilf\\u00e6rsluna eins e\\u00f0lilega og kostur er, vinna sk\\u00f3lastigin saman a\\u00f0 m\\u00f3tun n\\u00e1mss\\u00fdnar sem tengir saman kennslufr\\u00e6\\u00f0i leik-og grunnsk\\u00f3la og vi\\u00f0heldur \\u00feannig samfellu menntunar.<\\\/span><\\\/p>\",\"image\":\"wp-content\\\/uploads\\\/2023\\\/02\\\/Picture14.png\",\"link\":\"\\\/is\\\/resources\\\/\",\"title\":\"Sameiginleg n\\u00e1mss\\u00fdn\"}}]}]}]}],\"name\":\"home4\"},{\"type\":\"section\",\"props\":{\"css\":\".el-section{\\n\\tbackground-color: #ccc;\\n    color: black;\\n}\",\"image_position\":\"center-center\",\"padding\":\"xsmall\",\"style\":\"default\",\"title_breakpoint\":\"xl\",\"title_position\":\"top-left\",\"title_rotation\":\"left\",\"vertical_align\":\"middle\",\"width\":\"large\"},\"children\":[{\"type\":\"row\",\"props\":{\"layout\":\"1-3,2-3\"},\"children\":[{\"type\":\"column\",\"props\":{\"image_position\":\"center-center\",\"media_overlay_gradient\":\"\",\"position_sticky_breakpoint\":\"m\",\"width_medium\":\"1-3\"},\"children\":[{\"type\":\"text\",\"props\":{\"column_breakpoint\":\"m\",\"content\":\"\n\n<h3><span>Um:<\\\/span><\\\/h3>\\n\n\n<p><span>UPSTAIRS verkefni\\u00f0 er styrkt af Erasmus+ og mi\\u00f0ar a\\u00f0 skapandi tilf\\u00e6rslu milli sk\\u00f3lastiga, sem lei\\u00f0ir af s\\u00e9r hamingjus\\u00f6m og sj\\u00e1lfs\\u00f6rugg b\\u00f6rn.<\\\/span><\\\/p>\",\"margin\":\"default\"}}]},{\"type\":\"column\",\"props\":{\"image_position\":\"center-center\",\"media_overlay_gradient\":\"\",\"position_sticky_breakpoint\":\"m\",\"width_medium\":\"2-3\"},\"children\":[{\"type\":\"text\",\"props\":{\"column_breakpoint\":\"m\",\"content\":\"\n\n<h3><span>Erasmus+<\\\/span><\\\/h3>\\n\n\n<p><span>Styrkt af Evr\\u00f3pusambandinu. \\u00c1lit og sko\\u00f0anir sem settar eru fram eru \\u00ed nafni h\\u00f6funda og endurspegla ekki endilega sko\\u00f0anir Evr\\u00f3pusambandsins e\\u00f0a Framkv\\u00e6mdastofnunar Evr\\u00f3pu um mennta- og menningarm\\u00e1l (EACEA). Hvorki Evr\\u00f3pusambandi\\u00f0 n\\u00e9 EACEA geta bori\\u00f0 \\u00e1byrg\\u00f0 \\u00e1 \\u00feeim.<\\\/span><\\\/p>\\n\n\n<p><span>Verkefnan\\u00famer<\\\/span>: 2022-1- KA220-SCH-7767B436<\\\/p>\",\"margin\":\"default\"}},{\"type\":\"image\",\"props\":{\"image\":\"wp-content\\\/uploads\\\/2023\\\/02\\\/Picture1.png\",\"image_height\":\"100\",\"image_svg_color\":\"emphasis\",\"margin\":\"default\",\"text_align\":\"left\"}}]}]}],\"name\":\"Footer\"}],\"version\":\"3.0.20\"} --><\/p>\n","protected":false},"excerpt":{"rendered":"<p>UPSTAIRS M\u00f3tun ferlis a\u00f0 fara \u00far leiksk\u00f3la \u00ed grunnsk\u00f3la Hva\u00f0 er transition2primary Transition2primary er opi\u00f0 stafr\u00e6nt sv\u00e6\u00f0i sem au\u00f0veldar samvinnu milli leik- og grunnsk\u00f3lasamf\u00e9lagsins. \u00deessi s\u00ed\u00f0a inniheldur safn verkefna, \u00e1bendingar og stu\u00f0ningsefni fyrir starfsf\u00f3lk sk\u00f3la og foreldra til a\u00f0 sty\u00f0ja vi\u00f0 tilf\u00e6rslur barna \u00e1 milli sk\u00f3lastiga. Markmi\u00f0i\u00f0 er a\u00f0 \u00fer\u00f3a barnmi\u00f0a\u00f0an samstarfsgrundv\u00f6ll sem mun veita [&hellip;]<\/p>\n","protected":false},"author":1,"featured_media":0,"parent":0,"menu_order":0,"comment_status":"closed","ping_status":"closed","template":"","meta":{"footnotes":""},"class_list":["post-572","page","type-page","status-publish","hentry"],"_links":{"self":[{"href":"https:\/\/transition2primary.eu\/is\/wp-json\/wp\/v2\/pages\/572"}],"collection":[{"href":"https:\/\/transition2primary.eu\/is\/wp-json\/wp\/v2\/pages"}],"about":[{"href":"https:\/\/transition2primary.eu\/is\/wp-json\/wp\/v2\/types\/page"}],"author":[{"embeddable":true,"href":"https:\/\/transition2primary.eu\/is\/wp-json\/wp\/v2\/users\/1"}],"replies":[{"embeddable":true,"href":"https:\/\/transition2primary.eu\/is\/wp-json\/wp\/v2\/comments?post=572"}],"version-history":[{"count":3,"href":"https:\/\/transition2primary.eu\/is\/wp-json\/wp\/v2\/pages\/572\/revisions"}],"predecessor-version":[{"id":9810,"href":"https:\/\/transition2primary.eu\/is\/wp-json\/wp\/v2\/pages\/572\/revisions\/9810"}],"wp:attachment":[{"href":"https:\/\/transition2primary.eu\/is\/wp-json\/wp\/v2\/media?parent=572"}],"curies":[{"name":"wp","href":"https:\/\/api.w.org\/{rel}","templated":true}]}}