{"id":592,"date":"2023-03-03T11:19:50","date_gmt":"2023-03-03T11:19:50","guid":{"rendered":"https:\/\/transition2primary.eu\/resources\/"},"modified":"2023-03-16T10:04:01","modified_gmt":"2023-03-16T10:04:01","slug":"resources","status":"publish","type":"page","link":"https:\/\/transition2primary.eu\/hr\/resources\/","title":{"rendered":"RESURSI"},"content":{"rendered":"<h1><span>Na\u0161i resursi<\/span><\/h1>\n<div>\n<p><span>Svi ECEC, djelatnici osnovnih \u0161kola, ravnatelji vrti\u0107a\/osnovnih \u0161kola i roditelji imaju zajedni\u010dki cilj: u\u010diniti integraciju na\u0161e djece u obrazovni sustav \u0161to lak\u0161om i ugodnijom. Samo dijeljenjem na\u0161ih iskustava, briga, u\u010denja i uvida mo\u0107i \u0107emo usvojiti holisti\u010dki pristup usmjeren na u\u010denika koji uklju\u010duje \u010dimbenike spremnosti, kontinuiteta, uklju\u010denosti i suradnje.<\/span><\/p>\n<\/div>\n<p><img decoding=\"async\" src=\"\/wp-content\/uploads\/services-shape-01.svg\" alt=\"\"><br \/>\n<img decoding=\"async\" src=\"\/wp-content\/uploads\/2023\/02\/Resources-e1675861956764.jpg\" alt=\"\"><br \/>\n<img decoding=\"async\" src=\"\/wp-content\/uploads\/services-shape-02.svg\" alt=\"\"><\/p>\n<ul>\n<li>\n<h2>Pedago\u0161ki resursi<\/h2>\n<div>\n<div class=\"ewa-rteLine\">Zbirka pedago\u0161kih izvora za razvoj kognitivnih, emocionalnih socijalnih vje\u0161tina djece prije polaska u osnovno\u0161kolski proces.<\/p>\n<p>WIP O\u010dekivani datum izlaska: STUDENI 2023<\/p><\/div>\n<\/div>\n<\/li>\n<li>\n<h2>Kurikulum obuke<\/h2>\n<div>\n<p class=\"ewa-rteLine\">Transnacionalni kurikulum obuke za osoblje pred\u0161kolskog ECEC-a koji \u0107e biti obu\u010deni o tome kako kod u\u010denika razviti vje\u0161tine koje su im potrebne za nesmetan i ugodan prijelaz.<\/p>\n<div class=\"ewa-rteLine\">WIP O\u010dekivani datum izlaska: STUDENI 2023<\/div>\n<\/div>\n<\/li>\n<li>\n<h2>Radionice<\/h2>\n<div>\n<p>Radionice za roditelje, ECEC i u\u010ditelje osnovnih \u0161kola za razvoj zajedni\u010dkog razumijevanja prijelaznog razdoblja.<\/p>\n<p><em>WIP O\u010dekivani datum izlaska: SVIBANJ 2024<\/em><\/p>\n<\/div>\n<\/li>\n<li>\n<h2>Vodi\u010d za tranziciju<\/h2>\n<div>\n<p><span>Vodi\u010d s najboljim primjerima iz prakse, studijama slu\u010daja i predlo\u017eenim metodologijama za nesmetan i ugodan prijelaz.<\/span><\/p>\n<p><em> WIP O\u010dekivani datum izlaska: AUG 2024Vodi\u010d za prijelaz <\/em><\/p>\n<\/div>\n<\/li>\n<li>\n<h2>UPSTAIRS Europska zajednica<\/h2>\n<div>\n<p>Zajedni\u010dki prostor za suradnju za roditelje, ECEC i u\u010ditelje osnovnih \u0161kola, za pronala\u017eenje resursa, komunikaciju, razmjenu iskustava i zajedni\u010dki rad na premo\u0161\u0107ivanju jaza izme\u0111u pred\u0161kolskog obrazovanja i osnovne \u0161kole.<\/p>\n<p>\u201cUskoro dostupno\u201d<\/p>\n<\/div>\n<\/li>\n<\/ul>\n<div>\n<h3><span>Oko:<\/span><\/h3>\n<p><span>UPSTAIRS je Erasmus+ projekt koji ima za cilj transformirati prijelaz u osnovnu \u0161kolu iz stresnog razdoblja u kreativno, \u0161to rezultira sretnom, samouvjerenom i suradljivom djecom.<\/span><\/p>\n<\/div>\n<div>\n<h3><span>Erasmus+<\/span><\/h3>\n<p><span>Financira Europska unija. Izra\u017eeni stavovi i mi\u0161ljenja su, me\u0111utim, samo autorovi i ne odra\u017eavaju nu\u017eno stavove Europske unije ili Izvr\u0161ne agencije za obrazovanje i kulturu (EACEA). Ni Europska unija ni EACEA ne mogu se smatrati odgovornima za njih.<\/span><\/p>\n<p><span>Broj projekta<\/span>: 2022-1- KA220-SCH-7767B436<\/p>\n<\/div>\n<p><img decoding=\"async\" src=\"\/wp-content\/uploads\/2023\/02\/Picture1.png\" alt=\"\"><\/p>\n<p><!--more--><br \/>\n<!-- {\"type\":\"layout\",\"children\":[{\"name\":\"resources1\",\"type\":\"section\",\"props\":{\"image_position\":\"center-center\",\"padding\":\"none\",\"style\":\"default\",\"title_breakpoint\":\"xl\",\"title_position\":\"top-left\",\"title_rotation\":\"left\",\"vertical_align\":\"middle\",\"width\":\"large\",\"width_expand\":\"right\"},\"children\":[{\"name\":\"\",\"type\":\"row\",\"children\":[{\"name\":\"\",\"type\":\"column\",\"props\":{\"css\":\"@media (min-width: 960px) {\\n    \\n\\t.el-column { max-width: 453px; }\\n    .el-column .uk-tile {\\n        padding-top: 0;\\n        padding-bottom: 0;\\n        padding-left: 0;\\n    }\\n    \\n}\",\"image_position\":\"center-center\",\"media_overlay_gradient\":\"\",\"padding\":\"small\",\"position_sticky_breakpoint\":\"m\",\"style\":\"default\",\"vertical_align\":\"middle\",\"width_medium\":\"1-3\"},\"children\":[{\"type\":\"headline\",\"props\":{\"content\":\"<span>Na\\u0161i resursi<\\\/span>\",\"margin\":\"remove-vertical\",\"maxwidth\":\"large\",\"maxwidth_breakpoint\":\"m\",\"text_align\":\"left\",\"text_align_breakpoint\":\"m\",\"text_align_fallback\":\"center\",\"title_element\":\"h1\"}},{\"type\":\"text\",\"props\":{\"column_breakpoint\":\"m\",\"content\":\"\n\n<p><span>Svi ECEC, djelatnici osnovnih \\u0161kola, ravnatelji vrti\\u0107a\\\/osnovnih \\u0161kola i roditelji imaju zajedni\\u010dki cilj: u\\u010diniti integraciju na\\u0161e djece u obrazovni sustav \\u0161to lak\\u0161om i ugodnijom. Samo dijeljenjem na\\u0161ih iskustava, briga, u\\u010denja i uvida mo\\u0107i \\u0107emo usvojiti holisti\\u010dki pristup usmjeren na u\\u010denika koji uklju\\u010duje \\u010dimbenike spremnosti, kontinuiteta, uklju\\u010denosti i suradnje.<\\\/span><\\\/p>\",\"margin\":\"default\",\"maxwidth\":\"large\",\"maxwidth_breakpoint\":\"m\",\"text_align\":\"left\",\"text_align_breakpoint\":\"m\",\"text_align_fallback\":\"center\"}}]},{\"type\":\"column\",\"props\":{\"image_position\":\"center-center\",\"media_overlay_gradient\":\"\",\"position_sticky_breakpoint\":\"m\",\"width_medium\":\"2-3\"},\"children\":[{\"type\":\"image\",\"props\":{\"image\":\"wp-content\\\/uploads\\\/services-shape-01.svg\",\"image_height\":\"170\",\"image_loading\":true,\"image_svg_color\":\"\",\"image_svg_inline\":false,\"image_width\":\"170\",\"margin\":\"default\",\"parallax_easing\":\"-1\",\"position\":\"absolute\",\"position_left\":\"-170\",\"position_z_index\":\"0\",\"visibility\":\"xl\"}},{\"type\":\"image\",\"props\":{\"container_padding_remove\":true,\"css\":\"@media (max-width: 959px) {\\n    \\n    .el-element.uk-container-item-padding-remove-right {\\n        width: 100%;\\n        margin-right: 0;\\n    }\\n    \\n}\",\"image\":\"wp-content\\\/uploads\\\/2023\\\/02\\\/Resources-e1675861956764.jpg\",\"image_loading\":true,\"image_svg_color\":\"emphasis\",\"image_width\":\"1510\",\"margin\":\"default\",\"margin_remove_top\":true,\"position\":\"relative\",\"position_z_index\":\"2\",\"text_align\":\"right\"}}]}],\"props\":{\"column_gap\":\"collapse\",\"layout\":\"1-3,2-3\",\"row_gap\":\"collapse\"}}]},{\"name\":\"resources2\",\"type\":\"section\",\"props\":{\"animation\":\"slide-top-small\",\"header_overlay\":\"light\",\"height_viewport\":false,\"image\":\"\",\"image_effect\":\"parallax\",\"image_parallax_easing\":\"1\",\"image_position\":\"bottom-left\",\"media\":\"\",\"padding\":\"large\",\"padding_remove_top\":true,\"style\":\"default\",\"title_breakpoint\":\"xl\",\"title_position\":\"top-left\",\"title_rotation\":\"left\",\"vertical_align\":\"middle\",\"width\":\"\"},\"children\":[{\"type\":\"row\",\"children\":[{\"type\":\"column\",\"props\":{\"image_position\":\"center-center\",\"media_overlay_gradient\":\"\",\"position_sticky_breakpoint\":\"m\"},\"children\":[{\"type\":\"image\",\"props\":{\"image\":\"wp-content\\\/uploads\\\/services-shape-02.svg\",\"image_height\":\"330\",\"image_svg_color\":\"\",\"image_svg_inline\":false,\"image_width\":\"165\",\"margin\":\"default\",\"position\":\"absolute\",\"position_top\":\"-160\",\"position_z_index\":\"1\",\"visibility\":\"xl\"}}]}],\"props\":{\"margin\":\"remove-vertical\"}},{\"type\":\"row\",\"props\":{\"margin\":\"large\",\"width\":\"large\"},\"children\":[{\"type\":\"column\",\"props\":{\"image_position\":\"center-center\",\"media_overlay_gradient\":\"\",\"position_sticky_breakpoint\":\"m\"},\"children\":[{\"type\":\"grid\",\"props\":{\"content_column_breakpoint\":\"m\",\"filter_align\":\"left\",\"filter_all\":true,\"filter_grid_breakpoint\":\"m\",\"filter_grid_width\":\"auto\",\"filter_position\":\"top\",\"filter_style\":\"tab\",\"grid_column_gap\":\"collapse\",\"grid_default\":\"1\",\"grid_medium\":\"3\",\"grid_row_gap\":\"collapse\",\"grid_small\":\"2\",\"icon_width\":80,\"id\":\"services\",\"image_align\":\"top\",\"image_grid_breakpoint\":\"m\",\"image_grid_width\":\"1-2\",\"image_height\":\"68\",\"image_svg_color\":\"emphasis\",\"image_svg_inline\":true,\"image_width\":\"68\",\"item_animation\":true,\"link_margin\":\"medium\",\"link_style\":\"default\",\"link_text\":\"<span uk-icon=\\\"icon: arrow-right; ratio: 1.4\\\"><\\\/span>\",\"margin\":\"remove-vertical\",\"meta_align\":\"below-title\",\"meta_element\":\"div\",\"meta_style\":\"text-meta\",\"panel_link\":true,\"panel_padding\":\"large\",\"panel_style\":\"tile-checked\",\"parallax_easing\":\"1\",\"position\":\"relative\",\"position_z_index\":\"1\",\"show_content\":true,\"show_image\":true,\"show_link\":true,\"show_meta\":true,\"show_title\":true,\"title_align\":\"top\",\"title_element\":\"h2\",\"title_grid_breakpoint\":\"m\",\"title_grid_width\":\"1-2\",\"title_hover_style\":\"reset\",\"title_style\":\"h3\"},\"children\":[{\"type\":\"grid_item\",\"props\":{\"content\":\"\n\n<div class=\\\"ewa-rteLine\\\">Zbirka pedago\\u0161kih izvora za razvoj kognitivnih, emocionalnih socijalnih vje\\u0161tina djece prije polaska u osnovno\\u0161kolski proces.<br \\\/><br \\\/>WIP O\\u010dekivani datum izlaska: STUDENI 2023<\\\/div>\",\"image\":\"\",\"link\":\"\",\"link_text\":\"\",\"title\":\"Pedago\\u0161ki resursi\"}},{\"type\":\"grid_item\",\"props\":{\"content\":\"\n\n<p class=\\\"ewa-rteLine\\\">Transnacionalni kurikulum obuke za osoblje pred\\u0161kolskog ECEC-a koji \\u0107e biti obu\\u010deni o tome kako kod u\\u010denika razviti vje\\u0161tine koje su im potrebne za nesmetan i ugodan prijelaz.<\\\/p>\\n\n\n<div class=\\\"ewa-rteLine\\\">WIP O\\u010dekivani datum izlaska: STUDENI 2023<\\\/div>\",\"image\":\"\",\"link\":\"\",\"link_text\":\"\",\"title\":\"Kurikulum obuke\"}},{\"type\":\"grid_item\",\"props\":{\"content\":\"\n\n<p>Radionice za roditelje, ECEC i u\\u010ditelje osnovnih \\u0161kola za razvoj zajedni\\u010dkog razumijevanja prijelaznog razdoblja.<\\\/p>\\n\n\n<p><em>WIP O\\u010dekivani datum izlaska: SVIBANJ 2024<\\\/em><\\\/p>\",\"image\":\"\",\"link\":\"\",\"link_text\":\"\",\"title\":\"Radionice\"}},{\"type\":\"grid_item\",\"props\":{\"content\":\"\n\n<p><span>Vodi\\u010d s najboljim primjerima iz prakse, studijama slu\\u010daja i predlo\\u017eenim metodologijama za nesmetan i ugodan prijelaz.<\\\/span><\\\/p>\\n\n\n<p><em> WIP O\\u010dekivani datum izlaska: AUG 2024Vodi\\u010d za prijelaz <\\\/em><\\\/p>\",\"image\":\"\",\"link\":\"\",\"link_text\":\"\",\"title\":\"Vodi\\u010d za tranziciju\"}},{\"type\":\"grid_item\",\"props\":{\"content\":\"\n\n<p>Zajedni\\u010dki prostor za suradnju za roditelje, ECEC i u\\u010ditelje osnovnih \\u0161kola, za pronala\\u017eenje resursa, komunikaciju, razmjenu iskustava i zajedni\\u010dki rad na premo\\u0161\\u0107ivanju jaza izme\\u0111u pred\\u0161kolskog obrazovanja i osnovne \\u0161kole.<\\\/p>\\n\n\n<p>\\u201cUskoro dostupno\\u201d<\\\/p>\",\"image\":\"\",\"link\":\"\",\"link_text\":\"Join\",\"title\":\"UPSTAIRS Europska zajednica\"}}]}]}]}]},{\"type\":\"section\",\"props\":{\"css\":\".el-section{\\n\\tbackground-color: #ccc;\\n    color: black;\\n}\",\"image_position\":\"center-center\",\"padding\":\"xsmall\",\"style\":\"default\",\"title_breakpoint\":\"xl\",\"title_position\":\"top-left\",\"title_rotation\":\"left\",\"vertical_align\":\"middle\",\"width\":\"large\"},\"children\":[{\"type\":\"row\",\"props\":{\"layout\":\"1-3,2-3\"},\"children\":[{\"type\":\"column\",\"props\":{\"image_position\":\"center-center\",\"media_overlay_gradient\":\"\",\"position_sticky_breakpoint\":\"m\",\"width_medium\":\"1-3\"},\"children\":[{\"type\":\"text\",\"props\":{\"column_breakpoint\":\"m\",\"content\":\"\n\n<h3><span>Oko:<\\\/span><\\\/h3>\\n\n\n<p><span>UPSTAIRS je Erasmus+ projekt koji ima za cilj transformirati prijelaz u osnovnu \\u0161kolu iz stresnog razdoblja u kreativno, \\u0161to rezultira sretnom, samouvjerenom i suradljivom djecom.<\\\/span><\\\/p>\",\"margin\":\"default\"}}]},{\"type\":\"column\",\"props\":{\"image_position\":\"center-center\",\"media_overlay_gradient\":\"\",\"position_sticky_breakpoint\":\"m\",\"width_medium\":\"2-3\"},\"children\":[{\"type\":\"text\",\"props\":{\"column_breakpoint\":\"m\",\"content\":\"\n\n<h3><span>Erasmus+<\\\/span><\\\/h3>\\n\n\n<p><span>Financira Europska unija. Izra\\u017eeni stavovi i mi\\u0161ljenja su, me\\u0111utim, samo autorovi i ne odra\\u017eavaju nu\\u017eno stavove Europske unije ili Izvr\\u0161ne agencije za obrazovanje i kulturu (EACEA). Ni Europska unija ni EACEA ne mogu se smatrati odgovornima za njih.<\\\/span><\\\/p>\\n\n\n<p><span>Broj projekta<\\\/span>: 2022-1- KA220-SCH-7767B436<\\\/p>\",\"margin\":\"default\"}},{\"type\":\"image\",\"props\":{\"image\":\"wp-content\\\/uploads\\\/2023\\\/02\\\/Picture1.png\",\"image_height\":\"100\",\"image_svg_color\":\"emphasis\",\"margin\":\"default\",\"text_align\":\"left\"}}]}]}],\"name\":\"Footer_hr\"}],\"version\":\"3.0.20\"} --><\/p>\n","protected":false},"excerpt":{"rendered":"<p>Na\u0161i resursi Svi ECEC, djelatnici osnovnih \u0161kola, ravnatelji vrti\u0107a\/osnovnih \u0161kola i roditelji imaju zajedni\u010dki cilj: u\u010diniti integraciju na\u0161e djece u obrazovni sustav \u0161to lak\u0161om i ugodnijom. Samo dijeljenjem na\u0161ih iskustava, briga, u\u010denja i uvida mo\u0107i \u0107emo usvojiti holisti\u010dki pristup usmjeren na u\u010denika koji uklju\u010duje \u010dimbenike spremnosti, kontinuiteta, uklju\u010denosti i suradnje. Pedago\u0161ki resursi Zbirka pedago\u0161kih izvora [&hellip;]<\/p>\n","protected":false},"author":1,"featured_media":0,"parent":0,"menu_order":0,"comment_status":"closed","ping_status":"closed","template":"","meta":{"footnotes":""},"class_list":["post-592","page","type-page","status-publish","hentry"],"_links":{"self":[{"href":"https:\/\/transition2primary.eu\/hr\/wp-json\/wp\/v2\/pages\/592"}],"collection":[{"href":"https:\/\/transition2primary.eu\/hr\/wp-json\/wp\/v2\/pages"}],"about":[{"href":"https:\/\/transition2primary.eu\/hr\/wp-json\/wp\/v2\/types\/page"}],"author":[{"embeddable":true,"href":"https:\/\/transition2primary.eu\/hr\/wp-json\/wp\/v2\/users\/1"}],"replies":[{"embeddable":true,"href":"https:\/\/transition2primary.eu\/hr\/wp-json\/wp\/v2\/comments?post=592"}],"version-history":[{"count":3,"href":"https:\/\/transition2primary.eu\/hr\/wp-json\/wp\/v2\/pages\/592\/revisions"}],"predecessor-version":[{"id":621,"href":"https:\/\/transition2primary.eu\/hr\/wp-json\/wp\/v2\/pages\/592\/revisions\/621"}],"wp:attachment":[{"href":"https:\/\/transition2primary.eu\/hr\/wp-json\/wp\/v2\/media?parent=592"}],"curies":[{"name":"wp","href":"https:\/\/api.w.org\/{rel}","templated":true}]}}