{"id":590,"date":"2023-03-03T11:02:21","date_gmt":"2023-03-03T11:02:21","guid":{"rendered":"https:\/\/transition2primary.eu\/home\/"},"modified":"2024-08-26T18:46:33","modified_gmt":"2024-08-26T18:46:33","slug":"home","status":"publish","type":"page","link":"https:\/\/transition2primary.eu\/hr\/","title":{"rendered":"Po\u010detna"},"content":{"rendered":"<h1>UPSTAIRS<\/h1>\n<div>\n<p><span>Transformacija prijelaza iz vrti\u0107a u osnovnu \u0161kolu<\/span><\/p>\n<\/div>\n<p><img decoding=\"async\" src=\"\/wp-content\/uploads\/home-shape-01.svg\" alt=\"\"><br \/>\n<img decoding=\"async\" src=\"\/wp-content\/uploads\/2023\/02\/Picture2-1.jpg\" alt=\"\"><\/p>\n<div>\n<h2>\u0160to je Transition2primary<\/h2>\n<div>\n<div class=\"ewa-rteLine\">\u0160to je Transition2primary<\/div>\n<div class=\"ewa-rteLine\">Transition2primary je digitalni zajedni\u010dki prostor koji olak\u0161ava suradnju svih \u010dlanova pred\u0161kolske i osnovo\u0161kolske zajednice. Ova stranica uklju\u010duje repozitorij aktivnosti, savjeta i materijala za podr\u0161ku osoblju \u0161kole i roditeljima, kako bi se podr\u017eao prijelaz i posebni zahtjevi za djecu u nepovoljnom polo\u017eaju. Kroz sve ove materijale, cilj nam je razviti suradni\u010dku podr\u0161ku prijelaza usmjerenu na dijete koja \u0107e djeci pru\u017eiti potrebne vje\u0161tine za suo\u010davanje s novim okru\u017eenjem.<\/div>\n<\/div>\n<p><a href=\"\/hr\/about-us\/\">Pro\u010ditajte vi\u0161e&#8221;<\/a><\/p>\n<\/div>\n<p><img decoding=\"async\" src=\"\/wp-content\/uploads\/2023\/02\/high-five-1.jpg\" alt=\"\"><\/p>\n<div>\n<h2>&#8220;Kako vam mo\u017eemo pomo\u0107i?<\/h2>\n<div>\n<p><span>Ovdje \u0107ete prona\u0107i strukturirane programe, aktivnosti i smjernice za podr\u0161ku prijelazu u osnovnu \u0161kolu u smislu spremnosti, kao i obilje pedago\u0161kih resursa, kurikuluma za obuku i Vodi\u010d za prijelaz, sve izgra\u0111eno na \u010dvrstoj osnovi suradnje me\u0111u svim uklju\u010denim akterima, uz podr\u0161ku renomiranih obrazovnih institucija i s testiranom u\u010dinkovito\u0161\u0107u u pilot projektima.&#8221;<\/span><\/p>\n<\/div>\n<\/div>\n<h4>\n<p style=\"font-size: 20px;\"><span>NUDIMO: P<strong>EDAGO\u0160KE RESURSE, KURIKULUME ZA OBUKU, RADIONICE, VODI\u010c I ZAJEDNICU ZA&#8230;UDIMO: PEDAGO\u0160KE RESURSE, NASTAVNI PROGRAM OBUKE, RADIONICE, VODI\u010c I ZAJEDNICU<\/strong> ZA\u2026<\/span><\/p>\n<\/h4>\n<ul>\n<li>\n<div>Stru\u010dnjake za rani i pred\u0161kolski odgoj i obrazovanje<\/div>\n<div>\n<div class=\"ewa-rteLine\"><span>Stru\u010dnjake za rani i pred\u0161kolski odgoj i obrazovanje<\/span><\/div>\n<div class=\"ewa-rteLine\"><\/div>\n<\/div>\n<\/li>\n<li>\n<div>Stru\u010dnjake u osnovnoj \u0161koli<\/div>\n<div>\n<p style=\"text-align: center;\"><span>Stru\u010dnjake u osnovnoj \u0161koli<\/span><\/p>\n<\/div>\n<\/li>\n<li>\n<div>Roditelje<\/div>\n<div>\n<p style=\"text-align: center;\"><span>Roditelje<\/span><\/p>\n<\/div>\n<\/li>\n<li>\n<div>Ravnatelje \u0161kola <\/div>\n<div>\n<div class=\"ewa-rteLine\" style=\"text-align: center;\">Ravnatelje \u0161kola<\/div>\n<\/div>\n<\/li>\n<\/ul>\n<p>\n    <a href=\"\/resources\/\">PRISTUPITE RESURSIMA<\/a>\n<\/p>\n<p><img decoding=\"async\" src=\"\/wp-content\/uploads\/home-shape-02.svg\" alt=\"\"><br \/>\n<img decoding=\"async\" src=\"\/wp-content\/uploads\/home-shape-03.svg\" alt=\"\"><\/p>\n<div>\n<h2>\u0160to \u0107ete ovdje prona\u0107i?<\/h2>\n<div>\n<p><span>Op\u0107i cilj projekta UPSTAIRS je provo\u0111enje istra\u017eivanja i suradni\u010dkog rada kako bi se stvorile metodologije, alati i materijali za e-u\u010denje koji \u0107e omogu\u0107iti djeci u pred\u0161kolskom odgoju da razviju potrebne vje\u0161tine i \u010dlanovima \u0161kolskih zajednica da im u tome pomognu, transformiraju\u0107i njihov prijelaz u osnovnu \u0161kolu iz stresnog perioda u kreativni.<\/span><\/p>\n<\/p>\n<\/div>\n<\/div>\n<ul>\n<li>\n<p>        <img decoding=\"async\" src=\"\/wp-content\/uploads\/2023\/02\/The-Framework-1.jpg\" alt=\"\"><\/p>\n<h3>Okvir<\/h3>\n<div>\n<p><span>Kako bismo podr\u017eali spremnost djece za suo\u010davanje s izazovima povezanima s odlaskom u osnovnu \u0161kolu, stvorili smo strukturirani okvir s smjernicama koje trebaju slijediti pred\u0161kolski djelatnici kako bi podr\u017eali prijelaz, s ciljem osiguravanja emocionalnog blagostanja svakog djeteta te razvijanja vje\u0161tina prilagodbe, neovisnosti i otpornosti kod djece.<\/span><\/p>\n<\/div>\n<p><a href=\"\/hr\/resources\/\">Pro\u010ditajte vi\u0161e.<\/a><\/p>\n<\/li>\n<li>\n<p>        <img decoding=\"async\" src=\"\/wp-content\/uploads\/2023\/02\/Continuous-Dialogue.jpg\" alt=\"\"><\/p>\n<h3>Kontinuirani dijalog<\/h3>\n<div>\n<p><span>Kako bismo uklju\u010dili sve \u010dlanove zajednica pred\u0161kolskih ustanova i osnovnih \u0161kola u ovaj napor, projekt UPSTAIRS razvija zajedni\u010dki suradni\u010dki prostor izme\u0111u pred\u0161kolskog, osnovno\u0161kolskog osoblja i roditelja za podr\u0161ku prijelazu i posebnim zahtjevima za djecu u nepovoljnom polo\u017eaju, sve s ciljem razvijanja suradni\u010dke podr\u0161ke prijelazu usmjerenu na dijete.<\/span><\/p>\n<\/div>\n<p><a href=\"\/hr\/resources\/\">Pro\u010ditajte vi\u0161e.<\/a><\/p>\n<\/li>\n<li>\n<p>        <img decoding=\"async\" src=\"\/wp-content\/uploads\/2023\/02\/Picture14.png\" alt=\"\"><\/p>\n<h3>Zajedni\u010dki kurikulum<\/h3>\n<div>\n<div class=\"ewa-rteLine\">Zajedni\u010dki kurikulum<\/div>\n<div class=\"ewa-rteLine\">Kako bismo premostili dva razli\u010dita koraka obrazovanja (pred\u0161kolski i \u0161kolski) te olak\u0161ali prijelaz, razvijamo inovativni prijelazni kurikulum u suradnji s osobljem osnovnih \u0161kola koji povezuje postavke i pedagogiju pred\u0161kolskog i osnovno\u0161kolskog obrazovanja te poti\u010de kontinuitet razine obrazovanja.<\/div>\n<div class=\"ewa-rteLine\"><\/div>\n<\/div>\n<p><a href=\"\/hr\/resources\/\">Pro\u010ditajte vi\u0161e.<\/a><\/p>\n<\/li>\n<\/ul>\n<div>\n<h3><span>Oko:<\/span><\/h3>\n<p><span>UPSTAIRS je Erasmus+ projekt koji ima za cilj transformirati prijelaz u osnovnu \u0161kolu iz stresnog razdoblja u kreativno, \u0161to rezultira sretnom, samouvjerenom i suradljivom djecom.<\/span><\/p>\n<\/div>\n<div>\n<h3><span>Erasmus+<\/span><\/h3>\n<p><span>Financira Europska unija. Izra\u017eeni stavovi i mi\u0161ljenja su, me\u0111utim, samo autorovi i ne odra\u017eavaju nu\u017eno stavove Europske unije ili Izvr\u0161ne agencije za obrazovanje i kulturu (EACEA). Ni Europska unija ni EACEA ne mogu se smatrati odgovornima za njih.<\/span><\/p>\n<p><span>Broj projekta<\/span>: 2022-1- KA220-SCH-7767B436<\/p>\n<\/div>\n<p><img decoding=\"async\" src=\"\/wp-content\/uploads\/2023\/02\/Picture1.png\" alt=\"\"><\/p>\n<p><!--more--><br \/>\n<!-- {\"type\":\"layout\",\"children\":[{\"name\":\"Home1\",\"type\":\"section\",\"props\":{\"image_position\":\"center-center\",\"padding\":\"none\",\"style\":\"default\",\"title_breakpoint\":\"xl\",\"title_position\":\"top-left\",\"title_rotation\":\"left\",\"vertical_align\":\"middle\",\"width\":\"large\",\"width_expand\":\"right\"},\"children\":[{\"name\":\"\",\"type\":\"row\",\"children\":[{\"name\":\"\",\"type\":\"column\",\"props\":{\"class\":\"\",\"css\":\"@media (min-width: 960px) {\\n    \\n\\t.el-column { max-width: 453px; }\\n    .el-column .uk-tile { padding-left: 0; }\\n    \\n}\",\"image_position\":\"center-center\",\"media_overlay_gradient\":\"\",\"padding\":\"small\",\"position_sticky_breakpoint\":\"m\",\"style\":\"default\",\"vertical_align\":\"middle\",\"width_medium\":\"1-3\"},\"children\":[{\"type\":\"headline\",\"props\":{\"content\":\"UPSTAIRS\",\"margin\":\"remove-vertical\",\"maxwidth\":\"medium\",\"maxwidth_breakpoint\":\"m\",\"position\":\"relative\",\"position_z_index\":\"1\",\"text_align\":\"left\",\"text_align_breakpoint\":\"m\",\"text_align_fallback\":\"center\",\"title_element\":\"h1\",\"title_style\":\"heading-medium\"}},{\"type\":\"headline\",\"props\":{\"content\":\"\n\n<p><span>Transformacija prijelaza iz vrti\\u0107a u osnovnu \\u0161kolu<\\\/span><\\\/p>\",\"margin\":\"default\",\"margin_remove_top\":false,\"maxwidth\":\"medium\",\"position_z_index\":\"0\",\"text_align\":\"left\",\"text_align_breakpoint\":\"m\",\"text_align_fallback\":\"center\",\"title_color\":\"primary\",\"title_element\":\"div\",\"title_style\":\"text-large\"}}]},{\"type\":\"column\",\"props\":{\"image_position\":\"center-center\",\"media_overlay_gradient\":\"\",\"position_sticky_breakpoint\":\"m\",\"width_medium\":\"2-3\"},\"children\":[{\"type\":\"image\",\"props\":{\"image\":\"wp-content\\\/uploads\\\/home-shape-01.svg\",\"image_height\":\"170\",\"image_loading\":true,\"image_svg_color\":\"\",\"image_svg_inline\":false,\"image_width\":\"170\",\"margin\":\"default\",\"parallax_easing\":\"-1\",\"position\":\"absolute\",\"position_left\":\"-170\",\"position_z_index\":\"0\",\"visibility\":\"l\"}},{\"type\":\"image\",\"props\":{\"container_padding_remove\":true,\"css\":\"@media (max-width: 959px) {\\n    \\n    .el-element.uk-container-item-padding-remove-right {\\n        width: 100%;\\n        margin-right: 0;\\n    }\\n    \\n}\",\"image\":\"wp-content\\\/uploads\\\/2023\\\/02\\\/Picture2-1.jpg\",\"image_loading\":true,\"image_svg_color\":\"emphasis\",\"image_width\":\"1510\",\"margin\":\"default\",\"margin_remove_top\":true,\"position_z_index\":\"0\",\"text_align\":\"right\"}}]}],\"props\":{\"column_gap\":\"collapse\",\"layout\":\"1-3,2-3\",\"row_gap\":\"collapse\"}}]},{\"name\":\"home2\",\"type\":\"section\",\"props\":{\"animation\":\"fade\",\"header_overlay\":\"light\",\"height_viewport\":false,\"image_position\":\"center-center\",\"image_size\":\"cover\",\"media\":\"\",\"padding\":\"large\",\"padding_remove_top\":false,\"style\":\"default\",\"title_breakpoint\":\"xl\",\"title_position\":\"top-left\",\"title_rotation\":\"left\",\"vertical_align\":\"middle\",\"width\":\"large\",\"width_expand\":\"right\"},\"children\":[{\"name\":\"\",\"type\":\"row\",\"props\":{\"column_gap\":\"medium\",\"layout\":\"1-3,2-3\",\"margin\":\"medium\",\"match\":true,\"row_gap\":\"medium\",\"vertical_align\":false},\"children\":[{\"name\":\"\",\"type\":\"column\",\"props\":{\"image_position\":\"center-center\",\"media_overlay_gradient\":\"\",\"position_sticky_breakpoint\":\"m\",\"vertical_align\":\"middle\",\"width_medium\":\"1-3\"},\"children\":[{\"type\":\"panel\",\"props\":{\"content\":\"\n\n<div class=\\\"ewa-rteLine\\\">\\u0160to je Transition2primary<\\\/div>\\n\n\n<div class=\\\"ewa-rteLine\\\">Transition2primary je digitalni zajedni\\u010dki prostor koji olak\\u0161ava suradnju svih \\u010dlanova pred\\u0161kolske i osnovo\\u0161kolske zajednice. Ova stranica uklju\\u010duje repozitorij aktivnosti, savjeta i materijala za podr\\u0161ku osoblju \\u0161kole i roditeljima, kako bi se podr\\u017eao prijelaz i posebni zahtjevi za djecu u nepovoljnom polo\\u017eaju. Kroz sve ove materijale, cilj nam je razviti suradni\\u010dku podr\\u0161ku prijelaza usmjerenu na dijete koja \\u0107e djeci pru\\u017eiti potrebne vje\\u0161tine za suo\\u010davanje s novim okru\\u017eenjem.<\\\/div>\",\"content_column_breakpoint\":\"m\",\"content_margin\":\"medium\",\"icon_width\":80,\"image_align\":\"top\",\"image_grid_breakpoint\":\"m\",\"image_grid_width\":\"1-2\",\"image_svg_color\":\"emphasis\",\"link\":\"\\\/hr\\\/about-us\\\/\",\"link_margin\":\"medium\",\"link_size\":\"large\",\"link_style\":\"\",\"link_text\":\"Pro\\u010ditajte vi\\u0161e\\\"\",\"margin\":\"default\",\"maxwidth\":\"large\",\"maxwidth_breakpoint\":\"m\",\"meta\":\"\",\"meta_align\":\"above-title\",\"meta_color\":\"primary\",\"meta_element\":\"div\",\"meta_style\":\"h6\",\"text_align\":\"left\",\"text_align_breakpoint\":\"m\",\"text_align_fallback\":\"center\",\"title\":\"\\u0160to je Transition2primary\",\"title_align\":\"top\",\"title_element\":\"h2\",\"title_grid_breakpoint\":\"m\",\"title_grid_width\":\"1-2\",\"title_hover_style\":\"reset\"}}]},{\"name\":\"\",\"type\":\"column\",\"props\":{\"image_position\":\"center-center\",\"media_overlay_gradient\":\"\",\"position_sticky_breakpoint\":\"m\",\"vertical_align\":\"middle\",\"width_medium\":\"2-3\"},\"children\":[{\"type\":\"image\",\"props\":{\"image\":\"wp-content\\\/uploads\\\/2023\\\/02\\\/high-five-1.jpg\",\"image_svg_color\":\"emphasis\",\"image_svg_inline\":false,\"image_width\":\"800\",\"margin\":\"default\",\"position\":\"relative\",\"position_z_index\":\"1\",\"text_align\":\"center\"}}]}]}]},{\"name\":\"home3\",\"type\":\"section\",\"props\":{\"animation\":\"slide-top-small\",\"css\":\"@media (min-width: 960px) {\\n    .el-section { padding-top: 0; }\\n}\",\"header_overlay\":\"light\",\"height_viewport\":false,\"image\":\"\",\"image_effect\":\"parallax\",\"image_parallax_easing\":\"1\",\"image_position\":\"bottom-left\",\"media\":\"\",\"padding\":\"large\",\"padding_remove_top\":false,\"style\":\"default\",\"title_breakpoint\":\"xl\",\"title_position\":\"top-left\",\"title_rotation\":\"left\",\"vertical_align\":\"middle\",\"width\":\"\"},\"children\":[{\"name\":\"\",\"type\":\"row\",\"children\":[{\"name\":\"\",\"type\":\"column\",\"props\":{\"css\":\"@media (min-width: 960px) {\\n    .el-column { padding-right: 40px; }\\n}\",\"image_position\":\"center-center\",\"media_overlay_gradient\":\"\",\"position_sticky_breakpoint\":\"m\",\"vertical_align\":\"middle\",\"width_medium\":\"1-3\"},\"children\":[{\"type\":\"panel\",\"props\":{\"content\":\"\n\n<p><span>Ovdje \\u0107ete prona\\u0107i strukturirane programe, aktivnosti i smjernice za podr\\u0161ku prijelazu u osnovnu \\u0161kolu u smislu spremnosti, kao i obilje pedago\\u0161kih resursa, kurikuluma za obuku i Vodi\\u010d za prijelaz, sve izgra\\u0111eno na \\u010dvrstoj osnovi suradnje me\\u0111u svim uklju\\u010denim akterima, uz podr\\u0161ku renomiranih obrazovnih institucija i s testiranom u\\u010dinkovito\\u0161\\u0107u u pilot projektima.\\\"<\\\/span><\\\/p>\",\"content_column_breakpoint\":\"m\",\"icon_width\":80,\"image_align\":\"top\",\"image_grid_breakpoint\":\"m\",\"image_grid_width\":\"1-2\",\"image_svg_color\":\"emphasis\",\"link_style\":\"default\",\"link_text\":\"Read more\",\"margin\":\"default\",\"maxwidth\":\"medium\",\"maxwidth_breakpoint\":\"m\",\"meta\":\"\",\"meta_align\":\"above-title\",\"meta_color\":\"primary\",\"meta_element\":\"div\",\"meta_style\":\"h6\",\"text_align\":\"left\",\"text_align_breakpoint\":\"m\",\"text_align_fallback\":\"center\",\"title\":\"\\\"Kako vam mo\\u017eemo pomo\\u0107i?\",\"title_align\":\"top\",\"title_element\":\"h2\",\"title_grid_breakpoint\":\"m\",\"title_grid_width\":\"1-2\",\"title_hover_style\":\"reset\"}}]},{\"type\":\"column\",\"props\":{\"image_position\":\"center-center\",\"media_overlay_gradient\":\"\",\"position_sticky_breakpoint\":\"m\",\"vertical_align\":\"middle\",\"width_medium\":\"2-3\"},\"children\":[{\"type\":\"headline\",\"props\":{\"content\":\"\n\n<p style=\\\"font-size: 20px;\\\"><span>NUDIMO: P<strong>EDAGO\\u0160KE RESURSE, KURIKULUME ZA OBUKU, RADIONICE, VODI\\u010c I ZAJEDNICU ZA...UDIMO: PEDAGO\\u0160KE RESURSE, NASTAVNI PROGRAM OBUKE, RADIONICE, VODI\\u010c I ZAJEDNICU<\\\/strong> ZA\\u2026<\\\/span><\\\/p>\",\"text_align\":\"center\",\"title_decoration\":\"line\",\"title_element\":\"h4\",\"title_style\":\"text-small\"}},{\"type\":\"grid\",\"props\":{\"content_column_breakpoint\":\"m\",\"filter_align\":\"left\",\"filter_all\":true,\"filter_grid_breakpoint\":\"m\",\"filter_grid_width\":\"auto\",\"filter_position\":\"top\",\"filter_style\":\"tab\",\"grid_default\":\"1\",\"grid_large\":\"2\",\"grid_medium\":\"2\",\"grid_parallax\":\"80\",\"grid_row_align\":false,\"icon_width\":80,\"image_align\":\"top\",\"image_grid_breakpoint\":\"m\",\"image_grid_width\":\"1-2\",\"image_svg_color\":\"emphasis\",\"item_animation\":true,\"link_style\":\"default\",\"link_text\":\"Read more\",\"margin\":\"default\",\"meta_align\":\"below-title\",\"meta_element\":\"div\",\"meta_style\":\"text-meta\",\"panel_padding\":\"default\",\"show_content\":true,\"show_image\":true,\"show_link\":true,\"show_meta\":true,\"show_title\":false,\"title_align\":\"top\",\"title_element\":\"div\",\"title_grid_breakpoint\":\"m\",\"title_grid_width\":\"1-2\",\"title_hover_style\":\"reset\"},\"children\":[{\"type\":\"grid_item\",\"props\":{\"content\":\"\n\n<div class=\\\"ewa-rteLine\\\"><span>Stru\\u010dnjake za rani i pred\\u0161kolski odgoj i obrazovanje<\\\/span><\\\/div>\\n\n\n<div class=\\\"ewa-rteLine\\\"><\\\/div>\",\"panel_style\":\"tile-muted\",\"title\":\"Stru\\u010dnjake za rani i pred\\u0161kolski odgoj i obrazovanje\"}},{\"type\":\"grid_item\",\"props\":{\"content\":\"\n\n<p style=\\\"text-align: center;\\\"><span>Stru\\u010dnjake u osnovnoj \\u0161koli<\\\/span><\\\/p>\",\"panel_style\":\"tile-muted\",\"title\":\"Stru\\u010dnjake u osnovnoj \\u0161koli\"}},{\"type\":\"grid_item\",\"props\":{\"content\":\"\n\n<p style=\\\"text-align: center;\\\"><span>Roditelje<\\\/span><\\\/p>\",\"panel_style\":\"tile-muted\",\"title\":\"Roditelje\"}},{\"type\":\"grid_item\",\"props\":{\"content\":\"\n\n<div class=\\\"ewa-rteLine\\\" style=\\\"text-align: center;\\\">Ravnatelje \\u0161kola<\\\/div>\",\"panel_style\":\"tile-muted\",\"title\":\"Ravnatelje \\u0161kola \"}}]},{\"type\":\"button\",\"props\":{\"button_size\":\"large\",\"css\":\".el-content{\\n    background-color: #FEDF72;\\n    color: #000;\\n}\\n\",\"grid_column_gap\":\"small\",\"grid_row_gap\":\"small\",\"margin\":\"default\",\"text_align\":\"center\"},\"children\":[{\"type\":\"button_item\",\"props\":{\"button_style\":\"danger\",\"content\":\"PRISTUPITE RESURSIMA\",\"icon_align\":\"left\",\"link\":\"resources\\\/\"}}]}]}],\"props\":{\"column_gap\":\"collapse\",\"layout\":\"1-3,2-3\",\"width\":\"large\"}},{\"type\":\"row\",\"children\":[{\"type\":\"column\",\"props\":{\"image_position\":\"center-center\",\"media_overlay_gradient\":\"\",\"position_sticky_breakpoint\":\"m\"},\"children\":[{\"type\":\"image\",\"props\":{\"image\":\"wp-content\\\/uploads\\\/home-shape-02.svg\",\"image_height\":\"330\",\"image_svg_color\":\"\",\"image_svg_inline\":false,\"image_width\":\"165\",\"margin\":\"default\",\"position\":\"absolute\",\"position_top\":\"-140\",\"position_z_index\":\"0\",\"visibility\":\"xl\"}}]}],\"props\":{\"margin\":\"remove-vertical\"}}]},{\"type\":\"section\",\"props\":{\"image_position\":\"center-center\",\"padding\":\"large\",\"padding_remove_top\":true,\"style\":\"default\",\"title\":\"\",\"title_breakpoint\":\"xl\",\"title_position\":\"top-left\",\"title_rotation\":\"left\",\"vertical_align\":\"middle\",\"width\":\"\"},\"children\":[{\"type\":\"row\",\"children\":[{\"type\":\"column\",\"props\":{\"image_position\":\"center-center\",\"media_overlay_gradient\":\"\",\"position_sticky_breakpoint\":\"m\"},\"children\":[{\"type\":\"image\",\"props\":{\"image\":\"wp-content\\\/uploads\\\/home-shape-03.svg\",\"image_height\":\"800\",\"image_svg_color\":\"muted\",\"image_svg_inline\":true,\"image_width\":\"540\",\"margin\":\"default\",\"position\":\"absolute\",\"position_top\":\"-70\"},\"modified\":\"2021-07-30T12:45:27.308Z\",\"name\":\"\"}]}]},{\"type\":\"row\",\"props\":{\"layout\":\"1-3,2-3\",\"width\":\"large\"},\"children\":[{\"type\":\"column\",\"props\":{\"image_position\":\"center-center\",\"media_overlay_gradient\":\"\",\"position_sticky_breakpoint\":\"m\",\"width_medium\":\"1-3\"},\"children\":[{\"type\":\"panel\",\"props\":{\"content\":\"\n\n<p><span>Op\\u0107i cilj projekta UPSTAIRS je provo\\u0111enje istra\\u017eivanja i suradni\\u010dkog rada kako bi se stvorile metodologije, alati i materijali za e-u\\u010denje koji \\u0107e omogu\\u0107iti djeci u pred\\u0161kolskom odgoju da razviju potrebne vje\\u0161tine i \\u010dlanovima \\u0161kolskih zajednica da im u tome pomognu, transformiraju\\u0107i njihov prijelaz u osnovnu \\u0161kolu iz stresnog perioda u kreativni.<\\\/span><\\\/p>\\n\n\n<p><br \\\/><br \\\/><\\\/p>\",\"content_column_breakpoint\":\"m\",\"icon_width\":80,\"image_align\":\"top\",\"image_grid_breakpoint\":\"m\",\"image_grid_width\":\"1-2\",\"image_svg_color\":\"emphasis\",\"link\":\"\",\"link_margin\":\"medium\",\"link_style\":\"text\",\"link_text\":\"\",\"margin\":\"default\",\"meta_align\":\"below-title\",\"meta_element\":\"div\",\"meta_style\":\"text-meta\",\"text_align\":\"left\",\"text_align_breakpoint\":\"m\",\"text_align_fallback\":\"center\",\"title\":\"\\u0160to \\u0107ete ovdje prona\\u0107i?\",\"title_align\":\"top\",\"title_element\":\"h2\",\"title_grid_breakpoint\":\"m\",\"title_grid_width\":\"1-2\",\"title_hover_style\":\"reset\"}}]},{\"type\":\"column\",\"props\":{\"image_position\":\"center-center\",\"media_overlay_gradient\":\"\",\"position_sticky_breakpoint\":\"m\",\"width_medium\":\"2-3\"},\"children\":[{\"type\":\"grid\",\"props\":{\"attributes\":\"\",\"content_column_breakpoint\":\"m\",\"css\":\".el-link{\\n    float:right;\\n}\",\"filter_align\":\"left\",\"filter_all\":true,\"filter_grid_breakpoint\":\"m\",\"filter_grid_width\":\"auto\",\"filter_position\":\"top\",\"filter_style\":\"tab\",\"grid_column_gap\":\"large\",\"grid_default\":\"1\",\"grid_medium\":\"\",\"grid_row_gap\":\"large\",\"grid_small\":\"2\",\"icon_width\":80,\"image_align\":\"left\",\"image_grid_breakpoint\":\"s\",\"image_grid_column_gap\":\"medium\",\"image_grid_row_gap\":\"small\",\"image_grid_width\":\"auto\",\"image_height\":\"50\",\"image_svg_animate\":false,\"image_svg_color\":\"emphasis\",\"image_svg_inline\":true,\"image_width\":\"50\",\"item_animation\":true,\"link_style\":\"\",\"link_text\":\"Pro\\u010ditajte vi\\u0161e.\",\"margin\":\"default\",\"meta_align\":\"below-title\",\"meta_element\":\"div\",\"meta_style\":\"text-meta\",\"parallax_easing\":\"1\",\"show_content\":true,\"show_image\":true,\"show_link\":true,\"show_meta\":true,\"show_title\":true,\"text_align\":\"left\",\"text_align_breakpoint\":\"s\",\"text_align_fallback\":\"center\",\"title_align\":\"top\",\"title_element\":\"h3\",\"title_grid_breakpoint\":\"m\",\"title_grid_width\":\"1-2\",\"title_hover_style\":\"reset\"},\"children\":[{\"type\":\"grid_item\",\"props\":{\"content\":\"\n\n<p><span>Kako bismo podr\\u017eali spremnost djece za suo\\u010davanje s izazovima povezanima s odlaskom u osnovnu \\u0161kolu, stvorili smo strukturirani okvir s smjernicama koje trebaju slijediti pred\\u0161kolski djelatnici kako bi podr\\u017eali prijelaz, s ciljem osiguravanja emocionalnog blagostanja svakog djeteta te razvijanja vje\\u0161tina prilagodbe, neovisnosti i otpornosti kod djece.<\\\/span><\\\/p>\",\"image\":\"wp-content\\\/uploads\\\/2023\\\/02\\\/The-Framework-1.jpg\",\"link\":\"\\\/hr\\\/resources\\\/\",\"title\":\"Okvir\"}},{\"type\":\"grid_item\",\"props\":{\"content\":\"\n\n<p><span>Kako bismo uklju\\u010dili sve \\u010dlanove zajednica pred\\u0161kolskih ustanova i osnovnih \\u0161kola u ovaj napor, projekt UPSTAIRS razvija zajedni\\u010dki suradni\\u010dki prostor izme\\u0111u pred\\u0161kolskog, osnovno\\u0161kolskog osoblja i roditelja za podr\\u0161ku prijelazu i posebnim zahtjevima za djecu u nepovoljnom polo\\u017eaju, sve s ciljem razvijanja suradni\\u010dke podr\\u0161ke prijelazu usmjerenu na dijete.<\\\/span><\\\/p>\",\"image\":\"wp-content\\\/uploads\\\/2023\\\/02\\\/Continuous-Dialogue.jpg\",\"link\":\"\\\/hr\\\/resources\\\/\",\"title\":\"Kontinuirani dijalog\"}},{\"type\":\"grid_item\",\"props\":{\"content\":\"\n\n<div class=\\\"ewa-rteLine\\\">Zajedni\\u010dki kurikulum<\\\/div>\\n\n\n<div class=\\\"ewa-rteLine\\\">Kako bismo premostili dva razli\\u010dita koraka obrazovanja (pred\\u0161kolski i \\u0161kolski) te olak\\u0161ali prijelaz, razvijamo inovativni prijelazni kurikulum u suradnji s osobljem osnovnih \\u0161kola koji povezuje postavke i pedagogiju pred\\u0161kolskog i osnovno\\u0161kolskog obrazovanja te poti\\u010de kontinuitet razine obrazovanja.<\\\/div>\\n\n\n<div class=\\\"ewa-rteLine\\\"><\\\/div>\",\"image\":\"wp-content\\\/uploads\\\/2023\\\/02\\\/Picture14.png\",\"link\":\"\\\/hr\\\/resources\\\/\",\"title\":\"Zajedni\\u010dki kurikulum\"}}]}]}]}],\"name\":\"home4\"},{\"type\":\"section\",\"props\":{\"css\":\".el-section{\\n\\tbackground-color: #ccc;\\n    color: black;\\n}\",\"image_position\":\"center-center\",\"padding\":\"xsmall\",\"style\":\"default\",\"title_breakpoint\":\"xl\",\"title_position\":\"top-left\",\"title_rotation\":\"left\",\"vertical_align\":\"middle\",\"width\":\"large\"},\"children\":[{\"type\":\"row\",\"props\":{\"layout\":\"1-3,2-3\"},\"children\":[{\"type\":\"column\",\"props\":{\"image_position\":\"center-center\",\"media_overlay_gradient\":\"\",\"position_sticky_breakpoint\":\"m\",\"width_medium\":\"1-3\"},\"children\":[{\"type\":\"text\",\"props\":{\"column_breakpoint\":\"m\",\"content\":\"\n\n<h3><span>Oko:<\\\/span><\\\/h3>\\n\n\n<p><span>UPSTAIRS je Erasmus+ projekt koji ima za cilj transformirati prijelaz u osnovnu \\u0161kolu iz stresnog razdoblja u kreativno, \\u0161to rezultira sretnom, samouvjerenom i suradljivom djecom.<\\\/span><\\\/p>\",\"margin\":\"default\"}}]},{\"type\":\"column\",\"props\":{\"image_position\":\"center-center\",\"media_overlay_gradient\":\"\",\"position_sticky_breakpoint\":\"m\",\"width_medium\":\"2-3\"},\"children\":[{\"type\":\"text\",\"props\":{\"column_breakpoint\":\"m\",\"content\":\"\n\n<h3><span>Erasmus+<\\\/span><\\\/h3>\\n\n\n<p><span>Financira Europska unija. Izra\\u017eeni stavovi i mi\\u0161ljenja su, me\\u0111utim, samo autorovi i ne odra\\u017eavaju nu\\u017eno stavove Europske unije ili Izvr\\u0161ne agencije za obrazovanje i kulturu (EACEA). Ni Europska unija ni EACEA ne mogu se smatrati odgovornima za njih.<\\\/span><\\\/p>\\n\n\n<p><span>Broj projekta<\\\/span>: 2022-1- KA220-SCH-7767B436<\\\/p>\",\"margin\":\"default\"}},{\"type\":\"image\",\"props\":{\"image\":\"wp-content\\\/uploads\\\/2023\\\/02\\\/Picture1.png\",\"image_height\":\"100\",\"image_svg_color\":\"emphasis\",\"margin\":\"default\",\"text_align\":\"left\"}}]}]}],\"name\":\"Footer\"}],\"version\":\"3.0.20\"} --><\/p>\n","protected":false},"excerpt":{"rendered":"<p>UPSTAIRS Transformacija prijelaza iz vrti\u0107a u osnovnu \u0161kolu \u0160to je Transition2primary \u0160to je Transition2primary Transition2primary je digitalni zajedni\u010dki prostor koji olak\u0161ava suradnju svih \u010dlanova pred\u0161kolske i osnovo\u0161kolske zajednice. Ova stranica uklju\u010duje repozitorij aktivnosti, savjeta i materijala za podr\u0161ku osoblju \u0161kole i roditeljima, kako bi se podr\u017eao prijelaz i posebni zahtjevi za djecu u nepovoljnom polo\u017eaju. [&hellip;]<\/p>\n","protected":false},"author":1,"featured_media":0,"parent":0,"menu_order":0,"comment_status":"closed","ping_status":"closed","template":"","meta":{"footnotes":""},"class_list":["post-590","page","type-page","status-publish","hentry"],"_links":{"self":[{"href":"https:\/\/transition2primary.eu\/hr\/wp-json\/wp\/v2\/pages\/590"}],"collection":[{"href":"https:\/\/transition2primary.eu\/hr\/wp-json\/wp\/v2\/pages"}],"about":[{"href":"https:\/\/transition2primary.eu\/hr\/wp-json\/wp\/v2\/types\/page"}],"author":[{"embeddable":true,"href":"https:\/\/transition2primary.eu\/hr\/wp-json\/wp\/v2\/users\/1"}],"replies":[{"embeddable":true,"href":"https:\/\/transition2primary.eu\/hr\/wp-json\/wp\/v2\/comments?post=590"}],"version-history":[{"count":4,"href":"https:\/\/transition2primary.eu\/hr\/wp-json\/wp\/v2\/pages\/590\/revisions"}],"predecessor-version":[{"id":9803,"href":"https:\/\/transition2primary.eu\/hr\/wp-json\/wp\/v2\/pages\/590\/revisions\/9803"}],"wp:attachment":[{"href":"https:\/\/transition2primary.eu\/hr\/wp-json\/wp\/v2\/media?parent=590"}],"curies":[{"name":"wp","href":"https:\/\/api.w.org\/{rel}","templated":true}]}}