{"id":467,"date":"2023-03-03T11:19:50","date_gmt":"2023-03-03T11:19:50","guid":{"rendered":"https:\/\/transition2primary.eu\/resources\/"},"modified":"2023-03-06T10:17:24","modified_gmt":"2023-03-06T10:17:24","slug":"resources","status":"publish","type":"page","link":"https:\/\/transition2primary.eu\/es\/resources\/","title":{"rendered":"RECURSOS"},"content":{"rendered":"<h1><span>Nuestros recursos<\/span><\/h1>\n<div>\n<p><span>Todo el personal de ECEC, las escuelas primarias, los directores de jardines de infancia\/escuelas primarias y los padres tienen un objetivo com\u00fan: hacer que la integraci\u00f3n de nuestros ni\u00f1os en el sistema educativo sea lo m\u00e1s fluida y agradable posible. Solo compartiendo nuestras experiencias, inquietudes, aprendizajes y puntos de vista podremos adoptar un enfoque hol\u00edstico centrado en el alumno que abarque los factores de preparaci\u00f3n, continuidad, inclusi\u00f3n y cooperaci\u00f3n.<\/span><\/p>\n<\/div>\n<p><img decoding=\"async\" src=\"\/wp-content\/uploads\/services-shape-01.svg\" alt=\"\"><br \/>\n<img decoding=\"async\" src=\"\/wp-content\/uploads\/2023\/02\/Resources-e1675861956764.jpg\" alt=\"\"><br \/>\n<img decoding=\"async\" src=\"\/wp-content\/uploads\/services-shape-02.svg\" alt=\"\"><\/p>\n<ul>\n<li>\n<h2>Recursos pedag\u00f3gicos<\/h2>\n<div>\n<div class=\"ewa-rteLine\">Una colecci\u00f3n de recursos pedag\u00f3gicos para el desarrollo de las habilidades sociales cognitivas y emocionales de los ni\u00f1os antes de que experimenten el proceso de transici\u00f3n a la escuela primaria.<\/div>\n<div class=\"ewa-rteLine\"><\/div>\n<p class=\"ewa-rteLine\">WIP Fecha de lanzamiento prevista: NOV 2023<\/p>\n<\/div>\n<\/li>\n<li>\n<h2>Plan de estudios de formaci\u00f3n<\/h2>\n<div>\n<div class=\"ewa-rteLine\">Un plan de estudios de formaci\u00f3n transnacional para el personal de EAPI de preescolar que reciba formaci\u00f3n sobre c\u00f3mo desarrollar en los alumnos las habilidades que necesitan para una transici\u00f3n tranquila y agradable.<\/div>\n<div class=\"ewa-rteLine\"><\/div>\n<p class=\"ewa-rteLine\">WIP Fecha de lanzamiento prevista: NOV 2023<\/p>\n<\/div>\n<\/li>\n<li>\n<h2>Talleres de trabajo<\/h2>\n<div>\n<div class=\"ewa-rteLine\">Talleres para padres, EAPI y profesores de primaria para desarrollar una comprensi\u00f3n com\u00fan del per\u00edodo de transici\u00f3n.<\/div>\n<div class=\"ewa-rteLine\"><\/div>\n<p class=\"ewa-rteLine\">WIP Fecha de lanzamiento prevista: MAYO DE 2024<\/p>\n<\/div>\n<\/li>\n<li>\n<h2>Gu\u00eda para la Transici\u00f3n<\/h2>\n<div>\n<div class=\"ewa-rteLine\">Una gu\u00eda con las mejores pr\u00e1cticas, estudios de casos y metodolog\u00edas sugeridas para una transici\u00f3n tranquila y agradable.<\/div>\n<div class=\"ewa-rteLine\"><\/div>\n<p class=\"ewa-rteLine\">WIP Fecha de lanzamiento prevista: AGOSTO DE 2024<\/p>\n<\/div>\n<\/li>\n<li>\n<h2>La comunidad europea de UPSTAIRS<\/h2>\n<div>\n<div class=\"ewa-rteLine\">Un espacio colaborativo com\u00fan para padres, EAPI y maestros de escuela primaria, para encontrar recursos, comunicarse, intercambiar experiencias y trabajar juntos para cerrar la brecha entre la educaci\u00f3n preescolar y la escuela primaria.<\/div>\n<div class=\"ewa-rteLine\"><\/div>\n<p class=\"ewa-rteLine\">\u201cDisponible proximamente\u00bb<\/p>\n<\/div>\n<\/li>\n<\/ul>\n<div>\n<h3 class=\"ewa-rteLine\">Acerca de:<\/h3>\n<div class=\"ewa-rteLine\">UPSTAIRS es un proyecto Erasmus+ que tiene como objetivo transformar la transici\u00f3n a la escuela primaria de un per\u00edodo estresante a uno creativo que resulte en ni\u00f1os felices, confiados y colaborativos.<\/div>\n<\/div>\n<div>\n<h3><span>Erasmus+<\/span><\/h3>\n<p><span>Financiado por la Uni\u00f3n Europea. Sin embargo, los puntos de vista y las opiniones expresadas pertenecen \u00fanicamente a los autores y no reflejan necesariamente las de la Uni\u00f3n Europea o la Agencia Ejecutiva Europea de Educaci\u00f3n y Cultura (EACEA). Ni la Uni\u00f3n Europea ni la EACEA pueden hacerse responsables de ellos.<\/span><\/p>\n<p><span>N\u00famero de proyecto<\/span>: 2022-1- KA220-SCH-7767B436<\/p>\n<\/div>\n<p><img decoding=\"async\" src=\"\/wp-content\/uploads\/2023\/02\/Picture1.png\" alt=\"\"><\/p>\n<p><!--more--><br \/>\n<!-- {\"type\":\"layout\",\"children\":[{\"name\":\"resources1\",\"type\":\"section\",\"props\":{\"image_position\":\"center-center\",\"padding\":\"none\",\"style\":\"default\",\"title_breakpoint\":\"xl\",\"title_position\":\"top-left\",\"title_rotation\":\"left\",\"vertical_align\":\"middle\",\"width\":\"large\",\"width_expand\":\"right\"},\"children\":[{\"name\":\"\",\"type\":\"row\",\"children\":[{\"name\":\"\",\"type\":\"column\",\"props\":{\"css\":\"@media (min-width: 960px) {\\n    \\n\\t.el-column { max-width: 453px; }\\n    .el-column .uk-tile {\\n        padding-top: 0;\\n        padding-bottom: 0;\\n        padding-left: 0;\\n    }\\n    \\n}\",\"image_position\":\"center-center\",\"media_overlay_gradient\":\"\",\"padding\":\"small\",\"position_sticky_breakpoint\":\"m\",\"style\":\"default\",\"vertical_align\":\"middle\",\"width_medium\":\"1-3\"},\"children\":[{\"type\":\"headline\",\"props\":{\"content\":\"<span>Nuestros recursos<\\\/span>\",\"margin\":\"remove-vertical\",\"maxwidth\":\"large\",\"maxwidth_breakpoint\":\"m\",\"text_align\":\"left\",\"text_align_breakpoint\":\"m\",\"text_align_fallback\":\"center\",\"title_element\":\"h1\"}},{\"type\":\"text\",\"props\":{\"column_breakpoint\":\"m\",\"content\":\"\n\n<p><span>Todo el personal de ECEC, las escuelas primarias, los directores de jardines de infancia\\\/escuelas primarias y los padres tienen un objetivo com\\u00fan: hacer que la integraci\\u00f3n de nuestros ni\\u00f1os en el sistema educativo sea lo m\\u00e1s fluida y agradable posible. Solo compartiendo nuestras experiencias, inquietudes, aprendizajes y puntos de vista podremos adoptar un enfoque hol\\u00edstico centrado en el alumno que abarque los factores de preparaci\\u00f3n, continuidad, inclusi\\u00f3n y cooperaci\\u00f3n.<\\\/span><\\\/p>\",\"margin\":\"default\",\"maxwidth\":\"large\",\"maxwidth_breakpoint\":\"m\",\"text_align\":\"left\",\"text_align_breakpoint\":\"m\",\"text_align_fallback\":\"center\"}}]},{\"type\":\"column\",\"props\":{\"image_position\":\"center-center\",\"media_overlay_gradient\":\"\",\"position_sticky_breakpoint\":\"m\",\"width_medium\":\"2-3\"},\"children\":[{\"type\":\"image\",\"props\":{\"image\":\"wp-content\\\/uploads\\\/services-shape-01.svg\",\"image_height\":\"170\",\"image_loading\":true,\"image_svg_color\":\"\",\"image_svg_inline\":false,\"image_width\":\"170\",\"margin\":\"default\",\"parallax_easing\":\"-1\",\"position\":\"absolute\",\"position_left\":\"-170\",\"position_z_index\":\"0\",\"visibility\":\"xl\"}},{\"type\":\"image\",\"props\":{\"container_padding_remove\":true,\"css\":\"@media (max-width: 959px) {\\n    \\n    .el-element.uk-container-item-padding-remove-right {\\n        width: 100%;\\n        margin-right: 0;\\n    }\\n    \\n}\",\"image\":\"wp-content\\\/uploads\\\/2023\\\/02\\\/Resources-e1675861956764.jpg\",\"image_loading\":true,\"image_svg_color\":\"emphasis\",\"image_width\":\"1510\",\"margin\":\"default\",\"margin_remove_top\":true,\"position\":\"relative\",\"position_z_index\":\"2\",\"text_align\":\"right\"}}]}],\"props\":{\"column_gap\":\"collapse\",\"layout\":\"1-3,2-3\",\"row_gap\":\"collapse\"}}]},{\"name\":\"resources2\",\"type\":\"section\",\"props\":{\"animation\":\"slide-top-small\",\"header_overlay\":\"light\",\"height_viewport\":false,\"image\":\"\",\"image_effect\":\"parallax\",\"image_parallax_easing\":\"1\",\"image_position\":\"bottom-left\",\"media\":\"\",\"padding\":\"large\",\"padding_remove_top\":true,\"style\":\"default\",\"title_breakpoint\":\"xl\",\"title_position\":\"top-left\",\"title_rotation\":\"left\",\"vertical_align\":\"middle\",\"width\":\"\"},\"children\":[{\"type\":\"row\",\"children\":[{\"type\":\"column\",\"props\":{\"image_position\":\"center-center\",\"media_overlay_gradient\":\"\",\"position_sticky_breakpoint\":\"m\"},\"children\":[{\"type\":\"image\",\"props\":{\"image\":\"wp-content\\\/uploads\\\/services-shape-02.svg\",\"image_height\":\"330\",\"image_svg_color\":\"\",\"image_svg_inline\":false,\"image_width\":\"165\",\"margin\":\"default\",\"position\":\"absolute\",\"position_top\":\"-160\",\"position_z_index\":\"1\",\"visibility\":\"xl\"}}]}],\"props\":{\"margin\":\"remove-vertical\"}},{\"type\":\"row\",\"props\":{\"margin\":\"large\",\"width\":\"large\"},\"children\":[{\"type\":\"column\",\"props\":{\"image_position\":\"center-center\",\"media_overlay_gradient\":\"\",\"position_sticky_breakpoint\":\"m\"},\"children\":[{\"type\":\"grid\",\"props\":{\"content_column_breakpoint\":\"m\",\"filter_align\":\"left\",\"filter_all\":true,\"filter_grid_breakpoint\":\"m\",\"filter_grid_width\":\"auto\",\"filter_position\":\"top\",\"filter_style\":\"tab\",\"grid_column_gap\":\"collapse\",\"grid_default\":\"1\",\"grid_medium\":\"3\",\"grid_row_gap\":\"collapse\",\"grid_small\":\"2\",\"icon_width\":80,\"id\":\"services\",\"image_align\":\"top\",\"image_grid_breakpoint\":\"m\",\"image_grid_width\":\"1-2\",\"image_height\":\"68\",\"image_svg_color\":\"emphasis\",\"image_svg_inline\":true,\"image_width\":\"68\",\"item_animation\":true,\"link_margin\":\"medium\",\"link_style\":\"default\",\"link_text\":\"<span uk-icon=\\\"icon: arrow-right; ratio: 1.4\\\"><\\\/span>\",\"margin\":\"remove-vertical\",\"meta_align\":\"below-title\",\"meta_element\":\"div\",\"meta_style\":\"text-meta\",\"panel_link\":true,\"panel_padding\":\"large\",\"panel_style\":\"tile-checked\",\"parallax_easing\":\"1\",\"position\":\"relative\",\"position_z_index\":\"1\",\"show_content\":true,\"show_image\":true,\"show_link\":true,\"show_meta\":true,\"show_title\":true,\"title_align\":\"top\",\"title_element\":\"h2\",\"title_grid_breakpoint\":\"m\",\"title_grid_width\":\"1-2\",\"title_hover_style\":\"reset\",\"title_style\":\"h3\"},\"children\":[{\"type\":\"grid_item\",\"props\":{\"content\":\"\n\n<div class=\\\"ewa-rteLine\\\">Una colecci\\u00f3n de recursos pedag\\u00f3gicos para el desarrollo de las habilidades sociales cognitivas y emocionales de los ni\\u00f1os antes de que experimenten el proceso de transici\\u00f3n a la escuela primaria.<\\\/div>\\n\n\n<div class=\\\"ewa-rteLine\\\"><\\\/div>\\n\n\n<p class=\\\"ewa-rteLine\\\">WIP Fecha de lanzamiento prevista: NOV 2023<\\\/p>\",\"image\":\"\",\"link\":\"\",\"link_text\":\"\",\"title\":\"Recursos pedag\\u00f3gicos\"}},{\"type\":\"grid_item\",\"props\":{\"content\":\"\n\n<div class=\\\"ewa-rteLine\\\">Un plan de estudios de formaci\\u00f3n transnacional para el personal de EAPI de preescolar que reciba formaci\\u00f3n sobre c\\u00f3mo desarrollar en los alumnos las habilidades que necesitan para una transici\\u00f3n tranquila y agradable.<\\\/div>\\n\n\n<div class=\\\"ewa-rteLine\\\"><\\\/div>\\n\n\n<p class=\\\"ewa-rteLine\\\">WIP Fecha de lanzamiento prevista: NOV 2023<\\\/p>\",\"image\":\"\",\"link\":\"\",\"link_text\":\"\",\"title\":\"Plan de estudios de formaci\\u00f3n\"}},{\"type\":\"grid_item\",\"props\":{\"content\":\"\n\n<div class=\\\"ewa-rteLine\\\">Talleres para padres, EAPI y profesores de primaria para desarrollar una comprensi\\u00f3n com\\u00fan del per\\u00edodo de transici\\u00f3n.<\\\/div>\\n\n\n<div class=\\\"ewa-rteLine\\\"><\\\/div>\\n\n\n<p class=\\\"ewa-rteLine\\\">WIP Fecha de lanzamiento prevista: MAYO DE 2024<\\\/p>\",\"image\":\"\",\"link\":\"\",\"link_text\":\"\",\"title\":\"Talleres de trabajo\"}},{\"type\":\"grid_item\",\"props\":{\"content\":\"\n\n<div class=\\\"ewa-rteLine\\\">Una gu\\u00eda con las mejores pr\\u00e1cticas, estudios de casos y metodolog\\u00edas sugeridas para una transici\\u00f3n tranquila y agradable.<\\\/div>\\n\n\n<div class=\\\"ewa-rteLine\\\"><\\\/div>\\n\n\n<p class=\\\"ewa-rteLine\\\">WIP Fecha de lanzamiento prevista: AGOSTO DE 2024<\\\/p>\",\"image\":\"\",\"link\":\"\",\"link_text\":\"\",\"title\":\"Gu\\u00eda para la Transici\\u00f3n\"}},{\"type\":\"grid_item\",\"props\":{\"content\":\"\n\n<div class=\\\"ewa-rteLine\\\">Un espacio colaborativo com\\u00fan para padres, EAPI y maestros de escuela primaria, para encontrar recursos, comunicarse, intercambiar experiencias y trabajar juntos para cerrar la brecha entre la educaci\\u00f3n preescolar y la escuela primaria.<\\\/div>\\n\n\n<div class=\\\"ewa-rteLine\\\"><\\\/div>\\n\n\n<p class=\\\"ewa-rteLine\\\">\\u201cDisponible proximamente\\\"<\\\/p>\",\"image\":\"\",\"link\":\"\",\"link_text\":\"Join\",\"title\":\"La comunidad europea de UPSTAIRS\"}}]}]}]}]},{\"type\":\"section\",\"props\":{\"css\":\".el-section{\\n\\tbackground-color: #ccc;\\n    color: black;\\n}\",\"image_position\":\"center-center\",\"padding\":\"xsmall\",\"style\":\"default\",\"title_breakpoint\":\"xl\",\"title_position\":\"top-left\",\"title_rotation\":\"left\",\"vertical_align\":\"middle\",\"width\":\"large\"},\"children\":[{\"type\":\"row\",\"props\":{\"layout\":\"1-3,2-3\"},\"children\":[{\"type\":\"column\",\"props\":{\"image_position\":\"center-center\",\"media_overlay_gradient\":\"\",\"position_sticky_breakpoint\":\"m\",\"width_medium\":\"1-3\"},\"children\":[{\"type\":\"text\",\"props\":{\"column_breakpoint\":\"m\",\"content\":\"\n\n<h3 class=\\\"ewa-rteLine\\\">Acerca de:<\\\/h3>\\n\n\n<div class=\\\"ewa-rteLine\\\">UPSTAIRS es un proyecto Erasmus+ que tiene como objetivo transformar la transici\\u00f3n a la escuela primaria de un per\\u00edodo estresante a uno creativo que resulte en ni\\u00f1os felices, confiados y colaborativos.<\\\/div>\",\"margin\":\"default\"}}]},{\"type\":\"column\",\"props\":{\"image_position\":\"center-center\",\"media_overlay_gradient\":\"\",\"position_sticky_breakpoint\":\"m\",\"width_medium\":\"2-3\"},\"children\":[{\"type\":\"text\",\"props\":{\"column_breakpoint\":\"m\",\"content\":\"\n\n<h3><span>Erasmus+<\\\/span><\\\/h3>\\n\n\n<p><span>Financiado por la Uni\\u00f3n Europea. Sin embargo, los puntos de vista y las opiniones expresadas pertenecen \\u00fanicamente a los autores y no reflejan necesariamente las de la Uni\\u00f3n Europea o la Agencia Ejecutiva Europea de Educaci\\u00f3n y Cultura (EACEA). Ni la Uni\\u00f3n Europea ni la EACEA pueden hacerse responsables de ellos.<\\\/span><\\\/p>\\n\n\n<p><span>N\\u00famero de proyecto<\\\/span>: 2022-1- KA220-SCH-7767B436<\\\/p>\",\"margin\":\"default\"}},{\"type\":\"image\",\"props\":{\"image\":\"wp-content\\\/uploads\\\/2023\\\/02\\\/Picture1.png\",\"image_height\":\"100\",\"image_svg_color\":\"emphasis\",\"margin\":\"default\",\"text_align\":\"left\"}}]}]}],\"name\":\"Footer_sp\"}],\"version\":\"3.0.20\"} --><\/p>\n","protected":false},"excerpt":{"rendered":"<p>Nuestros recursos Todo el personal de ECEC, las escuelas primarias, los directores de jardines de infancia\/escuelas primarias y los padres tienen un objetivo com\u00fan: hacer que la integraci\u00f3n de nuestros ni\u00f1os en el sistema educativo sea lo m\u00e1s fluida y agradable posible. Solo compartiendo nuestras experiencias, inquietudes, aprendizajes y puntos de vista podremos adoptar un [&hellip;]<\/p>\n","protected":false},"author":1,"featured_media":0,"parent":0,"menu_order":0,"comment_status":"closed","ping_status":"closed","template":"","meta":{"footnotes":""},"class_list":["post-467","page","type-page","status-publish","hentry"],"_links":{"self":[{"href":"https:\/\/transition2primary.eu\/es\/wp-json\/wp\/v2\/pages\/467"}],"collection":[{"href":"https:\/\/transition2primary.eu\/es\/wp-json\/wp\/v2\/pages"}],"about":[{"href":"https:\/\/transition2primary.eu\/es\/wp-json\/wp\/v2\/types\/page"}],"author":[{"embeddable":true,"href":"https:\/\/transition2primary.eu\/es\/wp-json\/wp\/v2\/users\/1"}],"replies":[{"embeddable":true,"href":"https:\/\/transition2primary.eu\/es\/wp-json\/wp\/v2\/comments?post=467"}],"version-history":[{"count":2,"href":"https:\/\/transition2primary.eu\/es\/wp-json\/wp\/v2\/pages\/467\/revisions"}],"predecessor-version":[{"id":533,"href":"https:\/\/transition2primary.eu\/es\/wp-json\/wp\/v2\/pages\/467\/revisions\/533"}],"wp:attachment":[{"href":"https:\/\/transition2primary.eu\/es\/wp-json\/wp\/v2\/media?parent=467"}],"curies":[{"name":"wp","href":"https:\/\/api.w.org\/{rel}","templated":true}]}}