{"id":430,"date":"2023-03-03T11:02:21","date_gmt":"2023-03-03T11:02:21","guid":{"rendered":"https:\/\/transition2primary.eu\/home\/"},"modified":"2023-03-06T10:15:52","modified_gmt":"2023-03-06T10:15:52","slug":"home","status":"publish","type":"page","link":"https:\/\/transition2primary.eu\/es\/","title":{"rendered":"INICIO"},"content":{"rendered":"<h1>UPSTAIRS<\/h1>\n<div>\n<p><span>Transformando la transici\u00f3n de educaci\u00f3n infanitl a educaci\u00f3n primaria<\/span><\/p>\n<\/div>\n<p><img decoding=\"async\" src=\"\/wp-content\/uploads\/home-shape-01.svg\" alt=\"\"><br \/>\n<img decoding=\"async\" src=\"\/wp-content\/uploads\/2023\/02\/Picture2-1.jpg\" alt=\"\"><\/p>\n<div>\n<h2>\u00bfQu\u00e9 es la transici\u00f3n2primaria?<\/h2>\n<div>\n<p><span> La trnasici\u00f3n2primaria es un espacio digital com\u00fan que facilita la cooperaci\u00f3n entre todos los miembros de la comunidades en las que se imparte educaic\u00f3n infantil y primaria. Este sitio contiene un repertorio de actividades, consejos y material para las familias y profesores, para apoyar la transici\u00f3n y ayudar al alumnado con dificultades. A trav\u00e9s de estos materiales, queremos desarrollar un enfoque colaborativo en el que el alumno es el centro de la etapa de transici\u00f3n, proporcionando al alumno las habilidades necesarias para afrontar el nuevo entorno.<\/span><\/p>\n<\/div>\n<p><a href=\"\/es\/about-us\/\"> Leer m\u00e1s\u00bb<\/a><\/p>\n<\/div>\n<p><img decoding=\"async\" src=\"\/wp-content\/uploads\/2023\/02\/high-five-1.jpg\" alt=\"\"><\/p>\n<div>\n<h2>\u00bfC\u00f3mo podemos ayudarte?<\/h2>\n<div>\n<p><span>Aqu\u00ed encontrar\u00e1s algunas programaciones, actividdades y gu\u00edas para facilitar la transici\u00f3n a primaria, en relaci\u00f3n a la lectura, entre otros aspectos pedag\u00f3gicos, todo creado a trav\u00e9s de la cooperaci\u00f3n entre todos los participantes, con una eficiencia testada\u00bb<\/span><\/p>\n<\/div>\n<\/div>\n<h4>\n<p style=\"font-size: 20px;\"><span>OFRECEMOS: <strong>RECURSOS PEDAG\u00d3GICOS, ENRIQUECIMIENTO DEL CURR\u00cdCULUM, TALLERES,<\/strong> GU\u00cdAS\u2026<\/span><\/p>\n<\/p>\n<\/h4>\n<ul>\n<li>\n<div>Early childhood education and care Professional<\/div>\n<div>\n<p style=\"text-align: center;\"><span>Educaci\u00f3n Infantil<\/span><\/p>\n<\/div>\n<\/li>\n<li>\n<div>Primary school professionals<\/div>\n<div>\n<p style=\"text-align: center;\"><span>Educaci\u00f3n primaria<\/span><\/p>\n<\/div>\n<\/li>\n<li>\n<div>Parents<\/div>\n<div>\n<p style=\"text-align: center;\"><span>Familias<\/span><\/p>\n<\/div>\n<\/li>\n<li>\n<div>School Managers<\/div>\n<div>\n<p style=\"text-align: center;\"><span>Gerentes del centro<\/span><\/p>\n<\/div>\n<\/li>\n<\/ul>\n<p>\n    <a href=\"\/es\/resources\/\">ACCESO     RECURSOS<\/a>\n<\/p>\n<p><img decoding=\"async\" src=\"\/wp-content\/uploads\/home-shape-02.svg\" alt=\"\"><br \/>\n<img decoding=\"async\" src=\"\/wp-content\/uploads\/home-shape-03.svg\" alt=\"\"><\/p>\n<div>\n<h2>\u00bfQu\u00e9 encontrar\u00e1s aqu\u00ed?<\/h2>\n<div>\n<p><span>El objetivo general del proyecto UPSTAIRS es realizar investigaci\u00f3n y trabajo colaborativo para crear metodolog\u00edas, herramientas y materiales de aprendizaje electr\u00f3nico que permitan a los ni\u00f1os de educaci\u00f3n infantil desarrollar las habilidades requeridas, y a los miembros de las comunidades escolares, ayudarles a hacerlo. Por lo tanto, transformando su transici\u00f3n a la escuela primaria de un per\u00edodo estresante a uno creativo.<\/span><\/p>\n<\/p>\n<\/div>\n<\/div>\n<ul>\n<li>\n<p>        <img decoding=\"async\" src=\"\/wp-content\/uploads\/2023\/02\/The-Framework-1.jpg\" alt=\"\"><\/p>\n<h3>El marco<\/h3>\n<div>\n<p><span>Para apoyar la preparaci\u00f3n de los ni\u00f1os para enfrentar los desaf\u00edos relacionados con su asistencia a la escuela primaria, creamos un Marco estructurado, con pautas que debe seguir el personal de educaci\u00f3n infantil para apoyar la transici\u00f3n, con el objetivo del bienestar emocional de cada ni\u00f1o y el cultivo de habilidades de adaptaci\u00f3n, independencia y resiliencia de los ni\u00f1os.<\/span><\/p>\n<\/div>\n<p><a href=\"\/es\/resources\/\">Leer m\u00e1s<\/a><\/p>\n<\/li>\n<li>\n<p>        <img decoding=\"async\" src=\"\/wp-content\/uploads\/2023\/02\/Continuous-Dialogue.jpg\" alt=\"\"><\/p>\n<h3>Di\u00e1logo continuo<\/h3>\n<div>\n<p><span>Para involucrar a todos los miembros de las comunidades de infantil y primaria en este esfuerzo, el proyecto UPSTAIRS desarrolla un espacio de colaboraci\u00f3n com\u00fan entre el personal de preescolar y primaria y los padres para apoyar la transici\u00f3n y los requisitos especiales para ni\u00f1os desfavorecidos con el objetivo de desarrollar una colaboraci\u00f3n centrada en el ni\u00f1o. apoyo de transici\u00f3n.<\/span><\/p>\n<\/div>\n<p><a href=\"\/es\/resources\/\">Leer m\u00e1s<\/a><\/p>\n<\/li>\n<li>\n<p>        <img decoding=\"async\" src=\"\/wp-content\/uploads\/2023\/02\/Picture14.png\" alt=\"\"><\/p>\n<h3>Un curr\u00edculo com\u00fan<\/h3>\n<div>\n<div class=\"ewa-rteLine\">Para unir los dos pasos diferentes de la educaci\u00f3n (infantil y primaria) haciendo que la transici\u00f3n sea natural y f\u00e1cil, desarrollamos un plan de estudios de transici\u00f3n innovador mediante la colaboraci\u00f3n con el personal de la escuela primaria que vincula los entornos de educaci\u00f3n preescolar y primaria y la pedagog\u00eda que fomenta la continuidad de los niveles educativos.<\/div>\n<div class=\"ewa-rteLine\"><\/div>\n<\/div>\n<p><a href=\"\/es\/resources\/\">Leer m\u00e1s<\/a><\/p>\n<\/li>\n<\/ul>\n<div>\n<h3 class=\"ewa-rteLine\">Acerca de:<\/h3>\n<div class=\"ewa-rteLine\">UPSTAIRS es un proyecto Erasmus+ que tiene como objetivo transformar la transici\u00f3n a la escuela primaria de un per\u00edodo estresante a uno creativo que resulte en ni\u00f1os felices, confiados y colaborativos.<\/div>\n<\/div>\n<div>\n<h3><span>Erasmus+<\/span><\/h3>\n<p><span>Financiado por la Uni\u00f3n Europea. Sin embargo, los puntos de vista y las opiniones expresadas pertenecen \u00fanicamente a los autores y no reflejan necesariamente las de la Uni\u00f3n Europea o la Agencia Ejecutiva Europea de Educaci\u00f3n y Cultura (EACEA). Ni la Uni\u00f3n Europea ni la EACEA pueden hacerse responsables de ellos.<\/span><\/p>\n<p><span>N\u00famero de proyecto<\/span>: 2022-1- KA220-SCH-7767B436<\/p>\n<\/div>\n<p><img decoding=\"async\" src=\"\/wp-content\/uploads\/2023\/02\/Picture1.png\" alt=\"\"><\/p>\n<p><!--more--><br \/>\n<!-- {\"type\":\"layout\",\"children\":[{\"name\":\"Home1\",\"type\":\"section\",\"props\":{\"image_position\":\"center-center\",\"padding\":\"none\",\"style\":\"default\",\"title_breakpoint\":\"xl\",\"title_position\":\"top-left\",\"title_rotation\":\"left\",\"vertical_align\":\"middle\",\"width\":\"large\",\"width_expand\":\"right\"},\"children\":[{\"name\":\"\",\"type\":\"row\",\"children\":[{\"name\":\"\",\"type\":\"column\",\"props\":{\"class\":\"\",\"css\":\"@media (min-width: 960px) {\\n    \\n\\t.el-column { max-width: 453px; }\\n    .el-column .uk-tile { padding-left: 0; }\\n    \\n}\",\"image_position\":\"center-center\",\"media_overlay_gradient\":\"\",\"padding\":\"small\",\"position_sticky_breakpoint\":\"m\",\"style\":\"default\",\"vertical_align\":\"middle\",\"width_medium\":\"1-3\"},\"children\":[{\"type\":\"headline\",\"props\":{\"content\":\"UPSTAIRS\",\"margin\":\"remove-vertical\",\"maxwidth\":\"medium\",\"maxwidth_breakpoint\":\"m\",\"position\":\"relative\",\"position_z_index\":\"1\",\"text_align\":\"left\",\"text_align_breakpoint\":\"m\",\"text_align_fallback\":\"center\",\"title_element\":\"h1\",\"title_style\":\"heading-medium\"}},{\"type\":\"headline\",\"props\":{\"content\":\"\n\n<p><span>Transformando la transici\\u00f3n de educaci\\u00f3n infanitl a educaci\\u00f3n primaria<\\\/span><\\\/p>\",\"margin\":\"default\",\"margin_remove_top\":false,\"maxwidth\":\"medium\",\"position_z_index\":\"0\",\"text_align\":\"left\",\"text_align_breakpoint\":\"m\",\"text_align_fallback\":\"center\",\"title_color\":\"primary\",\"title_element\":\"div\",\"title_style\":\"text-large\"}}]},{\"type\":\"column\",\"props\":{\"image_position\":\"center-center\",\"media_overlay_gradient\":\"\",\"position_sticky_breakpoint\":\"m\",\"width_medium\":\"2-3\"},\"children\":[{\"type\":\"image\",\"props\":{\"image\":\"wp-content\\\/uploads\\\/home-shape-01.svg\",\"image_height\":\"170\",\"image_loading\":true,\"image_svg_color\":\"\",\"image_svg_inline\":false,\"image_width\":\"170\",\"margin\":\"default\",\"parallax_easing\":\"-1\",\"position\":\"absolute\",\"position_left\":\"-170\",\"position_z_index\":\"0\",\"visibility\":\"l\"}},{\"type\":\"image\",\"props\":{\"container_padding_remove\":true,\"css\":\"@media (max-width: 959px) {\\n    \\n    .el-element.uk-container-item-padding-remove-right {\\n        width: 100%;\\n        margin-right: 0;\\n    }\\n    \\n}\",\"image\":\"wp-content\\\/uploads\\\/2023\\\/02\\\/Picture2-1.jpg\",\"image_loading\":true,\"image_svg_color\":\"emphasis\",\"image_width\":\"1510\",\"margin\":\"default\",\"margin_remove_top\":true,\"position_z_index\":\"0\",\"text_align\":\"right\"}}]}],\"props\":{\"column_gap\":\"collapse\",\"layout\":\"1-3,2-3\",\"row_gap\":\"collapse\"}}]},{\"name\":\"home2\",\"type\":\"section\",\"props\":{\"animation\":\"fade\",\"header_overlay\":\"light\",\"height_viewport\":false,\"image_position\":\"center-center\",\"image_size\":\"cover\",\"media\":\"\",\"padding\":\"large\",\"padding_remove_top\":false,\"style\":\"default\",\"title_breakpoint\":\"xl\",\"title_position\":\"top-left\",\"title_rotation\":\"left\",\"vertical_align\":\"middle\",\"width\":\"large\",\"width_expand\":\"right\"},\"children\":[{\"name\":\"\",\"type\":\"row\",\"props\":{\"column_gap\":\"medium\",\"layout\":\"1-3,2-3\",\"margin\":\"medium\",\"match\":true,\"row_gap\":\"medium\",\"vertical_align\":false},\"children\":[{\"name\":\"\",\"type\":\"column\",\"props\":{\"image_position\":\"center-center\",\"media_overlay_gradient\":\"\",\"position_sticky_breakpoint\":\"m\",\"vertical_align\":\"middle\",\"width_medium\":\"1-3\"},\"children\":[{\"type\":\"panel\",\"props\":{\"content\":\"\n\n<p><span> La trnasici\\u00f3n2primaria es un espacio digital com\\u00fan que facilita la cooperaci\\u00f3n entre todos los miembros de la comunidades en las que se imparte educaic\\u00f3n infantil y primaria. Este sitio contiene un repertorio de actividades, consejos y material para las familias y profesores, para apoyar la transici\\u00f3n y ayudar al alumnado con dificultades. A trav\\u00e9s de estos materiales, queremos desarrollar un enfoque colaborativo en el que el alumno es el centro de la etapa de transici\\u00f3n, proporcionando al alumno las habilidades necesarias para afrontar el nuevo entorno.<\\\/span><\\\/p>\",\"content_column_breakpoint\":\"m\",\"content_margin\":\"medium\",\"icon_width\":80,\"image_align\":\"top\",\"image_grid_breakpoint\":\"m\",\"image_grid_width\":\"1-2\",\"image_svg_color\":\"emphasis\",\"link\":\"es\\\/about-us\\\/\",\"link_margin\":\"medium\",\"link_size\":\"large\",\"link_style\":\"\",\"link_text\":\" Leer m\\u00e1s\\\"\",\"margin\":\"default\",\"maxwidth\":\"large\",\"maxwidth_breakpoint\":\"m\",\"meta\":\"\",\"meta_align\":\"above-title\",\"meta_color\":\"primary\",\"meta_element\":\"div\",\"meta_style\":\"h6\",\"text_align\":\"left\",\"text_align_breakpoint\":\"m\",\"text_align_fallback\":\"center\",\"title\":\"\\u00bfQu\\u00e9 es la transici\\u00f3n2primaria?\",\"title_align\":\"top\",\"title_element\":\"h2\",\"title_grid_breakpoint\":\"m\",\"title_grid_width\":\"1-2\",\"title_hover_style\":\"reset\"}}]},{\"name\":\"\",\"type\":\"column\",\"props\":{\"image_position\":\"center-center\",\"media_overlay_gradient\":\"\",\"position_sticky_breakpoint\":\"m\",\"vertical_align\":\"middle\",\"width_medium\":\"2-3\"},\"children\":[{\"type\":\"image\",\"props\":{\"image\":\"wp-content\\\/uploads\\\/2023\\\/02\\\/high-five-1.jpg\",\"image_svg_color\":\"emphasis\",\"image_svg_inline\":false,\"image_width\":\"800\",\"margin\":\"default\",\"position\":\"relative\",\"position_z_index\":\"1\",\"text_align\":\"center\"}}]}]}]},{\"name\":\"home3\",\"type\":\"section\",\"props\":{\"animation\":\"slide-top-small\",\"css\":\"@media (min-width: 960px) {\\n    .el-section { padding-top: 0; }\\n}\",\"header_overlay\":\"light\",\"height_viewport\":false,\"image\":\"\",\"image_effect\":\"parallax\",\"image_parallax_easing\":\"1\",\"image_position\":\"bottom-left\",\"media\":\"\",\"padding\":\"large\",\"padding_remove_top\":false,\"style\":\"default\",\"title_breakpoint\":\"xl\",\"title_position\":\"top-left\",\"title_rotation\":\"left\",\"vertical_align\":\"middle\",\"width\":\"\"},\"children\":[{\"name\":\"\",\"type\":\"row\",\"children\":[{\"name\":\"\",\"type\":\"column\",\"props\":{\"css\":\"@media (min-width: 960px) {\\n    .el-column { padding-right: 40px; }\\n}\",\"image_position\":\"center-center\",\"media_overlay_gradient\":\"\",\"position_sticky_breakpoint\":\"m\",\"vertical_align\":\"middle\",\"width_medium\":\"1-3\"},\"children\":[{\"type\":\"panel\",\"props\":{\"content\":\"\n\n<p><span>Aqu\\u00ed encontrar\\u00e1s algunas programaciones, actividdades y gu\\u00edas para facilitar la transici\\u00f3n a primaria, en relaci\\u00f3n a la lectura, entre otros aspectos pedag\\u00f3gicos, todo creado a trav\\u00e9s de la cooperaci\\u00f3n entre todos los participantes, con una eficiencia testada''<\\\/span><\\\/p>\",\"content_column_breakpoint\":\"m\",\"icon_width\":80,\"image_align\":\"top\",\"image_grid_breakpoint\":\"m\",\"image_grid_width\":\"1-2\",\"image_svg_color\":\"emphasis\",\"link_style\":\"default\",\"link_text\":\"Read more\",\"margin\":\"default\",\"maxwidth\":\"medium\",\"maxwidth_breakpoint\":\"m\",\"meta\":\"\",\"meta_align\":\"above-title\",\"meta_color\":\"primary\",\"meta_element\":\"div\",\"meta_style\":\"h6\",\"text_align\":\"left\",\"text_align_breakpoint\":\"m\",\"text_align_fallback\":\"center\",\"title\":\"\\u00bfC\\u00f3mo podemos ayudarte?\",\"title_align\":\"top\",\"title_element\":\"h2\",\"title_grid_breakpoint\":\"m\",\"title_grid_width\":\"1-2\",\"title_hover_style\":\"reset\"}}]},{\"type\":\"column\",\"props\":{\"image_position\":\"center-center\",\"media_overlay_gradient\":\"\",\"position_sticky_breakpoint\":\"m\",\"vertical_align\":\"middle\",\"width_medium\":\"2-3\"},\"children\":[{\"type\":\"headline\",\"props\":{\"content\":\"\n\n<p style=\\\"font-size: 20px;\\\"><span>OFRECEMOS: <strong>RECURSOS PEDAG\\u00d3GICOS, ENRIQUECIMIENTO DEL CURR\\u00cdCULUM, TALLERES,<\\\/strong> GU\\u00cdAS\\u2026<\\\/span><\\\/p>\\n\n\n<p><\\\/p>\",\"text_align\":\"center\",\"title_decoration\":\"line\",\"title_element\":\"h4\",\"title_style\":\"text-small\"}},{\"type\":\"grid\",\"props\":{\"content_column_breakpoint\":\"m\",\"filter_align\":\"left\",\"filter_all\":true,\"filter_grid_breakpoint\":\"m\",\"filter_grid_width\":\"auto\",\"filter_position\":\"top\",\"filter_style\":\"tab\",\"grid_default\":\"1\",\"grid_large\":\"2\",\"grid_medium\":\"2\",\"grid_parallax\":\"80\",\"grid_row_align\":false,\"icon_width\":80,\"image_align\":\"top\",\"image_grid_breakpoint\":\"m\",\"image_grid_width\":\"1-2\",\"image_svg_color\":\"emphasis\",\"item_animation\":true,\"link_style\":\"default\",\"link_text\":\"Read more\",\"margin\":\"default\",\"meta_align\":\"below-title\",\"meta_element\":\"div\",\"meta_style\":\"text-meta\",\"panel_padding\":\"default\",\"show_content\":true,\"show_image\":true,\"show_link\":true,\"show_meta\":true,\"show_title\":false,\"title_align\":\"top\",\"title_element\":\"div\",\"title_grid_breakpoint\":\"m\",\"title_grid_width\":\"1-2\",\"title_hover_style\":\"reset\"},\"children\":[{\"type\":\"grid_item\",\"props\":{\"content\":\"\n\n<p style=\\\"text-align: center;\\\"><span>Educaci\\u00f3n Infantil<\\\/span><\\\/p>\",\"panel_style\":\"tile-muted\",\"title\":\"Early childhood education and care Professional\"}},{\"type\":\"grid_item\",\"props\":{\"content\":\"\n\n<p style=\\\"text-align: center;\\\"><span>Educaci\\u00f3n primaria<\\\/span><\\\/p>\",\"panel_style\":\"tile-muted\",\"title\":\"Primary school professionals\"}},{\"type\":\"grid_item\",\"props\":{\"content\":\"\n\n<p style=\\\"text-align: center;\\\"><span>Familias<\\\/span><\\\/p>\",\"panel_style\":\"tile-muted\",\"title\":\"Parents\"}},{\"type\":\"grid_item\",\"props\":{\"content\":\"\n\n<p style=\\\"text-align: center;\\\"><span>Gerentes del centro<\\\/span><\\\/p>\",\"panel_style\":\"tile-muted\",\"title\":\"School Managers\"}}]},{\"type\":\"button\",\"props\":{\"button_size\":\"large\",\"css\":\".el-content{\\n    background-color: #FEDF72;\\n    color: #000;\\n}\\n\",\"grid_column_gap\":\"small\",\"grid_row_gap\":\"small\",\"margin\":\"default\",\"text_align\":\"center\"},\"children\":[{\"type\":\"button_item\",\"props\":{\"button_style\":\"danger\",\"content\":\"ACCESO     RECURSOS\",\"icon_align\":\"left\",\"link\":\"es\\\/resources\\\/\"}}]}]}],\"props\":{\"column_gap\":\"collapse\",\"layout\":\"1-3,2-3\",\"width\":\"large\"}},{\"type\":\"row\",\"children\":[{\"type\":\"column\",\"props\":{\"image_position\":\"center-center\",\"media_overlay_gradient\":\"\",\"position_sticky_breakpoint\":\"m\"},\"children\":[{\"type\":\"image\",\"props\":{\"image\":\"wp-content\\\/uploads\\\/home-shape-02.svg\",\"image_height\":\"330\",\"image_svg_color\":\"\",\"image_svg_inline\":false,\"image_width\":\"165\",\"margin\":\"default\",\"position\":\"absolute\",\"position_top\":\"-140\",\"position_z_index\":\"0\",\"visibility\":\"xl\"}}]}],\"props\":{\"margin\":\"remove-vertical\"}}]},{\"type\":\"section\",\"props\":{\"image_position\":\"center-center\",\"padding\":\"large\",\"padding_remove_top\":true,\"style\":\"default\",\"title\":\"\",\"title_breakpoint\":\"xl\",\"title_position\":\"top-left\",\"title_rotation\":\"left\",\"vertical_align\":\"middle\",\"width\":\"\"},\"children\":[{\"type\":\"row\",\"children\":[{\"type\":\"column\",\"props\":{\"image_position\":\"center-center\",\"media_overlay_gradient\":\"\",\"position_sticky_breakpoint\":\"m\"},\"children\":[{\"type\":\"image\",\"props\":{\"image\":\"wp-content\\\/uploads\\\/home-shape-03.svg\",\"image_height\":\"800\",\"image_svg_color\":\"muted\",\"image_svg_inline\":true,\"image_width\":\"540\",\"margin\":\"default\",\"position\":\"absolute\",\"position_top\":\"-70\"},\"modified\":\"2021-07-30T12:45:27.308Z\",\"name\":\"\"}]}]},{\"type\":\"row\",\"props\":{\"layout\":\"1-3,2-3\",\"width\":\"large\"},\"children\":[{\"type\":\"column\",\"props\":{\"image_position\":\"center-center\",\"media_overlay_gradient\":\"\",\"position_sticky_breakpoint\":\"m\",\"width_medium\":\"1-3\"},\"children\":[{\"type\":\"panel\",\"props\":{\"content\":\"\n\n<p><span>El objetivo general del proyecto UPSTAIRS es realizar investigaci\\u00f3n y trabajo colaborativo para crear metodolog\\u00edas, herramientas y materiales de aprendizaje electr\\u00f3nico que permitan a los ni\\u00f1os de educaci\\u00f3n infantil desarrollar las habilidades requeridas, y a los miembros de las comunidades escolares, ayudarles a hacerlo. Por lo tanto, transformando su transici\\u00f3n a la escuela primaria de un per\\u00edodo estresante a uno creativo.<\\\/span><\\\/p>\\n\n\n<p><br \\\/><br \\\/><\\\/p>\",\"content_column_breakpoint\":\"m\",\"icon_width\":80,\"image_align\":\"top\",\"image_grid_breakpoint\":\"m\",\"image_grid_width\":\"1-2\",\"image_svg_color\":\"emphasis\",\"link\":\"\",\"link_margin\":\"medium\",\"link_style\":\"text\",\"link_text\":\"\",\"margin\":\"default\",\"meta_align\":\"below-title\",\"meta_element\":\"div\",\"meta_style\":\"text-meta\",\"text_align\":\"left\",\"text_align_breakpoint\":\"m\",\"text_align_fallback\":\"center\",\"title\":\"\\u00bfQu\\u00e9 encontrar\\u00e1s aqu\\u00ed?\",\"title_align\":\"top\",\"title_element\":\"h2\",\"title_grid_breakpoint\":\"m\",\"title_grid_width\":\"1-2\",\"title_hover_style\":\"reset\"}}]},{\"type\":\"column\",\"props\":{\"image_position\":\"center-center\",\"media_overlay_gradient\":\"\",\"position_sticky_breakpoint\":\"m\",\"width_medium\":\"2-3\"},\"children\":[{\"type\":\"grid\",\"props\":{\"attributes\":\"\",\"content_column_breakpoint\":\"m\",\"css\":\".el-link{\\n    float:right;\\n}\",\"filter_align\":\"left\",\"filter_all\":true,\"filter_grid_breakpoint\":\"m\",\"filter_grid_width\":\"auto\",\"filter_position\":\"top\",\"filter_style\":\"tab\",\"grid_column_gap\":\"large\",\"grid_default\":\"1\",\"grid_medium\":\"\",\"grid_row_gap\":\"large\",\"grid_small\":\"2\",\"icon_width\":80,\"image_align\":\"left\",\"image_grid_breakpoint\":\"s\",\"image_grid_column_gap\":\"medium\",\"image_grid_row_gap\":\"small\",\"image_grid_width\":\"auto\",\"image_height\":\"50\",\"image_svg_animate\":false,\"image_svg_color\":\"emphasis\",\"image_svg_inline\":true,\"image_width\":\"50\",\"item_animation\":true,\"link_style\":\"\",\"link_text\":\"Leer m\\u00e1s\",\"margin\":\"default\",\"meta_align\":\"below-title\",\"meta_element\":\"div\",\"meta_style\":\"text-meta\",\"parallax_easing\":\"1\",\"show_content\":true,\"show_image\":true,\"show_link\":true,\"show_meta\":true,\"show_title\":true,\"text_align\":\"left\",\"text_align_breakpoint\":\"s\",\"text_align_fallback\":\"center\",\"title_align\":\"top\",\"title_element\":\"h3\",\"title_grid_breakpoint\":\"m\",\"title_grid_width\":\"1-2\",\"title_hover_style\":\"reset\"},\"children\":[{\"type\":\"grid_item\",\"props\":{\"content\":\"\n\n<p><span>Para apoyar la preparaci\\u00f3n de los ni\\u00f1os para enfrentar los desaf\\u00edos relacionados con su asistencia a la escuela primaria, creamos un Marco estructurado, con pautas que debe seguir el personal de educaci\\u00f3n infantil para apoyar la transici\\u00f3n, con el objetivo del bienestar emocional de cada ni\\u00f1o y el cultivo de habilidades de adaptaci\\u00f3n, independencia y resiliencia de los ni\\u00f1os.<\\\/span><\\\/p>\",\"image\":\"wp-content\\\/uploads\\\/2023\\\/02\\\/The-Framework-1.jpg\",\"link\":\"es\\\/resources\\\/\",\"title\":\"El marco\"}},{\"type\":\"grid_item\",\"props\":{\"content\":\"\n\n<p><span>Para involucrar a todos los miembros de las comunidades de infantil y primaria en este esfuerzo, el proyecto UPSTAIRS desarrolla un espacio de colaboraci\\u00f3n com\\u00fan entre el personal de preescolar y primaria y los padres para apoyar la transici\\u00f3n y los requisitos especiales para ni\\u00f1os desfavorecidos con el objetivo de desarrollar una colaboraci\\u00f3n centrada en el ni\\u00f1o. apoyo de transici\\u00f3n.<\\\/span><\\\/p>\",\"image\":\"wp-content\\\/uploads\\\/2023\\\/02\\\/Continuous-Dialogue.jpg\",\"link\":\"es\\\/resources\\\/\",\"title\":\"Di\\u00e1logo continuo\"}},{\"type\":\"grid_item\",\"props\":{\"content\":\"\n\n<div class=\\\"ewa-rteLine\\\">Para unir los dos pasos diferentes de la educaci\\u00f3n (infantil y primaria) haciendo que la transici\\u00f3n sea natural y f\\u00e1cil, desarrollamos un plan de estudios de transici\\u00f3n innovador mediante la colaboraci\\u00f3n con el personal de la escuela primaria que vincula los entornos de educaci\\u00f3n preescolar y primaria y la pedagog\\u00eda que fomenta la continuidad de los niveles educativos.<\\\/div>\\n\n\n<div class=\\\"ewa-rteLine\\\"><\\\/div>\",\"image\":\"wp-content\\\/uploads\\\/2023\\\/02\\\/Picture14.png\",\"link\":\"es\\\/resources\\\/\",\"title\":\"Un curr\\u00edculo com\\u00fan\"}}]}]}]}],\"name\":\"home4\"},{\"type\":\"section\",\"props\":{\"css\":\".el-section{\\n\\tbackground-color: #ccc;\\n    color: black;\\n}\",\"image_position\":\"center-center\",\"padding\":\"xsmall\",\"style\":\"default\",\"title_breakpoint\":\"xl\",\"title_position\":\"top-left\",\"title_rotation\":\"left\",\"vertical_align\":\"middle\",\"width\":\"large\"},\"children\":[{\"type\":\"row\",\"props\":{\"layout\":\"1-3,2-3\"},\"children\":[{\"type\":\"column\",\"props\":{\"image_position\":\"center-center\",\"media_overlay_gradient\":\"\",\"position_sticky_breakpoint\":\"m\",\"width_medium\":\"1-3\"},\"children\":[{\"type\":\"text\",\"props\":{\"column_breakpoint\":\"m\",\"content\":\"\n\n<h3 class=\\\"ewa-rteLine\\\">Acerca de:<\\\/h3>\\n\n\n<div class=\\\"ewa-rteLine\\\">UPSTAIRS es un proyecto Erasmus+ que tiene como objetivo transformar la transici\\u00f3n a la escuela primaria de un per\\u00edodo estresante a uno creativo que resulte en ni\\u00f1os felices, confiados y colaborativos.<\\\/div>\",\"margin\":\"default\"}}]},{\"type\":\"column\",\"props\":{\"image_position\":\"center-center\",\"media_overlay_gradient\":\"\",\"position_sticky_breakpoint\":\"m\",\"width_medium\":\"2-3\"},\"children\":[{\"type\":\"text\",\"props\":{\"column_breakpoint\":\"m\",\"content\":\"\n\n<h3><span>Erasmus+<\\\/span><\\\/h3>\\n\n\n<p><span>Financiado por la Uni\\u00f3n Europea. Sin embargo, los puntos de vista y las opiniones expresadas pertenecen \\u00fanicamente a los autores y no reflejan necesariamente las de la Uni\\u00f3n Europea o la Agencia Ejecutiva Europea de Educaci\\u00f3n y Cultura (EACEA). Ni la Uni\\u00f3n Europea ni la EACEA pueden hacerse responsables de ellos.<\\\/span><\\\/p>\\n\n\n<p><span>N\\u00famero de proyecto<\\\/span>: 2022-1- KA220-SCH-7767B436<\\\/p>\",\"margin\":\"default\"}},{\"type\":\"image\",\"props\":{\"image\":\"wp-content\\\/uploads\\\/2023\\\/02\\\/Picture1.png\",\"image_height\":\"100\",\"image_svg_color\":\"emphasis\",\"margin\":\"default\",\"text_align\":\"left\"}}]}]}],\"name\":\"Footer\"}],\"version\":\"3.0.20\"} --><\/p>\n","protected":false},"excerpt":{"rendered":"<p>UPSTAIRS Transformando la transici\u00f3n de educaci\u00f3n infanitl a educaci\u00f3n primaria \u00bfQu\u00e9 es la transici\u00f3n2primaria? La trnasici\u00f3n2primaria es un espacio digital com\u00fan que facilita la cooperaci\u00f3n entre todos los miembros de la comunidades en las que se imparte educaic\u00f3n infantil y primaria. Este sitio contiene un repertorio de actividades, consejos y material para las familias y [&hellip;]<\/p>\n","protected":false},"author":1,"featured_media":0,"parent":0,"menu_order":0,"comment_status":"closed","ping_status":"closed","template":"","meta":{"footnotes":""},"class_list":["post-430","page","type-page","status-publish","hentry"],"_links":{"self":[{"href":"https:\/\/transition2primary.eu\/es\/wp-json\/wp\/v2\/pages\/430"}],"collection":[{"href":"https:\/\/transition2primary.eu\/es\/wp-json\/wp\/v2\/pages"}],"about":[{"href":"https:\/\/transition2primary.eu\/es\/wp-json\/wp\/v2\/types\/page"}],"author":[{"embeddable":true,"href":"https:\/\/transition2primary.eu\/es\/wp-json\/wp\/v2\/users\/1"}],"replies":[{"embeddable":true,"href":"https:\/\/transition2primary.eu\/es\/wp-json\/wp\/v2\/comments?post=430"}],"version-history":[{"count":4,"href":"https:\/\/transition2primary.eu\/es\/wp-json\/wp\/v2\/pages\/430\/revisions"}],"predecessor-version":[{"id":531,"href":"https:\/\/transition2primary.eu\/es\/wp-json\/wp\/v2\/pages\/430\/revisions\/531"}],"wp:attachment":[{"href":"https:\/\/transition2primary.eu\/es\/wp-json\/wp\/v2\/media?parent=430"}],"curies":[{"name":"wp","href":"https:\/\/api.w.org\/{rel}","templated":true}]}}