{"id":459,"date":"2023-03-03T11:28:47","date_gmt":"2023-03-03T11:28:47","guid":{"rendered":"https:\/\/transition2primary.eu\/contact\/"},"modified":"2024-09-02T12:01:42","modified_gmt":"2024-09-02T12:01:42","slug":"contact","status":"publish","type":"page","link":"https:\/\/transition2primary.eu\/el\/contact\/","title":{"rendered":"\u0395\u03a0\u0399\u039a\u039f\u0399\u039d\u03a9\u039d\u0399\u0391"},"content":{"rendered":"<div>\n<h2>\u0395\u03c0\u03b9\u03ba\u03bf\u03b9\u03bd\u03c9\u03bd\u03ae\u03c3\u03c4\u03b5 \u03bc\u03b5 \u03c4\u03bf\u03c5\u03c2 \u03b5\u03c4\u03b1\u03af\u03c1\u03bf\u03c5\u03c2 \u03c0\u03bf\u03c5 \u03c3\u03c5\u03bc\u03bc\u03b5\u03c4\u03ad\u03c7\u03bf\u03c5\u03bd \u03c3\u03c4\u03bf \u03ad\u03c1\u03b3\u03bf<\/h2>\n<\/div>\n<hr>\n<table>\n<tbody>\n<tr>\n<td>\n        <img decoding=\"async\" src=\"\/wp-content\/uploads\/2023\/02\/DV_Pahuljica.png\" alt=\"\">\n    <\/td>\n<td>DV PAHULJICA &#8211; \u039a\u03a1\u039f\u0391\u03a4\u0399\u0391<br \/> Sanja Grozdani\u0107<\/td>\n<td><\/td>\n<td>\n        <a href=\"\/vrtic.pahuljica.rab@gmail.com\">Contact \u2192<\/a>\n    <\/td>\n<\/tr>\n<tr>\n<td>\n        <img decoding=\"async\" src=\"\/wp-content\/uploads\/2024\/04\/Screenshot_103.png\" alt=\"\">\n    <\/td>\n<td>PEDAGOGICAL UNIVERSITY OF CRACOW &#8211; \u03a0\u039f\u039b\u03a9\u039d\u0399\u0391<br \/> Tomasz Szemberg<\/td>\n<td>Recruiting<\/td>\n<td>\n        <a href=\"mailto:tomasz.szemberg@gmail.com\">Contact \u2192<\/a>\n    <\/td>\n<\/tr>\n<tr>\n<td>\n        <img decoding=\"async\" src=\"\/wp-content\/uploads\/2023\/02\/IDEC_logo.png\" alt=\"\">\n    <\/td>\n<td>IDEC &#8211; \u0395\u039b\u039b\u0391\u0394\u0391 <br \/> Irene Gkotsi<\/td>\n<td><\/td>\n<td>\n        <a href=\"mailto:irene@idec.gr\">contact \u2192<\/a>\n    <\/td>\n<\/tr>\n<tr>\n<td>\n        <img decoding=\"async\" src=\"\/wp-content\/uploads\/2023\/02\/Akata_makata.jpg\" alt=\"\">\n    <\/td>\n<td>AKATA MAKATA &#8211; \u0395\u039b\u039b\u0391\u0394\u0391 <br \/> Venia Soumpenioti<\/td>\n<td><\/td>\n<td>\n        <a href=\"mailto:euprojects@akatamakata.eu \">contact \u2192<\/a>\n    <\/td>\n<\/tr>\n<tr>\n<td>\n        <img decoding=\"async\" src=\"\/wp-content\/uploads\/2023\/02\/Little_steps.png\" alt=\"\">\n    <\/td>\n<td>LITTLE STEPS &#8211; \u0392\u039f\u03a5\u039b\u0393\u0391\u03a1\u0399\u0391 <br \/> Nadejda Raycheva<\/td>\n<td><\/td>\n<td>\n        <a href=\"mailto:littlesteps@azbuki-school.bg\">Contact \u2192<\/a>\n    <\/td>\n<\/tr>\n<tr>\n<td>\n        <img decoding=\"async\" src=\"\/wp-content\/uploads\/2023\/02\/aeje.jpg\" alt=\"\">\n    <\/td>\n<td>AGRUPAMENTO DE ESCOLAS JOS\u00c9 EST\u00caV\u00c3O &#8211; \u03a0\u039f\u03a1\u03a4\u039f\u0393\u0391\u039b\u0399\u0391 <br \/> Maria Gl\u00f3ria Leite <\/td>\n<td><\/td>\n<td>\n        <a href=\"mailto: f162@aeje.pt \">contact \u2192<\/a>\n    <\/td>\n<\/tr>\n<tr>\n<td>\n        <img decoding=\"async\" src=\"\/wp-content\/uploads\/2023\/02\/CEIP_Dama_Guardamar-1.png\" alt=\"\">\n    <\/td>\n<td>DAMA DE GUARDAMAR &#8211; \u0399\u03a3\u03a0\u0391\u039d\u0399\u0391 <br \/> Consuelo Torregrosa Andreu<\/td>\n<td><\/td>\n<td>\n        <a href=\"mailto:edamaplus@gmail.com\">contact \u2192<\/a>\n    <\/td>\n<\/tr>\n<tr>\n<td>\n        <img decoding=\"async\" src=\"\/wp-content\/uploads\/2023\/02\/Urridaholtsskoli.png\" alt=\"\">\n    <\/td>\n<td>URRIDAHOLTSSKOLI &#8211; \u0399\u03a3\u039b\u0391\u039d\u0394\u0399\u0391 <br \/> Sandra Stojkovic Hinic<\/td>\n<td><\/td>\n<td>\n        <a href=\"mailto:sandrahi@urridaholtsskoli.is\">contact \u2192<\/a>\n    <\/td>\n<\/tr>\n<\/tbody>\n<\/table>\n<div>\n<div><\/div>\n<h3 class=\"ewa-rteLine\">\u03a3\u03c7\u03b5\u03c4\u03b9\u03ba\u03ac \u03bc\u03b5:<\/h3>\n<div><\/div>\n<h5 class=\"ewa-rteLine\">\u03a4\u03bf UPSTAIRS \u03b5\u03af\u03bd\u03b1\u03b9 \u03ad\u03bd\u03b1 \u03ad\u03c1\u03b3\u03bf Erasmus+ \u03c0\u03bf\u03c5 \u03c3\u03c4\u03bf\u03c7\u03b5\u03cd\u03b5\u03b9 \u03c3\u03c4\u03bf \u03bd\u03b1 \u03bc\u03b5\u03c4\u03b1\u03c4\u03c1\u03ad\u03c8\u03b5\u03b9 \u03c4\u03b7 \u03bc\u03b5\u03c4\u03ac\u03b2\u03b1\u03c3\u03b7 \u03c3\u03c4\u03bf \u03b4\u03b7\u03bc\u03bf\u03c4\u03b9\u03ba\u03cc \u03c3\u03c7\u03bf\u03bb\u03b5\u03af\u03bf \u03b1\u03c0\u03cc \u03bc\u03b9\u03b1 \u03b1\u03b3\u03c7\u03c9\u03c4\u03b9\u03ba\u03ae \u03c0\u03b5\u03c1\u03af\u03bf\u03b4\u03bf \u03c3\u03b5 \u03bc\u03b9\u03b1 \u03b4\u03b7\u03bc\u03b9\u03bf\u03c5\u03c1\u03b3\u03b9\u03ba\u03ae, \u03bc\u03b5 \u03b1\u03c0\u03bf\u03c4\u03ad\u03bb\u03b5\u03c3\u03bc\u03b1 \u03c0\u03b1\u03b9\u03b4\u03b9\u03ac \u03c7\u03b1\u03c1\u03bf\u03cd\u03bc\u03b5\u03bd\u03b1, \u03bc\u03b5 \u03b1\u03c5\u03c4\u03bf\u03c0\u03b5\u03c0\u03bf\u03af\u03b8\u03b7\u03c3\u03b7 \u03ba\u03b1\u03b9 \u03c3\u03c5\u03bd\u03b5\u03c1\u03b3\u03b1\u03c3\u03af\u03bc\u03b1<\/h5>\n<\/div>\n<div>\n<h3><span>Erasmus+<\/span><\/h3>\n<h5><span>\u03a7\u03c1\u03b7\u03bc\u03b1\u03c4\u03bf\u03b4\u03bf\u03c4\u03b5\u03af\u03c4\u03b1\u03b9 \u03b1\u03c0\u03cc \u03c4\u03b7\u03bd \u0395\u03c5\u03c1\u03c9\u03c0\u03b1\u03ca\u03ba\u03ae \u0388\u03bd\u03c9\u03c3\u03b7. \u03a9\u03c3\u03c4\u03cc\u03c3\u03bf, \u03bf\u03b9 \u03b1\u03c0\u03cc\u03c8\u03b5\u03b9\u03c2 \u03ba\u03b1\u03b9 \u03bf\u03b9 \u03b3\u03bd\u03ce\u03bc\u03b5\u03c2 \u03c0\u03bf\u03c5 \u03b5\u03ba\u03c6\u03c1\u03ac\u03b6\u03bf\u03bd\u03c4\u03b1\u03b9 \u03b5\u03af\u03bd\u03b1\u03b9 \u03bc\u03cc\u03bd\u03bf \u03c4\u03c9\u03bd \u03c3\u03c5\u03b3\u03b3\u03c1\u03b1\u03c6\u03ad\u03c9\u03bd \u03ba\u03b1\u03b9 \u03b4\u03b5\u03bd \u03b1\u03bd\u03c4\u03b9\u03ba\u03b1\u03c4\u03bf\u03c0\u03c4\u03c1\u03af\u03b6\u03bf\u03c5\u03bd \u03b1\u03c0\u03b1\u03c1\u03b1\u03af\u03c4\u03b7\u03c4\u03b1 \u03b5\u03ba\u03b5\u03af\u03bd\u03b5\u03c2 \u03c4\u03b7\u03c2 \u0395\u03c5\u03c1\u03c9\u03c0\u03b1\u03ca\u03ba\u03ae\u03c2 \u0388\u03bd\u03c9\u03c3\u03b7\u03c2 \u03ae \u03c4\u03bf\u03c5 \u0395\u03c5\u03c1\u03c9\u03c0\u03b1\u03ca\u03ba\u03bf\u03cd \u0395\u03ba\u03c4\u03b5\u03bb\u03b5\u03c3\u03c4\u03b9\u03ba\u03bf\u03cd \u039f\u03c1\u03b3\u03b1\u03bd\u03b9\u03c3\u03bc\u03bf\u03cd \u0395\u03ba\u03c0\u03b1\u03af\u03b4\u03b5\u03c5\u03c3\u03b7\u03c2 \u03ba\u03b1\u03b9 \u03a0\u03bf\u03bb\u03b9\u03c4\u03b9\u03c3\u03bc\u03bf\u03cd (EACEA). \u039f\u03cd\u03c4\u03b5 \u03b7 \u0395\u03c5\u03c1\u03c9\u03c0\u03b1\u03ca\u03ba\u03ae \u0388\u03bd\u03c9\u03c3\u03b7 \u03bf\u03cd\u03c4\u03b5 \u03bf EACEA \u03bc\u03c0\u03bf\u03c1\u03bf\u03cd\u03bd \u03bd\u03b1 \u03b8\u03b5\u03c9\u03c1\u03b7\u03b8\u03bf\u03cd\u03bd \u03c5\u03c0\u03b5\u03cd\u03b8\u03c5\u03bd\u03bf\u03b9 \u03b3\u03b9\u03b1 \u03b1\u03c5\u03c4\u03ac.<\/span><\/h5>\n<h5><span>\u0391\u03c1\u03b9\u03b8\u03bc\u03cc\u03c2 \u03ad\u03c1\u03b3\u03bf\u03c5 2022-1-HR01-KA220-SCH-000089643<\/span><\/h5>\n<\/div>\n<p><img decoding=\"async\" src=\"\/wp-content\/uploads\/2023\/02\/Picture1.png\" alt=\"\"><\/p>\n<p><!--more--><br \/>\n<!-- {\"type\":\"layout\",\"children\":[{\"type\":\"section\",\"props\":{\"image_position\":\"center-center\",\"padding\":\"small\",\"padding_remove_bottom\":false,\"style\":\"default\",\"title_breakpoint\":\"xl\",\"title_position\":\"top-left\",\"title_rotation\":\"left\",\"vertical_align\":\"\",\"width\":\"default\"},\"children\":[{\"type\":\"row\",\"children\":[{\"type\":\"column\",\"props\":{\"image_position\":\"center-center\",\"position_sticky_breakpoint\":\"m\"}}]},{\"type\":\"row\",\"children\":[{\"type\":\"column\",\"props\":{\"image_position\":\"center-center\",\"position_sticky_breakpoint\":\"m\",\"vertical_align\":\"middle\"},\"children\":[{\"type\":\"panel\",\"props\":{\"block_align\":\"center\",\"content\":\"\",\"content_column_breakpoint\":\"m\",\"css\":\".el-element td:first-child{\\n\\tdisplay: flex;\\n\\tjustify-content: center;\\n}\",\"icon_width\":80,\"image\":\"\",\"image_align\":\"top\",\"image_border\":\"circle\",\"image_grid_breakpoint\":\"m\",\"image_grid_width\":\"1-2\",\"image_height\":\"145\",\"image_loading\":true,\"image_svg_color\":\"emphasis\",\"image_width\":\"145\",\"link_style\":\"default\",\"link_text\":\"Read more\",\"margin\":\"\",\"meta\":\"\",\"meta_align\":\"above-title\",\"meta_color\":\"primary\",\"meta_element\":\"div\",\"meta_margin\":\"medium\",\"meta_style\":\"h6\",\"text_align\":\"left\",\"title\":\"\\u0395\\u03c0\\u03b9\\u03ba\\u03bf\\u03b9\\u03bd\\u03c9\\u03bd\\u03ae\\u03c3\\u03c4\\u03b5 \\u03bc\\u03b5 \\u03c4\\u03bf\\u03c5\\u03c2 \\u03b5\\u03c4\\u03b1\\u03af\\u03c1\\u03bf\\u03c5\\u03c2 \\u03c0\\u03bf\\u03c5 \\u03c3\\u03c5\\u03bc\\u03bc\\u03b5\\u03c4\\u03ad\\u03c7\\u03bf\\u03c5\\u03bd \\u03c3\\u03c4\\u03bf \\u03ad\\u03c1\\u03b3\\u03bf\",\"title_align\":\"top\",\"title_element\":\"h2\",\"title_grid_breakpoint\":\"m\",\"title_grid_width\":\"1-2\",\"title_hover_style\":\"reset\"}},{\"type\":\"divider\",\"props\":{\"css\":\".el-element{\\n\\tborder: 3px solid;\\n    margin: 0px;\\n    color: #ED1F27;\\n}\",\"divider_element\":\"hr\"}}]}],\"props\":{\"column_gap\":\"collapse\"}},{\"type\":\"row\",\"children\":[{\"type\":\"column\",\"props\":{\"image_position\":\"center-center\",\"position_sticky_breakpoint\":\"m\"}}]}],\"name\":\"contact1\"},{\"type\":\"section\",\"props\":{\"image_position\":\"center-center\",\"padding_remove_top\":true,\"style\":\"default\",\"title_breakpoint\":\"xl\",\"title_position\":\"top-left\",\"title_rotation\":\"left\",\"vertical_align\":\"\",\"width\":\"default\"},\"children\":[{\"type\":\"row\",\"children\":[{\"type\":\"column\",\"props\":{\"image_position\":\"center-center\",\"position_sticky_breakpoint\":\"m\"},\"children\":[{\"name\":\"contact\",\"type\":\"table\",\"children\":[{\"type\":\"table_item\",\"props\":{\"content\":\"\",\"image\":\"wp-content\\\/uploads\\\/2023\\\/02\\\/DV_Pahuljica.png\",\"link\":\"vrtic.pahuljica.rab@gmail.com\",\"link_text\":\"Contact \\u2192\",\"meta\":\"\",\"title\":\"DV PAHULJICA - \\u039a\\u03a1\\u039f\\u0391\\u03a4\\u0399\\u0391<br\\\/> Sanja Grozdani\\u0107\"}},{\"type\":\"table_item\",\"props\":{\"content\":\"Recruiting\",\"image\":\"wp-content\\\/uploads\\\/2024\\\/04\\\/Screenshot_103.png\",\"link\":\"mailto:tomasz.szemberg@gmail.com\",\"link_text\":\"Contact \\u2192\",\"meta\":\"\",\"title\":\"PEDAGOGICAL UNIVERSITY OF CRACOW - \\u03a0\\u039f\\u039b\\u03a9\\u039d\\u0399\\u0391<br\\\/> Tomasz Szemberg\"}},{\"type\":\"table_item\",\"props\":{\"content\":\"\",\"image\":\"wp-content\\\/uploads\\\/2023\\\/02\\\/IDEC_logo.png\",\"link\":\"mailto:irene@idec.gr\",\"link_text\":\"contact \\u2192\",\"meta\":\"\",\"title\":\"IDEC - \\u0395\\u039b\\u039b\\u0391\\u0394\\u0391 <br\\\/> Irene Gkotsi\"}},{\"type\":\"table_item\",\"props\":{\"content\":\"\",\"image\":\"wp-content\\\/uploads\\\/2023\\\/02\\\/Akata_makata.jpg\",\"link\":\"mailto:euprojects@akatamakata.eu \",\"link_text\":\"contact \\u2192\",\"meta\":\"\",\"title\":\"AKATA MAKATA - \\u0395\\u039b\\u039b\\u0391\\u0394\\u0391 <br \/> Venia Soumpenioti\"}},{\"type\":\"table_item\",\"props\":{\"image\":\"wp-content\\\/uploads\\\/2023\\\/02\\\/Little_steps.png\",\"link\":\"mailto:littlesteps@azbuki-school.bg\",\"link_text\":\"Contact \\u2192\",\"title\":\"LITTLE STEPS - \\u0392\\u039f\\u03a5\\u039b\\u0393\\u0391\\u03a1\\u0399\\u0391 <br\\\/> Nadejda Raycheva\"}},{\"type\":\"table_item\",\"props\":{\"image\":\"wp-content\\\/uploads\\\/2023\\\/02\\\/aeje.jpg\",\"link\":\"mailto: f162@aeje.pt \",\"link_text\":\"contact \\u2192\",\"title\":\"AGRUPAMENTO DE ESCOLAS JOS\\u00c9 EST\\u00caV\\u00c3O - \\u03a0\\u039f\\u03a1\\u03a4\\u039f\\u0393\\u0391\\u039b\\u0399\\u0391 <br\\\/> Maria Gl\\u00f3ria Leite \"}},{\"type\":\"table_item\",\"props\":{\"image\":\"wp-content\\\/uploads\\\/2023\\\/02\\\/CEIP_Dama_Guardamar-1.png\",\"link\":\"mailto:edamaplus@gmail.com\",\"link_text\":\"contact \\u2192\",\"title\":\"DAMA DE GUARDAMAR - \\u0399\\u03a3\\u03a0\\u0391\\u039d\\u0399\\u0391 <br\\\/> Consuelo Torregrosa Andreu\"}},{\"type\":\"table_item\",\"props\":{\"image\":\"wp-content\\\/uploads\\\/2023\\\/02\\\/Urridaholtsskoli.png\",\"link\":\"mailto:sandrahi@urridaholtsskoli.is\",\"link_text\":\"contact \\u2192\",\"title\":\"URRIDAHOLTSSKOLI - \\u0399\\u03a3\\u039b\\u0391\\u039d\\u0394\\u0399\\u0391 <br\\\/> Sandra Stojkovic Hinic\"}}],\"props\":{\"content_style\":\"text-meta\",\"image_border\":\"rounded\",\"image_height\":\"60\",\"image_svg_color\":\"emphasis\",\"link_style\":\"text\",\"link_text\":\"Contact\",\"meta_style\":\"h5\",\"show_content\":false,\"show_image\":true,\"show_link\":true,\"show_meta\":true,\"show_title\":true,\"table_hover\":false,\"table_justify\":true,\"table_last_align\":\"right\",\"table_layout\":\"1\",\"table_order\":\"1\",\"table_responsive\":\"responsive\",\"table_style\":\"divider\",\"table_vertical_align\":true,\"table_width_content\":\"small\",\"table_width_meta\":\"shrink\",\"table_width_title\":\"\",\"text_align\":\"left\",\"text_align_breakpoint\":\"m\",\"text_align_fallback\":\"center\",\"title_style\":\"h5\"}}]}]}],\"name\":\"contact_table\"},{\"type\":\"section\",\"props\":{\"css\":\".el-section{\\n\\tbackground-color: #ccc;\\n    color: black;\\n}\",\"image_position\":\"center-center\",\"padding\":\"xsmall\",\"style\":\"default\",\"title_breakpoint\":\"xl\",\"title_position\":\"top-left\",\"title_rotation\":\"left\",\"vertical_align\":\"\",\"width\":\"large\"},\"children\":[{\"type\":\"row\",\"props\":{\"layout\":\"1-3,2-3\"},\"children\":[{\"type\":\"column\",\"props\":{\"image_position\":\"center-center\",\"position_sticky_breakpoint\":\"m\",\"width_medium\":\"1-3\"},\"children\":[{\"type\":\"text\",\"props\":{\"column_breakpoint\":\"m\",\"content\":\"\n\n<div><\\\/div>\\n\n\n<h3 class=\\\"ewa-rteLine\\\">\\u03a3\\u03c7\\u03b5\\u03c4\\u03b9\\u03ba\\u03ac \\u03bc\\u03b5:<\\\/h3>\\n\n\n<div><\\\/div>\\n\n\n<h5 class=\\\"ewa-rteLine\\\">\\u03a4\\u03bf UPSTAIRS \\u03b5\\u03af\\u03bd\\u03b1\\u03b9 \\u03ad\\u03bd\\u03b1 \\u03ad\\u03c1\\u03b3\\u03bf Erasmus+ \\u03c0\\u03bf\\u03c5 \\u03c3\\u03c4\\u03bf\\u03c7\\u03b5\\u03cd\\u03b5\\u03b9 \\u03c3\\u03c4\\u03bf \\u03bd\\u03b1 \\u03bc\\u03b5\\u03c4\\u03b1\\u03c4\\u03c1\\u03ad\\u03c8\\u03b5\\u03b9 \\u03c4\\u03b7 \\u03bc\\u03b5\\u03c4\\u03ac\\u03b2\\u03b1\\u03c3\\u03b7 \\u03c3\\u03c4\\u03bf \\u03b4\\u03b7\\u03bc\\u03bf\\u03c4\\u03b9\\u03ba\\u03cc \\u03c3\\u03c7\\u03bf\\u03bb\\u03b5\\u03af\\u03bf \\u03b1\\u03c0\\u03cc \\u03bc\\u03b9\\u03b1 \\u03b1\\u03b3\\u03c7\\u03c9\\u03c4\\u03b9\\u03ba\\u03ae \\u03c0\\u03b5\\u03c1\\u03af\\u03bf\\u03b4\\u03bf \\u03c3\\u03b5 \\u03bc\\u03b9\\u03b1 \\u03b4\\u03b7\\u03bc\\u03b9\\u03bf\\u03c5\\u03c1\\u03b3\\u03b9\\u03ba\\u03ae, \\u03bc\\u03b5 \\u03b1\\u03c0\\u03bf\\u03c4\\u03ad\\u03bb\\u03b5\\u03c3\\u03bc\\u03b1 \\u03c0\\u03b1\\u03b9\\u03b4\\u03b9\\u03ac \\u03c7\\u03b1\\u03c1\\u03bf\\u03cd\\u03bc\\u03b5\\u03bd\\u03b1, \\u03bc\\u03b5 \\u03b1\\u03c5\\u03c4\\u03bf\\u03c0\\u03b5\\u03c0\\u03bf\\u03af\\u03b8\\u03b7\\u03c3\\u03b7 \\u03ba\\u03b1\\u03b9 \\u03c3\\u03c5\\u03bd\\u03b5\\u03c1\\u03b3\\u03b1\\u03c3\\u03af\\u03bc\\u03b1<\\\/h5>\",\"margin\":\"default\"}}]},{\"type\":\"column\",\"props\":{\"image_position\":\"center-center\",\"position_sticky_breakpoint\":\"m\",\"width_medium\":\"2-3\"},\"children\":[{\"type\":\"text\",\"props\":{\"column_breakpoint\":\"m\",\"content\":\"\n\n<h3><span>Erasmus+<\\\/span><\\\/h3>\\n\n\n<h5><span>\\u03a7\\u03c1\\u03b7\\u03bc\\u03b1\\u03c4\\u03bf\\u03b4\\u03bf\\u03c4\\u03b5\\u03af\\u03c4\\u03b1\\u03b9 \\u03b1\\u03c0\\u03cc \\u03c4\\u03b7\\u03bd \\u0395\\u03c5\\u03c1\\u03c9\\u03c0\\u03b1\\u03ca\\u03ba\\u03ae \\u0388\\u03bd\\u03c9\\u03c3\\u03b7. \\u03a9\\u03c3\\u03c4\\u03cc\\u03c3\\u03bf, \\u03bf\\u03b9 \\u03b1\\u03c0\\u03cc\\u03c8\\u03b5\\u03b9\\u03c2 \\u03ba\\u03b1\\u03b9 \\u03bf\\u03b9 \\u03b3\\u03bd\\u03ce\\u03bc\\u03b5\\u03c2 \\u03c0\\u03bf\\u03c5 \\u03b5\\u03ba\\u03c6\\u03c1\\u03ac\\u03b6\\u03bf\\u03bd\\u03c4\\u03b1\\u03b9 \\u03b5\\u03af\\u03bd\\u03b1\\u03b9 \\u03bc\\u03cc\\u03bd\\u03bf \\u03c4\\u03c9\\u03bd \\u03c3\\u03c5\\u03b3\\u03b3\\u03c1\\u03b1\\u03c6\\u03ad\\u03c9\\u03bd \\u03ba\\u03b1\\u03b9 \\u03b4\\u03b5\\u03bd \\u03b1\\u03bd\\u03c4\\u03b9\\u03ba\\u03b1\\u03c4\\u03bf\\u03c0\\u03c4\\u03c1\\u03af\\u03b6\\u03bf\\u03c5\\u03bd \\u03b1\\u03c0\\u03b1\\u03c1\\u03b1\\u03af\\u03c4\\u03b7\\u03c4\\u03b1 \\u03b5\\u03ba\\u03b5\\u03af\\u03bd\\u03b5\\u03c2 \\u03c4\\u03b7\\u03c2 \\u0395\\u03c5\\u03c1\\u03c9\\u03c0\\u03b1\\u03ca\\u03ba\\u03ae\\u03c2 \\u0388\\u03bd\\u03c9\\u03c3\\u03b7\\u03c2 \\u03ae \\u03c4\\u03bf\\u03c5 \\u0395\\u03c5\\u03c1\\u03c9\\u03c0\\u03b1\\u03ca\\u03ba\\u03bf\\u03cd \\u0395\\u03ba\\u03c4\\u03b5\\u03bb\\u03b5\\u03c3\\u03c4\\u03b9\\u03ba\\u03bf\\u03cd \\u039f\\u03c1\\u03b3\\u03b1\\u03bd\\u03b9\\u03c3\\u03bc\\u03bf\\u03cd \\u0395\\u03ba\\u03c0\\u03b1\\u03af\\u03b4\\u03b5\\u03c5\\u03c3\\u03b7\\u03c2 \\u03ba\\u03b1\\u03b9 \\u03a0\\u03bf\\u03bb\\u03b9\\u03c4\\u03b9\\u03c3\\u03bc\\u03bf\\u03cd (EACEA). \\u039f\\u03cd\\u03c4\\u03b5 \\u03b7 \\u0395\\u03c5\\u03c1\\u03c9\\u03c0\\u03b1\\u03ca\\u03ba\\u03ae \\u0388\\u03bd\\u03c9\\u03c3\\u03b7 \\u03bf\\u03cd\\u03c4\\u03b5 \\u03bf EACEA \\u03bc\\u03c0\\u03bf\\u03c1\\u03bf\\u03cd\\u03bd \\u03bd\\u03b1 \\u03b8\\u03b5\\u03c9\\u03c1\\u03b7\\u03b8\\u03bf\\u03cd\\u03bd \\u03c5\\u03c0\\u03b5\\u03cd\\u03b8\\u03c5\\u03bd\\u03bf\\u03b9 \\u03b3\\u03b9\\u03b1 \\u03b1\\u03c5\\u03c4\\u03ac.<\\\/span><\\\/h5>\\n\n\n<h5><span>\\u0391\\u03c1\\u03b9\\u03b8\\u03bc\\u03cc\\u03c2 \\u03ad\\u03c1\\u03b3\\u03bf\\u03c5 2022-1-HR01-KA220-SCH-000089643<\\\/span><\\\/h5>\",\"margin\":\"default\"}},{\"type\":\"image\",\"props\":{\"image\":\"wp-content\\\/uploads\\\/2023\\\/02\\\/Picture1.png\",\"image_height\":\"100\",\"image_svg_color\":\"emphasis\",\"margin\":\"default\",\"text_align\":\"left\"}}]}]}],\"name\":\"Footer_EL\"}],\"version\":\"4.4.6\"} --><\/p>\n","protected":false},"excerpt":{"rendered":"<p>\u0395\u03c0\u03b9\u03ba\u03bf\u03b9\u03bd\u03c9\u03bd\u03ae\u03c3\u03c4\u03b5 \u03bc\u03b5 \u03c4\u03bf\u03c5\u03c2 \u03b5\u03c4\u03b1\u03af\u03c1\u03bf\u03c5\u03c2 \u03c0\u03bf\u03c5 \u03c3\u03c5\u03bc\u03bc\u03b5\u03c4\u03ad\u03c7\u03bf\u03c5\u03bd \u03c3\u03c4\u03bf \u03ad\u03c1\u03b3\u03bf DV PAHULJICA &#8211; \u039a\u03a1\u039f\u0391\u03a4\u0399\u0391 Sanja Grozdani\u0107 Contact \u2192 PEDAGOGICAL UNIVERSITY OF CRACOW &#8211; \u03a0\u039f\u039b\u03a9\u039d\u0399\u0391 Tomasz Szemberg Recruiting Contact \u2192 IDEC &#8211; \u0395\u039b\u039b\u0391\u0394\u0391 Irene Gkotsi contact \u2192 AKATA MAKATA &#8211; \u0395\u039b\u039b\u0391\u0394\u0391 Venia Soumpenioti contact \u2192 LITTLE STEPS &#8211; \u0392\u039f\u03a5\u039b\u0393\u0391\u03a1\u0399\u0391 Nadejda Raycheva Contact \u2192 AGRUPAMENTO DE ESCOLAS JOS\u00c9 EST\u00caV\u00c3O [&hellip;]<\/p>\n","protected":false},"author":1,"featured_media":0,"parent":0,"menu_order":0,"comment_status":"closed","ping_status":"closed","template":"","meta":{"footnotes":""},"class_list":["post-459","page","type-page","status-publish","hentry"],"_links":{"self":[{"href":"https:\/\/transition2primary.eu\/el\/wp-json\/wp\/v2\/pages\/459"}],"collection":[{"href":"https:\/\/transition2primary.eu\/el\/wp-json\/wp\/v2\/pages"}],"about":[{"href":"https:\/\/transition2primary.eu\/el\/wp-json\/wp\/v2\/types\/page"}],"author":[{"embeddable":true,"href":"https:\/\/transition2primary.eu\/el\/wp-json\/wp\/v2\/users\/1"}],"replies":[{"embeddable":true,"href":"https:\/\/transition2primary.eu\/el\/wp-json\/wp\/v2\/comments?post=459"}],"version-history":[{"count":6,"href":"https:\/\/transition2primary.eu\/el\/wp-json\/wp\/v2\/pages\/459\/revisions"}],"predecessor-version":[{"id":9848,"href":"https:\/\/transition2primary.eu\/el\/wp-json\/wp\/v2\/pages\/459\/revisions\/9848"}],"wp:attachment":[{"href":"https:\/\/transition2primary.eu\/el\/wp-json\/wp\/v2\/media?parent=459"}],"curies":[{"name":"wp","href":"https:\/\/api.w.org\/{rel}","templated":true}]}}