{"id":599,"date":"2023-03-03T11:28:47","date_gmt":"2023-03-03T11:28:47","guid":{"rendered":"https:\/\/transition2primary.eu\/contact\/"},"modified":"2024-09-02T12:01:22","modified_gmt":"2024-09-02T12:01:22","slug":"contact","status":"publish","type":"page","link":"https:\/\/transition2primary.eu\/bg\/contact\/","title":{"rendered":"\u043a\u043e\u043d\u0442\u0430\u043a\u0442"},"content":{"rendered":"<div>\n<h2> \u0421\u0432\u044a\u0440\u0436\u0435\u0442\u0435 \u0441\u0435 \u0441 \u043f\u0430\u0440\u0442\u043d\u044c\u043e\u0440\u0438\u0442\u0435, \u0443\u0447\u0430\u0441\u0442\u0432\u0430\u0449\u0438 \u0432 \u043f\u0440\u043e\u0435\u043a\u0442\u0430<\/h2>\n<\/div>\n<hr>\n<table>\n<tbody>\n<tr>\n<td>\n        <img decoding=\"async\" src=\"\/wp-content\/uploads\/2023\/02\/DV_Pahuljica.png\" alt=\"\">\n    <\/td>\n<td>DV PAHULJICA &#8211; Croatia <br \/> Sanja Grozdani\u0107<\/td>\n<td><\/td>\n<td>\n        <a href=\"\/vrtic.pahuljica.rab@gmail.com\">\u043a\u043e\u043d\u0442\u0430\u043a\u0442 \u2192<\/a>\n    <\/td>\n<\/tr>\n<tr>\n<td>\n        <img decoding=\"async\" src=\"\/wp-content\/uploads\/2024\/04\/Screenshot_103.png\" alt=\"\">\n    <\/td>\n<td>PEDAGOGICAL UNIVERSITY OF CRACOW &#8211; Poland <br \/> Tomasz Szemberg<\/td>\n<td>Recruiting<\/td>\n<td>\n        <a href=\"mailto:tomasz.szemberg@gmail.com\">\u043a\u043e\u043d\u0442\u0430\u043a\u0442 \u2192<\/a>\n    <\/td>\n<\/tr>\n<tr>\n<td>\n        <img decoding=\"async\" src=\"\/wp-content\/uploads\/2023\/02\/IDEC_logo.png\" alt=\"\">\n    <\/td>\n<td>IDEC &#8211; Greece  <br \/> Irene Gkotsi<\/td>\n<td><\/td>\n<td>\n        <a href=\"mailto:irene@idec.gr\">\u043a\u043e\u043d\u0442\u0430\u043a\u0442 \u2192<\/a>\n    <\/td>\n<\/tr>\n<tr>\n<td>\n        <img decoding=\"async\" src=\"\/wp-content\/uploads\/2023\/02\/Akata_makata.jpg\" alt=\"\">\n    <\/td>\n<td>AKATA MAKATA &#8211; Greece  <br \/> Venia Soumpenioti<\/td>\n<td><\/td>\n<td>\n        <a href=\"mailto:euprojects@akatamakata.eu \">\u043a\u043e\u043d\u0442\u0430\u043a\u0442 \u2192<\/a>\n    <\/td>\n<\/tr>\n<tr>\n<td>\n        <img decoding=\"async\" src=\"\/wp-content\/uploads\/2023\/02\/Little_steps.png\" alt=\"\">\n    <\/td>\n<td>LITTLE STEPS &#8211; Bulgaria <br \/> Nadejda Raycheva<\/td>\n<td><\/td>\n<td>\n        <a href=\"mailto:littlesteps@azbuki-school.bg\">\u043a\u043e\u043d\u0442\u0430\u043a\u0442 \u2192<\/a>\n    <\/td>\n<\/tr>\n<tr>\n<td>\n        <img decoding=\"async\" src=\"\/wp-content\/uploads\/2023\/02\/aeje.jpg\" alt=\"\">\n    <\/td>\n<td>AGRUPAMENTO DE ESCOLAS JOS\u00c9 EST\u00caV\u00c3O &#8211; Portugal <br \/> Maria Gl\u00f3ria Leite <\/td>\n<td><\/td>\n<td>\n        <a href=\"mailto: f162@aeje.pt \">\u043a\u043e\u043d\u0442\u0430\u043a\u0442 \u2192<\/a>\n    <\/td>\n<\/tr>\n<tr>\n<td>\n        <img decoding=\"async\" src=\"\/wp-content\/uploads\/2023\/02\/CEIP_Dama_Guardamar-1.png\" alt=\"\">\n    <\/td>\n<td>DAMA DE GUARDAMAR &#8211; Spain <br \/> Consuelo Torregrosa Andreu<\/td>\n<td><\/td>\n<td>\n        <a href=\"mailto:edamaplus@gmail.com\">\u043a\u043e\u043d\u0442\u0430\u043a\u0442 \u2192<\/a>\n    <\/td>\n<\/tr>\n<tr>\n<td>\n        <img decoding=\"async\" src=\"\/wp-content\/uploads\/2023\/02\/Urridaholtsskoli.png\" alt=\"\">\n    <\/td>\n<td>URRIDAHOLTSSKOLI &#8211; Iceland <br \/> Sandra Stojkovic Hinic<\/td>\n<td><\/td>\n<td>\n        <a href=\"mailto:sandrahi@urridaholtsskoli.is\">\u043a\u043e\u043d\u0442\u0430\u043a\u0442 \u2192<\/a>\n    <\/td>\n<\/tr>\n<\/tbody>\n<\/table>\n<div>\n<h3><span>\u0417\u0430 \u043f\u0440\u043e\u0435\u043a\u0442\u0430::<\/span><\/h3>\n<p><span>UPSTAIRS \u0435 \u043f\u0440\u043e\u0435\u043a\u0442 \u043f\u043e \u0415\u0440\u0430\u0437\u044a\u043c+, \u043a\u043e\u0439\u0442\u043e \u0438\u043c\u0430 \u0437\u0430 \u0446\u0435\u043b \u0434\u0430 \u0442\u0440\u0430\u043d\u0441\u0444\u043e\u0440\u043c\u0438\u0440\u0430 \u043f\u0440\u0435\u0445\u043e\u0434\u0430 \u043a\u044a\u043c \u043d\u0430\u0447\u0430\u043b\u043d\u043e\u0442\u043e \u0443\u0447\u0438\u043b\u0438\u0449\u0435 \u043e\u0442 \u0441\u0442\u0440\u0435\u0441\u0438\u0440\u0430\u0449 \u043f\u0435\u0440\u0438\u043e\u0434 \u0432 \u0442\u0432\u043e\u0440\u0447\u0435\u0441\u043a\u0438, \u043a\u043e\u0435\u0442\u043e \u0432\u043e\u0434\u0438 \u0434\u043e \u0449\u0430\u0441\u0442\u043b\u0438\u0432\u0438, \u0443\u0432\u0435\u0440\u0435\u043d\u0438 \u0438 \u0433\u043e\u0442\u043e\u0432\u0438 \u0434\u0430 \u0441\u0438 \u0441\u044a\u0442\u0440\u0443\u0434\u043d\u0438\u0447\u0430\u0442 \u0434\u0435\u0446\u0430.<\/span><\/p>\n<\/div>\n<div>\n<h3><span>Erasmus+<\/span><\/h3>\n<p><span>\u0424\u0438\u043d\u0430\u043d\u0441\u0438\u0440\u0430\u043d \u043e\u0442 \u0415\u0432\u0440\u043e\u043f\u0435\u0439\u0441\u043a\u0438\u044f \u0441\u044a\u044e\u0437. \u0418\u0437\u0440\u0430\u0437\u0435\u043d\u0438\u0442\u0435 \u0432\u044a\u0437\u0433\u043b\u0435\u0434\u0438 \u0438 \u043c\u043d\u0435\u043d\u0438\u044f \u043e\u0431\u0430\u0447\u0435 \u0441\u0430 \u0441\u0430\u043c\u043e \u043d\u0430 \u0430\u0432\u0442\u043e\u0440\u0430(\u0438\u0442\u0435) \u0438 \u043d\u0435 \u043e\u0442\u0440\u0430\u0437\u044f\u0432\u0430\u0442 \u043d\u0435\u043f\u0440\u0435\u043c\u0435\u043d\u043d\u043e \u0442\u0435\u0437\u0438 \u043d\u0430 \u0415\u0432\u0440\u043e\u043f\u0435\u0439\u0441\u043a\u0438\u044f \u0441\u044a\u044e\u0437 \u0438\u043b\u0438 \u0415\u0432\u0440\u043e\u043f\u0435\u0439\u0441\u043a\u0430\u0442\u0430 \u0438\u0437\u043f\u044a\u043b\u043d\u0438\u0442\u0435\u043b\u043d\u0430 \u0430\u0433\u0435\u043d\u0446\u0438\u044f \u0437\u0430 \u043e\u0431\u0440\u0430\u0437\u043e\u0432\u0430\u043d\u0438\u0435 \u0438 \u043a\u0443\u043b\u0442\u0443\u0440\u0430 (EACEA). \u041d\u0438\u0442\u043e \u0415\u0432\u0440\u043e\u043f\u0435\u0439\u0441\u043a\u0438\u044f\u0442 \u0441\u044a\u044e\u0437, \u043d\u0438\u0442\u043e EACEA \u043c\u043e\u0433\u0430\u0442 \u0434\u0430 \u043d\u043e\u0441\u044f\u0442 \u043e\u0442\u0433\u043e\u0432\u043e\u0440\u043d\u043e\u0441\u0442 \u0437\u0430 \u0442\u044f\u0445.<\/span><\/p>\n<p><span>\u041d\u043e\u043c\u0435\u0440 \u043d\u0430 \u043f\u0440\u043e\u0435\u043a\u0442\u0430<\/span>: 2022-1- KA220-SCH-7767B436<\/p>\n<\/div>\n<p><img decoding=\"async\" src=\"\/wp-content\/uploads\/2023\/02\/Picture1.png\" alt=\"\"><\/p>\n<p><!--more--><br \/>\n<!-- {\"type\":\"layout\",\"children\":[{\"type\":\"section\",\"props\":{\"image_position\":\"center-center\",\"padding\":\"small\",\"padding_remove_bottom\":false,\"style\":\"default\",\"title_breakpoint\":\"xl\",\"title_position\":\"top-left\",\"title_rotation\":\"left\",\"vertical_align\":\"\",\"width\":\"default\"},\"children\":[{\"type\":\"row\",\"children\":[{\"type\":\"column\",\"props\":{\"image_position\":\"center-center\",\"position_sticky_breakpoint\":\"m\"}}]},{\"type\":\"row\",\"children\":[{\"type\":\"column\",\"props\":{\"image_position\":\"center-center\",\"position_sticky_breakpoint\":\"m\",\"vertical_align\":\"middle\"},\"children\":[{\"type\":\"panel\",\"props\":{\"block_align\":\"center\",\"content\":\"\",\"content_column_breakpoint\":\"m\",\"css\":\".el-element td:first-child{\\n\\tdisplay: flex;\\n\\tjustify-content: center;\\n}\",\"icon_width\":80,\"image\":\"\",\"image_align\":\"top\",\"image_border\":\"circle\",\"image_grid_breakpoint\":\"m\",\"image_grid_width\":\"1-2\",\"image_height\":\"145\",\"image_loading\":true,\"image_svg_color\":\"emphasis\",\"image_width\":\"145\",\"link_style\":\"default\",\"link_text\":\"Read more\",\"margin\":\"\",\"meta\":\"\",\"meta_align\":\"above-title\",\"meta_color\":\"primary\",\"meta_element\":\"div\",\"meta_margin\":\"medium\",\"meta_style\":\"h6\",\"text_align\":\"left\",\"title\":\" \\u0421\\u0432\\u044a\\u0440\\u0436\\u0435\\u0442\\u0435 \\u0441\\u0435 \\u0441 \\u043f\\u0430\\u0440\\u0442\\u043d\\u044c\\u043e\\u0440\\u0438\\u0442\\u0435, \\u0443\\u0447\\u0430\\u0441\\u0442\\u0432\\u0430\\u0449\\u0438 \\u0432 \\u043f\\u0440\\u043e\\u0435\\u043a\\u0442\\u0430\",\"title_align\":\"top\",\"title_element\":\"h2\",\"title_grid_breakpoint\":\"m\",\"title_grid_width\":\"1-2\",\"title_hover_style\":\"reset\"}},{\"type\":\"divider\",\"props\":{\"css\":\".el-element{\\n\\tborder: 3px solid;\\n    margin: 0px;\\n    color: #ED1F27;\\n}\",\"divider_element\":\"hr\"}}]}],\"props\":{\"column_gap\":\"collapse\"}},{\"type\":\"row\",\"children\":[{\"type\":\"column\",\"props\":{\"image_position\":\"center-center\",\"position_sticky_breakpoint\":\"m\"}}]}],\"name\":\"contact1\"},{\"type\":\"section\",\"props\":{\"image_position\":\"center-center\",\"padding_remove_top\":true,\"style\":\"default\",\"title_breakpoint\":\"xl\",\"title_position\":\"top-left\",\"title_rotation\":\"left\",\"vertical_align\":\"\",\"width\":\"default\"},\"children\":[{\"type\":\"row\",\"children\":[{\"type\":\"column\",\"props\":{\"image_position\":\"center-center\",\"position_sticky_breakpoint\":\"m\"},\"children\":[{\"name\":\"contact\",\"type\":\"table\",\"children\":[{\"type\":\"table_item\",\"props\":{\"content\":\"\",\"image\":\"wp-content\\\/uploads\\\/2023\\\/02\\\/DV_Pahuljica.png\",\"link\":\"vrtic.pahuljica.rab@gmail.com\",\"link_text\":\"\\u043a\\u043e\\u043d\\u0442\\u0430\\u043a\\u0442 \\u2192\",\"meta\":\"\",\"title\":\"DV PAHULJICA - Croatia <br\\\/> Sanja Grozdani\\u0107\"}},{\"type\":\"table_item\",\"props\":{\"content\":\"Recruiting\",\"image\":\"wp-content\\\/uploads\\\/2024\\\/04\\\/Screenshot_103.png\",\"link\":\"mailto:tomasz.szemberg@gmail.com\",\"link_text\":\"\\u043a\\u043e\\u043d\\u0442\\u0430\\u043a\\u0442 \\u2192\",\"meta\":\"\",\"title\":\"PEDAGOGICAL UNIVERSITY OF CRACOW - Poland <br\\\/> Tomasz Szemberg\"}},{\"type\":\"table_item\",\"props\":{\"content\":\"\",\"image\":\"wp-content\\\/uploads\\\/2023\\\/02\\\/IDEC_logo.png\",\"link\":\"mailto:irene@idec.gr\",\"link_text\":\"\\u043a\\u043e\\u043d\\u0442\\u0430\\u043a\\u0442 \\u2192\",\"meta\":\"\",\"title\":\"IDEC - Greece  <br\\\/> Irene Gkotsi\"}},{\"type\":\"table_item\",\"props\":{\"content\":\"\",\"image\":\"wp-content\\\/uploads\\\/2023\\\/02\\\/Akata_makata.jpg\",\"link\":\"mailto:euprojects@akatamakata.eu \",\"link_text\":\"\\u043a\\u043e\\u043d\\u0442\\u0430\\u043a\\u0442 \\u2192\",\"meta\":\"\",\"title\":\"AKATA MAKATA - Greece  <br \/> Venia Soumpenioti\"}},{\"type\":\"table_item\",\"props\":{\"image\":\"wp-content\\\/uploads\\\/2023\\\/02\\\/Little_steps.png\",\"link\":\"mailto:littlesteps@azbuki-school.bg\",\"link_text\":\"\\u043a\\u043e\\u043d\\u0442\\u0430\\u043a\\u0442 \\u2192\",\"title\":\"LITTLE STEPS - Bulgaria <br\\\/> Nadejda Raycheva\"}},{\"type\":\"table_item\",\"props\":{\"image\":\"wp-content\\\/uploads\\\/2023\\\/02\\\/aeje.jpg\",\"link\":\"mailto: f162@aeje.pt \",\"link_text\":\"\\u043a\\u043e\\u043d\\u0442\\u0430\\u043a\\u0442 \\u2192\",\"title\":\"AGRUPAMENTO DE ESCOLAS JOS\\u00c9 EST\\u00caV\\u00c3O - Portugal <br\\\/> Maria Gl\\u00f3ria Leite \"}},{\"type\":\"table_item\",\"props\":{\"image\":\"wp-content\\\/uploads\\\/2023\\\/02\\\/CEIP_Dama_Guardamar-1.png\",\"link\":\"mailto:edamaplus@gmail.com\",\"link_text\":\"\\u043a\\u043e\\u043d\\u0442\\u0430\\u043a\\u0442 \\u2192\",\"title\":\"DAMA DE GUARDAMAR - Spain <br\\\/> Consuelo Torregrosa Andreu\"}},{\"type\":\"table_item\",\"props\":{\"image\":\"wp-content\\\/uploads\\\/2023\\\/02\\\/Urridaholtsskoli.png\",\"link\":\"mailto:sandrahi@urridaholtsskoli.is\",\"link_text\":\"\\u043a\\u043e\\u043d\\u0442\\u0430\\u043a\\u0442 \\u2192\",\"title\":\"URRIDAHOLTSSKOLI - Iceland <br\\\/> Sandra Stojkovic Hinic\"}}],\"props\":{\"content_style\":\"text-meta\",\"image_border\":\"rounded\",\"image_height\":\"60\",\"image_svg_color\":\"emphasis\",\"link_style\":\"text\",\"link_text\":\"Contact\",\"meta_style\":\"h5\",\"show_content\":false,\"show_image\":true,\"show_link\":true,\"show_meta\":true,\"show_title\":true,\"table_hover\":false,\"table_justify\":true,\"table_last_align\":\"right\",\"table_layout\":\"1\",\"table_order\":\"1\",\"table_responsive\":\"responsive\",\"table_style\":\"divider\",\"table_vertical_align\":true,\"table_width_content\":\"small\",\"table_width_meta\":\"shrink\",\"table_width_title\":\"\",\"text_align\":\"left\",\"text_align_breakpoint\":\"m\",\"text_align_fallback\":\"center\",\"title_style\":\"h5\"}}]}]}],\"name\":\"contact2\"},{\"type\":\"section\",\"props\":{\"css\":\".el-section{\\n\\tbackground-color: #ccc;\\n    color: black;\\n}\",\"image_position\":\"center-center\",\"padding\":\"xsmall\",\"style\":\"default\",\"title_breakpoint\":\"xl\",\"title_position\":\"top-left\",\"title_rotation\":\"left\",\"vertical_align\":\"\",\"width\":\"large\"},\"children\":[{\"type\":\"row\",\"props\":{\"layout\":\"1-3,2-3\"},\"children\":[{\"type\":\"column\",\"props\":{\"image_position\":\"center-center\",\"position_sticky_breakpoint\":\"m\",\"width_medium\":\"1-3\"},\"children\":[{\"type\":\"text\",\"props\":{\"column_breakpoint\":\"m\",\"content\":\"\n\n<h3><span>\\u0417\\u0430 \\u043f\\u0440\\u043e\\u0435\\u043a\\u0442\\u0430::<\\\/span><\\\/h3>\\n\n\n<p><span>UPSTAIRS \\u0435 \\u043f\\u0440\\u043e\\u0435\\u043a\\u0442 \\u043f\\u043e \\u0415\\u0440\\u0430\\u0437\\u044a\\u043c+, \\u043a\\u043e\\u0439\\u0442\\u043e \\u0438\\u043c\\u0430 \\u0437\\u0430 \\u0446\\u0435\\u043b \\u0434\\u0430 \\u0442\\u0440\\u0430\\u043d\\u0441\\u0444\\u043e\\u0440\\u043c\\u0438\\u0440\\u0430 \\u043f\\u0440\\u0435\\u0445\\u043e\\u0434\\u0430 \\u043a\\u044a\\u043c \\u043d\\u0430\\u0447\\u0430\\u043b\\u043d\\u043e\\u0442\\u043e \\u0443\\u0447\\u0438\\u043b\\u0438\\u0449\\u0435 \\u043e\\u0442 \\u0441\\u0442\\u0440\\u0435\\u0441\\u0438\\u0440\\u0430\\u0449 \\u043f\\u0435\\u0440\\u0438\\u043e\\u0434 \\u0432 \\u0442\\u0432\\u043e\\u0440\\u0447\\u0435\\u0441\\u043a\\u0438, \\u043a\\u043e\\u0435\\u0442\\u043e \\u0432\\u043e\\u0434\\u0438 \\u0434\\u043e \\u0449\\u0430\\u0441\\u0442\\u043b\\u0438\\u0432\\u0438, \\u0443\\u0432\\u0435\\u0440\\u0435\\u043d\\u0438 \\u0438 \\u0433\\u043e\\u0442\\u043e\\u0432\\u0438 \\u0434\\u0430 \\u0441\\u0438 \\u0441\\u044a\\u0442\\u0440\\u0443\\u0434\\u043d\\u0438\\u0447\\u0430\\u0442 \\u0434\\u0435\\u0446\\u0430.<\\\/span><\\\/p>\",\"margin\":\"default\"}}]},{\"type\":\"column\",\"props\":{\"image_position\":\"center-center\",\"position_sticky_breakpoint\":\"m\",\"width_medium\":\"2-3\"},\"children\":[{\"type\":\"text\",\"props\":{\"column_breakpoint\":\"m\",\"content\":\"\n\n<h3><span>Erasmus+<\\\/span><\\\/h3>\\n\n\n<p><span>\\u0424\\u0438\\u043d\\u0430\\u043d\\u0441\\u0438\\u0440\\u0430\\u043d \\u043e\\u0442 \\u0415\\u0432\\u0440\\u043e\\u043f\\u0435\\u0439\\u0441\\u043a\\u0438\\u044f \\u0441\\u044a\\u044e\\u0437. \\u0418\\u0437\\u0440\\u0430\\u0437\\u0435\\u043d\\u0438\\u0442\\u0435 \\u0432\\u044a\\u0437\\u0433\\u043b\\u0435\\u0434\\u0438 \\u0438 \\u043c\\u043d\\u0435\\u043d\\u0438\\u044f \\u043e\\u0431\\u0430\\u0447\\u0435 \\u0441\\u0430 \\u0441\\u0430\\u043c\\u043e \\u043d\\u0430 \\u0430\\u0432\\u0442\\u043e\\u0440\\u0430(\\u0438\\u0442\\u0435) \\u0438 \\u043d\\u0435 \\u043e\\u0442\\u0440\\u0430\\u0437\\u044f\\u0432\\u0430\\u0442 \\u043d\\u0435\\u043f\\u0440\\u0435\\u043c\\u0435\\u043d\\u043d\\u043e \\u0442\\u0435\\u0437\\u0438 \\u043d\\u0430 \\u0415\\u0432\\u0440\\u043e\\u043f\\u0435\\u0439\\u0441\\u043a\\u0438\\u044f \\u0441\\u044a\\u044e\\u0437 \\u0438\\u043b\\u0438 \\u0415\\u0432\\u0440\\u043e\\u043f\\u0435\\u0439\\u0441\\u043a\\u0430\\u0442\\u0430 \\u0438\\u0437\\u043f\\u044a\\u043b\\u043d\\u0438\\u0442\\u0435\\u043b\\u043d\\u0430 \\u0430\\u0433\\u0435\\u043d\\u0446\\u0438\\u044f \\u0437\\u0430 \\u043e\\u0431\\u0440\\u0430\\u0437\\u043e\\u0432\\u0430\\u043d\\u0438\\u0435 \\u0438 \\u043a\\u0443\\u043b\\u0442\\u0443\\u0440\\u0430 (EACEA). \\u041d\\u0438\\u0442\\u043e \\u0415\\u0432\\u0440\\u043e\\u043f\\u0435\\u0439\\u0441\\u043a\\u0438\\u044f\\u0442 \\u0441\\u044a\\u044e\\u0437, \\u043d\\u0438\\u0442\\u043e EACEA \\u043c\\u043e\\u0433\\u0430\\u0442 \\u0434\\u0430 \\u043d\\u043e\\u0441\\u044f\\u0442 \\u043e\\u0442\\u0433\\u043e\\u0432\\u043e\\u0440\\u043d\\u043e\\u0441\\u0442 \\u0437\\u0430 \\u0442\\u044f\\u0445.<\\\/span><\\\/p>\\n\n\n<p><span>\\u041d\\u043e\\u043c\\u0435\\u0440 \\u043d\\u0430 \\u043f\\u0440\\u043e\\u0435\\u043a\\u0442\\u0430<\\\/span>: 2022-1- KA220-SCH-7767B436<\\\/p>\",\"margin\":\"default\"}},{\"type\":\"image\",\"props\":{\"image\":\"wp-content\\\/uploads\\\/2023\\\/02\\\/Picture1.png\",\"image_height\":\"100\",\"image_svg_color\":\"emphasis\",\"margin\":\"default\",\"text_align\":\"left\"}}]}]}],\"name\":\"Footer_bu\"}],\"version\":\"4.4.6\"} --><\/p>\n","protected":false},"excerpt":{"rendered":"<p>\u0421\u0432\u044a\u0440\u0436\u0435\u0442\u0435 \u0441\u0435 \u0441 \u043f\u0430\u0440\u0442\u043d\u044c\u043e\u0440\u0438\u0442\u0435, \u0443\u0447\u0430\u0441\u0442\u0432\u0430\u0449\u0438 \u0432 \u043f\u0440\u043e\u0435\u043a\u0442\u0430 DV PAHULJICA &#8211; Croatia Sanja Grozdani\u0107 \u043a\u043e\u043d\u0442\u0430\u043a\u0442 \u2192 PEDAGOGICAL UNIVERSITY OF CRACOW &#8211; Poland Tomasz Szemberg Recruiting \u043a\u043e\u043d\u0442\u0430\u043a\u0442 \u2192 IDEC &#8211; Greece Irene Gkotsi \u043a\u043e\u043d\u0442\u0430\u043a\u0442 \u2192 AKATA MAKATA &#8211; Greece Venia Soumpenioti \u043a\u043e\u043d\u0442\u0430\u043a\u0442 \u2192 LITTLE STEPS &#8211; Bulgaria Nadejda Raycheva \u043a\u043e\u043d\u0442\u0430\u043a\u0442 \u2192 AGRUPAMENTO DE ESCOLAS JOS\u00c9 EST\u00caV\u00c3O &#8211; [&hellip;]<\/p>\n","protected":false},"author":1,"featured_media":0,"parent":0,"menu_order":0,"comment_status":"closed","ping_status":"closed","template":"","meta":{"footnotes":""},"class_list":["post-599","page","type-page","status-publish","hentry"],"_links":{"self":[{"href":"https:\/\/transition2primary.eu\/bg\/wp-json\/wp\/v2\/pages\/599"}],"collection":[{"href":"https:\/\/transition2primary.eu\/bg\/wp-json\/wp\/v2\/pages"}],"about":[{"href":"https:\/\/transition2primary.eu\/bg\/wp-json\/wp\/v2\/types\/page"}],"author":[{"embeddable":true,"href":"https:\/\/transition2primary.eu\/bg\/wp-json\/wp\/v2\/users\/1"}],"replies":[{"embeddable":true,"href":"https:\/\/transition2primary.eu\/bg\/wp-json\/wp\/v2\/comments?post=599"}],"version-history":[{"count":5,"href":"https:\/\/transition2primary.eu\/bg\/wp-json\/wp\/v2\/pages\/599\/revisions"}],"predecessor-version":[{"id":9847,"href":"https:\/\/transition2primary.eu\/bg\/wp-json\/wp\/v2\/pages\/599\/revisions\/9847"}],"wp:attachment":[{"href":"https:\/\/transition2primary.eu\/bg\/wp-json\/wp\/v2\/media?parent=599"}],"curies":[{"name":"wp","href":"https:\/\/api.w.org\/{rel}","templated":true}]}}